{"id":3651,"date":"2024-03-05T09:58:20","date_gmt":"2024-03-05T08:58:20","guid":{"rendered":"https:\/\/www.lebens-qi.at\/qishop\/produkt\/urvertrauen-raeucherstaebchen\/"},"modified":"2025-09-17T10:36:26","modified_gmt":"2025-09-17T08:36:26","slug":"urvertrauen-raeucherstaebchen","status":"publish","type":"product","link":"https:\/\/www.lebens-qi.at\/qishop\/produkt\/urvertrauen-raeucherstaebchen\/","title":{"rendered":"Urvertrauen &#8211; R\u00e4ucherst\u00e4bchen"},"content":{"rendered":"<p><strong>\u2022 <span style=\"color: #00ff00;\">Urvertrauen<\/span> \u2022<\/strong><\/p>\n<p>Der Duft der Rose wirkt stimmungsaufhellend und der des Safrans stimulierend und erhebend. Diese Duftkomposition wirkt prim\u00e4r auf der Ebene der Gef\u00fchle und unterst\u00fctzt die Ausdehnung von Optimismus, Freude und Vertrauen in den rechten Lauf der Dinge. Der leichte Weihrauchton in dieser Mischung hilft dabei, negative Energien zu l\u00f6sen und fernzuhalten.<\/p>\n<p><b>Inhaltsstoffe: <\/b>Rosen\u00f6l- und bl\u00fcten, Ayurvedisches Puder aus Safranbl\u00e4ttern, Weihrauch, Sandelholzpulver, San\u00addelholzpulver (\u00e4u\u00dfere Rinde), Litsea Sebifera, Ayurvedische Kr\u00e4utermischung (Himalaya Eibe, Costuswurzel, Hedychium spicatum, Zypresse etc.)<\/p>\n<ul class=\"product--base-info list--unstyled\">\n<li>Handgerollt<\/li>\n<li>Nach traditionellen Rezepturen hergestellt<\/li>\n<li>Zur Unterst\u00fctzung Ihres Seelenlebens<\/li>\n<li>Berk Qualit\u00e4tsr\u00e4ucherung<\/li>\n<\/ul>\n<p><strong><span style=\"color: #800080;\">~~~ Mystic Line \u2013 Die mystische Linie ~~~<\/span><br \/>\n<\/strong><\/p>\n<p>Der Kosmos stellt uns alles zur Verf\u00fcgung, was wir brauchen, um ein gl\u00fcckliches und ausgeglichenes Leben im Einklang mit dem G\u00f6ttlichen zu f\u00fchren. So beheimatet Mutter Erde viele verschiedene Pflanzen, die uns helfen k\u00f6nnen, uns zu entspannen, zu konzentrieren, unsere kreativen F\u00e4higkeiten zu aktivieren und vieles mehr. In dieser speziellen R\u00e4ucherst\u00e4bchenlinie haben wir die Kr\u00e4fte verschiedener Pflanzen in jeweils eine bestimmten Richtung geb\u00fcndelt. So kann man nun leicht das jeweilige St\u00e4bchen zur Unterst\u00fctzung seines Seelenlebens helfend einsetzen.\u00a0 <em>Selbstverst\u00e4ndlich sind diese St\u00e4bchen in gewohnt guter Qualit\u00e4t ohne chemische Zus\u00e4tze und per Hand gerollt hergestellt.<\/em><\/p>\n<p>Nettoinhalt pro Packung 10 g<\/p>\n","protected":false},"excerpt":{"rendered":"<p>Optimismus, Freude &amp; Vertrauen<\/p>\n","protected":false},"featured_media":11728,"comment_status":"open","ping_status":"closed","template":"","meta":{"_links_to":"","_links_to_target":""},"pwb-brand":[307],"product_brand":[],"product_cat":[683],"product_tag":[247,712,1032,681,422,1969,466,680,227,1688,228,121,537,1022,403],"class_list":{"0":"post-3651","1":"product","2":"type-product","3":"status-publish","4":"has-post-thumbnail","6":"pwb-brand-berk","7":"product_cat-mystic-line","8":"product_tag-ayurveda","9":"product_tag-berk","10":"product_tag-freude","11":"product_tag-holy-smokes","12":"product_tag-litsea","13":"product_tag-optimismus","14":"product_tag-raeuchern","15":"product_tag-raeucherstaebchen","16":"product_tag-rose","17":"product_tag-safran","18":"product_tag-sandelholz","19":"product_tag-schutz","20":"product_tag-urvertrauen","21":"product_tag-vertrauen","22":"product_tag-weihrauch","23":"pa_herkunft-indien","25":"first","26":"instock","27":"taxable","28":"shipping-taxable","29":"purchasable","30":"product-type-simple"},"blog_post_layout_featured_media_urls":{"thumbnail":["https:\/\/www.lebens-qi.at\/qishop\/wp-content\/uploads\/HS-806_1-urvertrauen-mystic-line-150x150.jpg",150,150,true],"full":["https:\/\/www.lebens-qi.at\/qishop\/wp-content\/uploads\/HS-806_1-urvertrauen-mystic-line.jpg",800,800,false]},"categories":["307"],"categories_names":{"307":{"name":"Berk","link":"https:\/\/www.lebens-qi.at\/qishop\/brand\/berk\/"}},"comments_number":"0","brands":[{"id":307,"name":"Berk","slug":"berk"}],"_links":{"self":[{"href":"https:\/\/www.lebens-qi.at\/qishop\/wp-json\/wp\/v2\/product\/3651","targetHints":{"allow":["GET"]}}],"collection":[{"href":"https:\/\/www.lebens-qi.at\/qishop\/wp-json\/wp\/v2\/product"}],"about":[{"href":"https:\/\/www.lebens-qi.at\/qishop\/wp-json\/wp\/v2\/types\/product"}],"replies":[{"embeddable":true,"href":"https:\/\/www.lebens-qi.at\/qishop\/wp-json\/wp\/v2\/comments?post=3651"}],"wp:featuredmedia":[{"embeddable":true,"href":"https:\/\/www.lebens-qi.at\/qishop\/wp-json\/wp\/v2\/media\/11728"}],"wp:attachment":[{"href":"https:\/\/www.lebens-qi.at\/qishop\/wp-json\/wp\/v2\/media?parent=3651"}],"wp:term":[{"taxonomy":"pwb-brand","embeddable":true,"href":"https:\/\/www.lebens-qi.at\/qishop\/wp-json\/wp\/v2\/pwb-brand?post=3651"},{"taxonomy":"product_brand","embeddable":true,"href":"https:\/\/www.lebens-qi.at\/qishop\/wp-json\/wp\/v2\/product_brand?post=3651"},{"taxonomy":"product_cat","embeddable":true,"href":"https:\/\/www.lebens-qi.at\/qishop\/wp-json\/wp\/v2\/product_cat?post=3651"},{"taxonomy":"product_tag","embeddable":true,"href":"https:\/\/www.lebens-qi.at\/qishop\/wp-json\/wp\/v2\/product_tag?post=3651"}],"curies":[{"name":"wp","href":"https:\/\/api.w.org\/{rel}","templated":true}]}}