{"id":3653,"date":"2024-03-05T09:58:21","date_gmt":"2024-03-05T08:58:21","guid":{"rendered":"https:\/\/www.lebens-qi.at\/qishop\/produkt\/mystic-experience-raeucherstaebchen\/"},"modified":"2025-09-17T10:36:25","modified_gmt":"2025-09-17T08:36:25","slug":"mystic-experience-raeucherstaebchen","status":"publish","type":"product","link":"https:\/\/www.lebens-qi.at\/qishop\/produkt\/mystic-experience-raeucherstaebchen\/","title":{"rendered":"Mystic Experience &#8211; R\u00e4ucherst\u00e4bchen"},"content":{"rendered":"<p><b>Sortimentspackung &#8211; je 2 R\u00e4ucherst\u00e4bchen von allen 7 Sorten Mystic Line<\/b><\/p>\n<p><strong>\u2022 <span style=\"color: #00ff00;\">Urvertrauen<\/span> \u2022 <span style=\"color: #3366ff;\">Entspannung<\/span> \u2022 <span style=\"color: #993300;\">Spirituelle Liebe<\/span> \u2022 <span style=\"color: #00ffff;\">Sinnlichkeit<\/span> \u2022 <span style=\"color: #993366;\">Schutz<\/span> \u2022 <span style=\"color: #ffcc00;\">Innere Sonne<\/span> \u2022 <span style=\"color: #ff6600;\">Kreativit\u00e4t<\/span> \u2022<\/strong><\/p>\n<div class=\"product--buybox block\">\n<ul class=\"product--base-info list--unstyled\">\n<li>Handgerollt<\/li>\n<li>Nach traditionellen Rezepturen hergestellt<\/li>\n<li>Zur Unterst\u00fctzung Ihres Seelenlebens<\/li>\n<li>Berk Qualit\u00e4tsr\u00e4ucherung<\/li>\n<\/ul>\n<\/div>\n<p><strong>Top zum Kennenlernen aller Sorten dieser Serie! <\/strong><em><br \/>\n<\/em><\/p>\n<p><strong><span style=\"color: #800080;\">~~~ Mystic Line &#8211; Die mystische Linie ~~~<\/span><br \/>\n<\/strong><\/p>\n<p>Der Kosmos stellt uns alles zur Verf\u00fcgung, was wir brauchen, um ein gl\u00fcckliches und ausgeglichenes Leben im Einklang mit dem G\u00f6ttlichen zu f\u00fchren. So beheimatet Mutter Erde viele verschiedene Pflanzen, die uns helfen k\u00f6nnen, uns zu entspannen, zu konzentrieren, unsere kreativen F\u00e4higkeiten zu aktivieren und vieles mehr. In dieser speziellen R\u00e4ucherst\u00e4bchenlinie haben wir die Kr\u00e4fte verschiedener Pflanzen in jeweils eine bestimmten Richtung geb\u00fcndelt. So kann man nun leicht das jeweilige St\u00e4bchen zur Unterst\u00fctzung seines Seelenlebens helfend einsetzen.\u00a0 <em>Selbstverst\u00e4ndlich sind diese St\u00e4bchen in gewohnt guter Qualit\u00e4t ohne chemische Zus\u00e4tze und per Hand gerollt hergestellt.<\/em><\/p>\n<p>Inhalt: je 2 R\u00e4ucherst\u00e4bchen von jeder Mystic Line Sorte (7 x 2 R\u00e4ucherst\u00e4bchen = ca. 14 g)<\/p>\n","protected":false},"excerpt":{"rendered":"<p>Mystic Line Sortimentspackung<\/p>\n","protected":false},"featured_media":11719,"comment_status":"open","ping_status":"closed","template":"","meta":{"_links_to":"","_links_to_target":""},"pwb-brand":[307],"product_brand":[],"product_cat":[683],"product_tag":[712,535,681,1291,645,174,466,680,121,637,691,537],"class_list":{"0":"post-3653","1":"product","2":"type-product","3":"status-publish","4":"has-post-thumbnail","6":"pwb-brand-berk","7":"product_cat-mystic-line","8":"product_tag-berk","9":"product_tag-entspannung","10":"product_tag-holy-smokes","11":"product_tag-kreativitaet","12":"product_tag-lebensfreude","13":"product_tag-liebe","14":"product_tag-raeuchern","15":"product_tag-raeucherstaebchen","16":"product_tag-schutz","17":"product_tag-sinnlichkeit","18":"product_tag-sortiment","19":"product_tag-urvertrauen","20":"pa_herkunft-indien","22":"first","23":"instock","24":"taxable","25":"shipping-taxable","26":"purchasable","27":"product-type-simple"},"blog_post_layout_featured_media_urls":{"thumbnail":["https:\/\/www.lebens-qi.at\/qishop\/wp-content\/uploads\/HS-MY_1-mystic-line-sortiment-150x150.jpg",150,150,true],"full":["https:\/\/www.lebens-qi.at\/qishop\/wp-content\/uploads\/HS-MY_1-mystic-line-sortiment.jpg",800,800,false]},"categories":["307"],"categories_names":{"307":{"name":"Berk","link":"https:\/\/www.lebens-qi.at\/qishop\/brand\/berk\/"}},"comments_number":"0","brands":[{"id":307,"name":"Berk","slug":"berk"}],"_links":{"self":[{"href":"https:\/\/www.lebens-qi.at\/qishop\/wp-json\/wp\/v2\/product\/3653","targetHints":{"allow":["GET"]}}],"collection":[{"href":"https:\/\/www.lebens-qi.at\/qishop\/wp-json\/wp\/v2\/product"}],"about":[{"href":"https:\/\/www.lebens-qi.at\/qishop\/wp-json\/wp\/v2\/types\/product"}],"replies":[{"embeddable":true,"href":"https:\/\/www.lebens-qi.at\/qishop\/wp-json\/wp\/v2\/comments?post=3653"}],"wp:featuredmedia":[{"embeddable":true,"href":"https:\/\/www.lebens-qi.at\/qishop\/wp-json\/wp\/v2\/media\/11719"}],"wp:attachment":[{"href":"https:\/\/www.lebens-qi.at\/qishop\/wp-json\/wp\/v2\/media?parent=3653"}],"wp:term":[{"taxonomy":"pwb-brand","embeddable":true,"href":"https:\/\/www.lebens-qi.at\/qishop\/wp-json\/wp\/v2\/pwb-brand?post=3653"},{"taxonomy":"product_brand","embeddable":true,"href":"https:\/\/www.lebens-qi.at\/qishop\/wp-json\/wp\/v2\/product_brand?post=3653"},{"taxonomy":"product_cat","embeddable":true,"href":"https:\/\/www.lebens-qi.at\/qishop\/wp-json\/wp\/v2\/product_cat?post=3653"},{"taxonomy":"product_tag","embeddable":true,"href":"https:\/\/www.lebens-qi.at\/qishop\/wp-json\/wp\/v2\/product_tag?post=3653"}],"curies":[{"name":"wp","href":"https:\/\/api.w.org\/{rel}","templated":true}]}}