{"id":3660,"date":"2024-03-05T09:58:24","date_gmt":"2024-03-05T08:58:24","guid":{"rendered":"https:\/\/www.lebens-qi.at\/qishop\/produkt\/engel-der-fuelle-raeucherstaebchen\/"},"modified":"2025-09-17T10:36:21","modified_gmt":"2025-09-17T08:36:21","slug":"engel-der-fuelle-raeucherstaebchen","status":"publish","type":"product","link":"https:\/\/www.lebens-qi.at\/qishop\/produkt\/engel-der-fuelle-raeucherstaebchen\/","title":{"rendered":"Engel der F\u00fclle &#8211; R\u00e4ucherst\u00e4bchen"},"content":{"rendered":"<p>Die herrliche Kraft des<b> Engels der <span style=\"color: #ff6600;\">F\u00fclle <\/span><\/b>\u00f6ffnet deine Augen f\u00fcr den wahren Reichtum in deinem Leben.<\/p>\n<p><strong>Inhaltsstoffe:<\/strong> Myrrhe, Vetiver, Sandelholz, Jasmin u.a.<\/p>\n<div class=\"product--buybox block\">\n<ul class=\"product--base-info list--unstyled\">\n<li>Handgerollt<\/li>\n<li>Absolut naturrein<\/li>\n<li><span class=\"entry--content\">Die Bestandteile wurden auf die entsprechenden Engelkr\u00e4fte abgestimmt<\/span><\/li>\n<li>Berk Qualit\u00e4tsr\u00e4ucherung<\/li>\n<\/ul>\n<\/div>\n<p><strong><span style=\"color: #99ccff;\">~~~ Angel Line \u2013 Naturreine Engelr\u00e4ucherst\u00e4bchen ~~~<\/span><br \/>\n<\/strong><\/p>\n<p>Wie alle Serien von Berk, werden auch die R\u00e4ucherst\u00e4bchen der Angel Line nach eigenen Rezepturen von Hand gerollt. Sie sind 100% naturrein. Die Bestandteile wurden entsprechend der Engelkr\u00e4fte sorgsam zusammengestellt. Stimme dich ein auf die Welt der Engel! Die entsprechende Engelgruppe wird dir ganz nah zur Seite stehen, dich f\u00fchren und geleiten\u2026 <em>Selbstverst\u00e4ndlich sind diese St\u00e4bchen in bester Qualit\u00e4t ohne chemische Zus\u00e4tze und per Hand gerollt hergestellt.<\/em><\/p>\n<p>Nettoinhalt pro Packung 10 g<\/p>\n","protected":false},"excerpt":{"rendered":"<p>Abundance &#8211; \u00dcberfluss und Reichtum<\/p>\n","protected":false},"featured_media":11759,"comment_status":"open","ping_status":"closed","template":"","meta":{"_links_to":"","_links_to_target":""},"pwb-brand":[307],"product_brand":[],"product_cat":[684,953],"product_tag":[712,545,649,681,240,415,466,680,1268,228,2521,261,1267],"class_list":{"0":"post-3660","1":"product","2":"type-product","3":"status-publish","4":"has-post-thumbnail","6":"pwb-brand-berk","7":"product_cat-angel-line","8":"product_cat-raeuchern-mit-engeln","9":"product_tag-berk","10":"product_tag-engel","11":"product_tag-fuelle","12":"product_tag-holy-smokes","13":"product_tag-jasmin","14":"product_tag-myrrhe","15":"product_tag-raeuchern","16":"product_tag-raeucherstaebchen","17":"product_tag-reichtum","18":"product_tag-sandelholz","19":"product_tag-ueberfluss","20":"product_tag-vetiver","21":"product_tag-wohlstand","22":"pa_herkunft-indien","24":"first","25":"instock","26":"taxable","27":"shipping-taxable","28":"purchasable","29":"product-type-simple"},"blog_post_layout_featured_media_urls":{"thumbnail":["https:\/\/www.lebens-qi.at\/qishop\/wp-content\/uploads\/HS-741_1engel-fuelle-150x150.jpg",150,150,true],"full":["https:\/\/www.lebens-qi.at\/qishop\/wp-content\/uploads\/HS-741_1engel-fuelle.jpg",800,800,false]},"categories":["307"],"categories_names":{"307":{"name":"Berk","link":"https:\/\/www.lebens-qi.at\/qishop\/brand\/berk\/"}},"comments_number":"0","brands":[{"id":307,"name":"Berk","slug":"berk"}],"_links":{"self":[{"href":"https:\/\/www.lebens-qi.at\/qishop\/wp-json\/wp\/v2\/product\/3660","targetHints":{"allow":["GET"]}}],"collection":[{"href":"https:\/\/www.lebens-qi.at\/qishop\/wp-json\/wp\/v2\/product"}],"about":[{"href":"https:\/\/www.lebens-qi.at\/qishop\/wp-json\/wp\/v2\/types\/product"}],"replies":[{"embeddable":true,"href":"https:\/\/www.lebens-qi.at\/qishop\/wp-json\/wp\/v2\/comments?post=3660"}],"wp:featuredmedia":[{"embeddable":true,"href":"https:\/\/www.lebens-qi.at\/qishop\/wp-json\/wp\/v2\/media\/11759"}],"wp:attachment":[{"href":"https:\/\/www.lebens-qi.at\/qishop\/wp-json\/wp\/v2\/media?parent=3660"}],"wp:term":[{"taxonomy":"pwb-brand","embeddable":true,"href":"https:\/\/www.lebens-qi.at\/qishop\/wp-json\/wp\/v2\/pwb-brand?post=3660"},{"taxonomy":"product_brand","embeddable":true,"href":"https:\/\/www.lebens-qi.at\/qishop\/wp-json\/wp\/v2\/product_brand?post=3660"},{"taxonomy":"product_cat","embeddable":true,"href":"https:\/\/www.lebens-qi.at\/qishop\/wp-json\/wp\/v2\/product_cat?post=3660"},{"taxonomy":"product_tag","embeddable":true,"href":"https:\/\/www.lebens-qi.at\/qishop\/wp-json\/wp\/v2\/product_tag?post=3660"}],"curies":[{"name":"wp","href":"https:\/\/api.w.org\/{rel}","templated":true}]}}