{"id":3668,"date":"2024-03-05T09:58:28","date_gmt":"2024-03-05T08:58:28","guid":{"rendered":"https:\/\/www.lebens-qi.at\/qishop\/produkt\/engel-des-vertrauens-raeucherstaebchen\/"},"modified":"2025-09-17T10:36:14","modified_gmt":"2025-09-17T08:36:14","slug":"engel-des-vertrauens-raeucherstaebchen","status":"publish","type":"product","link":"https:\/\/www.lebens-qi.at\/qishop\/produkt\/engel-des-vertrauens-raeucherstaebchen\/","title":{"rendered":"Engel des Vertrauens &#8211; R\u00e4ucherst\u00e4bchen"},"content":{"rendered":"<p>Der <strong>Engel des <span style=\"color: #3366ff;\">Vertrauens<\/span><\/strong> belebt deine Seelenkraft und schenkt dir die s\u00fc\u00dfe Gnade der Hingabe.<\/p>\n<p><strong>Inhaltsstoffe:<\/strong> Loban, Sandelholz, Neem, Rose u.a.<\/p>\n<div class=\"product--buybox block\">\n<ul class=\"product--base-info list--unstyled\">\n<li>Handgerollt<\/li>\n<li>Absolut naturrein<\/li>\n<li><span class=\"entry--content\">Die Bestandteile wurden auf die entsprechenden Engelkr\u00e4fte abgestimmt<\/span><\/li>\n<li>Berk Qualit\u00e4tsr\u00e4ucherung<\/li>\n<\/ul>\n<\/div>\n<p><strong><span style=\"color: #99ccff;\">~~~ Angel Line \u2013 Naturreine Engelr\u00e4ucherst\u00e4bchen ~~~<\/span><br \/>\n<\/strong><\/p>\n<p>Wie alle Serien von Berk, werden auch die R\u00e4ucherst\u00e4bchen der Angel Line nach eigenen Rezepturen von Hand gerollt. Sie sind 100% naturrein. Die Bestandteile wurden entsprechend der Engelkr\u00e4fte sorgsam zusammengestellt. Stimme dich ein auf die Welt der Engel! Die entsprechende Engelgruppe wird dir ganz nah zur Seite stehen, dich f\u00fchren und geleiten\u2026 <em>Selbstverst\u00e4ndlich sind diese St\u00e4bchen in bester Qualit\u00e4t ohne chemische Zus\u00e4tze und per Hand gerollt hergestellt.<\/em><\/p>\n<p>Nettoinhalt pro Packung 10 g<\/p>\n","protected":false},"excerpt":{"rendered":"<p>Confidence &#8211; Seelenkraft und Hingabe<\/p>\n","protected":false},"featured_media":11747,"comment_status":"open","ping_status":"closed","template":"","meta":{"_links_to":"","_links_to_target":""},"pwb-brand":[307],"product_brand":[],"product_cat":[684,953],"product_tag":[712,545,681,1676,1754,466,680,227,228,1022],"class_list":{"0":"post-3668","1":"product","2":"type-product","3":"status-publish","4":"has-post-thumbnail","6":"pwb-brand-berk","7":"product_cat-angel-line","8":"product_cat-raeuchern-mit-engeln","9":"product_tag-berk","10":"product_tag-engel","11":"product_tag-holy-smokes","12":"product_tag-loban","13":"product_tag-neem","14":"product_tag-raeuchern","15":"product_tag-raeucherstaebchen","16":"product_tag-rose","17":"product_tag-sandelholz","18":"product_tag-vertrauen","19":"pa_herkunft-indien","21":"first","22":"instock","23":"taxable","24":"shipping-taxable","25":"purchasable","26":"product-type-simple"},"blog_post_layout_featured_media_urls":{"thumbnail":["https:\/\/www.lebens-qi.at\/qishop\/wp-content\/uploads\/HS-745_1-engel-vertrauen-150x150.jpg",150,150,true],"full":["https:\/\/www.lebens-qi.at\/qishop\/wp-content\/uploads\/HS-745_1-engel-vertrauen.jpg",800,800,false]},"categories":["307"],"categories_names":{"307":{"name":"Berk","link":"https:\/\/www.lebens-qi.at\/qishop\/brand\/berk\/"}},"comments_number":"0","brands":[{"id":307,"name":"Berk","slug":"berk"}],"_links":{"self":[{"href":"https:\/\/www.lebens-qi.at\/qishop\/wp-json\/wp\/v2\/product\/3668","targetHints":{"allow":["GET"]}}],"collection":[{"href":"https:\/\/www.lebens-qi.at\/qishop\/wp-json\/wp\/v2\/product"}],"about":[{"href":"https:\/\/www.lebens-qi.at\/qishop\/wp-json\/wp\/v2\/types\/product"}],"replies":[{"embeddable":true,"href":"https:\/\/www.lebens-qi.at\/qishop\/wp-json\/wp\/v2\/comments?post=3668"}],"wp:featuredmedia":[{"embeddable":true,"href":"https:\/\/www.lebens-qi.at\/qishop\/wp-json\/wp\/v2\/media\/11747"}],"wp:attachment":[{"href":"https:\/\/www.lebens-qi.at\/qishop\/wp-json\/wp\/v2\/media?parent=3668"}],"wp:term":[{"taxonomy":"pwb-brand","embeddable":true,"href":"https:\/\/www.lebens-qi.at\/qishop\/wp-json\/wp\/v2\/pwb-brand?post=3668"},{"taxonomy":"product_brand","embeddable":true,"href":"https:\/\/www.lebens-qi.at\/qishop\/wp-json\/wp\/v2\/product_brand?post=3668"},{"taxonomy":"product_cat","embeddable":true,"href":"https:\/\/www.lebens-qi.at\/qishop\/wp-json\/wp\/v2\/product_cat?post=3668"},{"taxonomy":"product_tag","embeddable":true,"href":"https:\/\/www.lebens-qi.at\/qishop\/wp-json\/wp\/v2\/product_tag?post=3668"}],"curies":[{"name":"wp","href":"https:\/\/api.w.org\/{rel}","templated":true}]}}