{"id":3677,"date":"2024-03-05T10:42:54","date_gmt":"2024-03-05T09:42:54","guid":{"rendered":"https:\/\/www.lebens-qi.at\/qishop\/produkt\/tashi-healing-incense\/"},"modified":"2024-09-10T15:03:33","modified_gmt":"2024-09-10T13:03:33","slug":"tashi-healing-incense","status":"publish","type":"product","link":"https:\/\/www.lebens-qi.at\/qishop\/produkt\/tashi-healing-incense\/","title":{"rendered":"Tashi Healing Incense"},"content":{"rendered":"<p><b>Diese Tashi Healing R\u00e4ucherst\u00e4bchen sind aus nat\u00fcrlichen Kr\u00e4uter von Hand gerollt. Sie bestehen aus verschiedenen Zutaten wie Wei\u00dfes Sandelholz, Sal Dhoop, Hastanjali und vielen anderen Kr\u00e4utern.<\/b><br \/>\nDie Kombination dieser wunderbar duftenden Kr\u00e4uter macht den einzigartigen Duft der Tashi Healing R\u00e4ucherst\u00e4bchen aus. Sie sind frei von giftigen oder s\u00fcchtig machenden Substanzen. Tradtionell werden diese R\u00e4ucherst\u00e4bchen f\u00fcr Puja und zur Reinigung verwendet, aber auch als Lufterfrischer.<\/p>\n<p>Inhalt: 19 St\u00e4bchen, je 14 cm lang<br \/>\nohne Bambusst\u00e4bchen<br \/>\nBrenndauer je ca. 60 min<br \/>\nGesamtgewicht ca. 20 g<\/p>\n","protected":false},"excerpt":{"rendered":"<p>traditionelle tibetische R\u00e4ucherst\u00e4bchen<\/p>\n","protected":false},"featured_media":9165,"comment_status":"open","ping_status":"closed","template":"","meta":{"_links_to":"","_links_to_target":""},"pwb-brand":[],"product_brand":[],"product_cat":[685],"product_tag":[452,686,466,680],"class_list":{"0":"post-3677","1":"product","2":"type-product","3":"status-publish","4":"has-post-thumbnail","6":"product_cat-tibetische-raeucherstaebchen","7":"product_tag-nepal","8":"product_tag-ohne-bambusstaebchen","9":"product_tag-raeuchern","10":"product_tag-raeucherstaebchen","11":"pa_herkunft-nepal","13":"first","14":"instock","15":"taxable","16":"shipping-taxable","17":"purchasable","18":"product-type-simple"},"blog_post_layout_featured_media_urls":{"thumbnail":["https:\/\/www.lebens-qi.at\/qishop\/wp-content\/uploads\/tr-16-tashi-healing-150x150.jpg",150,150,true],"full":["https:\/\/www.lebens-qi.at\/qishop\/wp-content\/uploads\/tr-16-tashi-healing.jpg",600,600,false]},"categories":null,"categories_names":null,"comments_number":"0","brands":[],"_links":{"self":[{"href":"https:\/\/www.lebens-qi.at\/qishop\/wp-json\/wp\/v2\/product\/3677","targetHints":{"allow":["GET"]}}],"collection":[{"href":"https:\/\/www.lebens-qi.at\/qishop\/wp-json\/wp\/v2\/product"}],"about":[{"href":"https:\/\/www.lebens-qi.at\/qishop\/wp-json\/wp\/v2\/types\/product"}],"replies":[{"embeddable":true,"href":"https:\/\/www.lebens-qi.at\/qishop\/wp-json\/wp\/v2\/comments?post=3677"}],"wp:featuredmedia":[{"embeddable":true,"href":"https:\/\/www.lebens-qi.at\/qishop\/wp-json\/wp\/v2\/media\/9165"}],"wp:attachment":[{"href":"https:\/\/www.lebens-qi.at\/qishop\/wp-json\/wp\/v2\/media?parent=3677"}],"wp:term":[{"taxonomy":"pwb-brand","embeddable":true,"href":"https:\/\/www.lebens-qi.at\/qishop\/wp-json\/wp\/v2\/pwb-brand?post=3677"},{"taxonomy":"product_brand","embeddable":true,"href":"https:\/\/www.lebens-qi.at\/qishop\/wp-json\/wp\/v2\/product_brand?post=3677"},{"taxonomy":"product_cat","embeddable":true,"href":"https:\/\/www.lebens-qi.at\/qishop\/wp-json\/wp\/v2\/product_cat?post=3677"},{"taxonomy":"product_tag","embeddable":true,"href":"https:\/\/www.lebens-qi.at\/qishop\/wp-json\/wp\/v2\/product_tag?post=3677"}],"curies":[{"name":"wp","href":"https:\/\/api.w.org\/{rel}","templated":true}]}}