{"id":3684,"date":"2024-03-05T10:42:57","date_gmt":"2024-03-05T09:42:57","guid":{"rendered":"https:\/\/www.lebens-qi.at\/qishop\/produkt\/tara-healing-incense-einzelpackung\/"},"modified":"2024-03-05T10:57:14","modified_gmt":"2024-03-05T09:57:14","slug":"tara-healing-incense-einzelpackung","status":"publish","type":"product","link":"https:\/\/www.lebens-qi.at\/qishop\/produkt\/tara-healing-incense-einzelpackung\/","title":{"rendered":"Tara Healing Incense Einzelpackung"},"content":{"rendered":"<p><b>Tara Healing Incense<\/b><br \/>\nSpecial Inhalent for Relieving Stress, Tension and Depression<\/p>\n<p>werden seit Jahrhunderten benutzt. Sie helfen, unser Gem\u00fct in eine ausgeglichene und positive Richtung zu lenken. Sie bestehen <b>aus reinen, seltenen Kr\u00e4utern<\/b> und werden nach der alten tibetischen Tradition von Hand zubereitet.<br \/>\n\u2022 Aus einer Vielzahl von Himalaya-Kr\u00e4utern und ohne Bambusstab<br \/>\n\u2022 In h\u00fcbscher Verpackung aus \u00f6kologischem Reispapier<br \/>\n\u2022 Mit ausf\u00fchrlicher Produktbeschreibung<\/p>\n<p>Tara Healing R\u00e4ucherst\u00e4bchen &#8211; einfach anz\u00fcnden und die Wirkung selbst erfahren<br \/>\nHergestellt aus 31 verschiedenen Kr\u00e4utern im Tashi Choeling Kloster<br \/>\n<b><br \/>\nInhalt: <\/b>1 Packungen mit 28 g, L\u00e4nge 15 cm<\/p>\n<p>In tibetischen Kl\u00f6stern nach uralten Rezepten aus den wirksamsten Kr\u00e4utern des Himalaya hergestellt, die entsprechend den Rhythmen der Natur gesammelt werden. Tibetische R\u00e4ucherst\u00e4bchen werden ohne Bambusst\u00e4bchen hergestellt! Sie sind in der Lage, das Bewusstsein ihrer Benutzer in sehr tiefe Schichten zu f\u00fchren.<\/p>\n","protected":false},"excerpt":{"rendered":"<p>traditionelle R\u00e4ucherst\u00e4bchen in Geschenkbox<\/p>\n","protected":false},"featured_media":3711,"comment_status":"open","ping_status":"closed","template":"","meta":{"_links_to":"","_links_to_target":""},"pwb-brand":[],"product_brand":[],"product_cat":[685],"product_tag":[686,466,680],"class_list":{"0":"post-3684","1":"product","2":"type-product","3":"status-publish","4":"has-post-thumbnail","6":"product_cat-tibetische-raeucherstaebchen","7":"product_tag-ohne-bambusstaebchen","8":"product_tag-raeuchern","9":"product_tag-raeucherstaebchen","11":"first","12":"instock","13":"taxable","14":"shipping-taxable","15":"purchasable","16":"product-type-simple"},"blog_post_layout_featured_media_urls":{"thumbnail":["https:\/\/www.lebens-qi.at\/qishop\/wp-content\/uploads\/HS-349_1-einzelpackung-150x150.jpg",150,150,true],"full":["https:\/\/www.lebens-qi.at\/qishop\/wp-content\/uploads\/HS-349_1-einzelpackung.jpg",513,513,false]},"categories":null,"categories_names":null,"comments_number":"0","brands":[],"_links":{"self":[{"href":"https:\/\/www.lebens-qi.at\/qishop\/wp-json\/wp\/v2\/product\/3684","targetHints":{"allow":["GET"]}}],"collection":[{"href":"https:\/\/www.lebens-qi.at\/qishop\/wp-json\/wp\/v2\/product"}],"about":[{"href":"https:\/\/www.lebens-qi.at\/qishop\/wp-json\/wp\/v2\/types\/product"}],"replies":[{"embeddable":true,"href":"https:\/\/www.lebens-qi.at\/qishop\/wp-json\/wp\/v2\/comments?post=3684"}],"wp:featuredmedia":[{"embeddable":true,"href":"https:\/\/www.lebens-qi.at\/qishop\/wp-json\/wp\/v2\/media\/3711"}],"wp:attachment":[{"href":"https:\/\/www.lebens-qi.at\/qishop\/wp-json\/wp\/v2\/media?parent=3684"}],"wp:term":[{"taxonomy":"pwb-brand","embeddable":true,"href":"https:\/\/www.lebens-qi.at\/qishop\/wp-json\/wp\/v2\/pwb-brand?post=3684"},{"taxonomy":"product_brand","embeddable":true,"href":"https:\/\/www.lebens-qi.at\/qishop\/wp-json\/wp\/v2\/product_brand?post=3684"},{"taxonomy":"product_cat","embeddable":true,"href":"https:\/\/www.lebens-qi.at\/qishop\/wp-json\/wp\/v2\/product_cat?post=3684"},{"taxonomy":"product_tag","embeddable":true,"href":"https:\/\/www.lebens-qi.at\/qishop\/wp-json\/wp\/v2\/product_tag?post=3684"}],"curies":[{"name":"wp","href":"https:\/\/api.w.org\/{rel}","templated":true}]}}