{"id":3688,"date":"2024-03-05T10:42:58","date_gmt":"2024-03-05T09:42:58","guid":{"rendered":"https:\/\/www.lebens-qi.at\/qishop\/produkt\/tashi-incense-tibetische-raeucherstaebchen\/"},"modified":"2025-04-15T16:32:10","modified_gmt":"2025-04-15T14:32:10","slug":"tashi-incense-tibetische-raeucherstaebchen","status":"publish","type":"product","link":"https:\/\/www.lebens-qi.at\/qishop\/produkt\/tashi-incense-tibetische-raeucherstaebchen\/","title":{"rendered":"Tashi Incense &#8211; tibetische R\u00e4ucherst\u00e4bchen"},"content":{"rendered":"<p><b>Diese Tashi tibetische R\u00e4ucherst\u00e4bchen sind aus nat\u00fcrlichen Kr\u00e4uter von Hand gerollt.<\/p>\n<p><\/b>ohne Bambusst\u00e4bchen<br \/>\nGesamtgewicht ca. 20 g<br \/>\nL\u00e4nge: ca. 21 cm<br \/>\nHerkunft: Nepal<\/p>\n","protected":false},"excerpt":{"rendered":"<p>traditionelle tibetische R\u00e4ucherst\u00e4bchen<\/p>\n","protected":false},"featured_media":3687,"comment_status":"open","ping_status":"closed","template":"","meta":{"_links_to":"","_links_to_target":""},"pwb-brand":[],"product_brand":[],"product_cat":[685],"product_tag":[686,466,680],"class_list":{"0":"post-3688","1":"product","2":"type-product","3":"status-publish","4":"has-post-thumbnail","6":"product_cat-tibetische-raeucherstaebchen","7":"product_tag-ohne-bambusstaebchen","8":"product_tag-raeuchern","9":"product_tag-raeucherstaebchen","11":"first","12":"instock","13":"taxable","14":"shipping-taxable","15":"purchasable","16":"product-type-simple"},"blog_post_layout_featured_media_urls":{"thumbnail":["https:\/\/www.lebens-qi.at\/qishop\/wp-content\/uploads\/tr-17-150x150.jpg",150,150,true],"full":["https:\/\/www.lebens-qi.at\/qishop\/wp-content\/uploads\/tr-17.jpg",600,600,false]},"categories":null,"categories_names":null,"comments_number":"0","brands":[],"_links":{"self":[{"href":"https:\/\/www.lebens-qi.at\/qishop\/wp-json\/wp\/v2\/product\/3688","targetHints":{"allow":["GET"]}}],"collection":[{"href":"https:\/\/www.lebens-qi.at\/qishop\/wp-json\/wp\/v2\/product"}],"about":[{"href":"https:\/\/www.lebens-qi.at\/qishop\/wp-json\/wp\/v2\/types\/product"}],"replies":[{"embeddable":true,"href":"https:\/\/www.lebens-qi.at\/qishop\/wp-json\/wp\/v2\/comments?post=3688"}],"wp:featuredmedia":[{"embeddable":true,"href":"https:\/\/www.lebens-qi.at\/qishop\/wp-json\/wp\/v2\/media\/3687"}],"wp:attachment":[{"href":"https:\/\/www.lebens-qi.at\/qishop\/wp-json\/wp\/v2\/media?parent=3688"}],"wp:term":[{"taxonomy":"pwb-brand","embeddable":true,"href":"https:\/\/www.lebens-qi.at\/qishop\/wp-json\/wp\/v2\/pwb-brand?post=3688"},{"taxonomy":"product_brand","embeddable":true,"href":"https:\/\/www.lebens-qi.at\/qishop\/wp-json\/wp\/v2\/product_brand?post=3688"},{"taxonomy":"product_cat","embeddable":true,"href":"https:\/\/www.lebens-qi.at\/qishop\/wp-json\/wp\/v2\/product_cat?post=3688"},{"taxonomy":"product_tag","embeddable":true,"href":"https:\/\/www.lebens-qi.at\/qishop\/wp-json\/wp\/v2\/product_tag?post=3688"}],"curies":[{"name":"wp","href":"https:\/\/api.w.org\/{rel}","templated":true}]}}