{"id":3728,"date":"2024-03-05T14:49:35","date_gmt":"2024-03-05T13:49:35","guid":{"rendered":"https:\/\/www.lebens-qi.at\/qishop\/?post_type=product&#038;p=3728"},"modified":"2026-02-14T22:54:19","modified_gmt":"2026-02-14T21:54:19","slug":"patchouli-organic-raeucherstaebchen","status":"publish","type":"product","link":"https:\/\/www.lebens-qi.at\/qishop\/produkt\/patchouli-organic-raeucherstaebchen\/","title":{"rendered":"Patchouli &#8211; Organic Goodness R\u00e4ucherst\u00e4bchen"},"content":{"rendered":"<p><b>Patchouli<\/b><br \/>\n<em>Organic Goodness Masala Incense Sticks<br \/>\n<\/em><br \/>\nDiese reich duftenden Masala R\u00e4ucherst\u00e4bchen werden von Hand mit Naturholzpulver und Extrakten von \u00e4therischen \u00d6len hergestellt.<\/p>\n<p>Die alte indische Tradition des Abbrennens von R\u00e4ucherst\u00e4bchen hilft den Verstand zu kl\u00e4ren, das Bewusstsein w\u00e4hrend der Meditation anzuheben und eine Aura positiver Energie zu erschaffen.<\/p>\n<p><b>Inhalt: <\/b>15 Gramm pro Packung<br \/>\nBei Bestellung einer Box erhalten Sie einen Karton mit 12 Packungen \u00e1 15 g<br \/>\nHandgefertigte Qualit\u00e4ts-R\u00e4ucherst\u00e4bchen mit besonderem Augenmerk auf die Natur<br \/>\n<b>96% Bio-Zutaten*<\/b><\/p>\n<p>\u2022 Indische Handarbeit<br \/>\n\u2022 Umweltfreundlich<br \/>\n\u2022 Kartonverpackung aus recyceltem Material<br \/>\n\u2022 Keine giftigen Substanzen<br \/>\n\u2022 Keine Kinderarbeit<br \/>\n\u2022 Keine tierischen Nebenprodukte<\/p>\n<p><em>* nicht zertifiziert<\/em><\/p>\n<p><b>Inhaltsstoffe:<br \/>\n<\/b>Bambusst\u00e4bchen, Nat\u00fcrliches Weihrauchharz, Aktivkohle, Bio-Zuckerrohrwasser, Rindenpulver, Holzpulver, Bio \u00c4therische \u00d6le<\/p>\n","protected":false},"excerpt":{"rendered":"<p>Patchouli Masala R\u00e4ucherst\u00e4bchen<\/p>\n","protected":false},"featured_media":11845,"comment_status":"open","ping_status":"closed","template":"","meta":{"_links_to":"","_links_to_target":""},"pwb-brand":[690],"product_brand":[],"product_cat":[688],"product_tag":[689,232,680],"class_list":{"0":"post-3728","1":"product","2":"type-product","3":"status-publish","4":"has-post-thumbnail","6":"pwb-brand-song-of-india","7":"product_cat-song-of-india","8":"product_tag-organic-goodness","9":"product_tag-patchouli","10":"product_tag-raeucherstaebchen","12":"first","13":"instock","14":"sale","15":"taxable","16":"shipping-taxable","17":"purchasable","18":"product-type-variable"},"blog_post_layout_featured_media_urls":{"thumbnail":["https:\/\/www.lebens-qi.at\/qishop\/wp-content\/uploads\/6322_6322_2organic-patchouli-150x150.jpg",150,150,true],"full":["https:\/\/www.lebens-qi.at\/qishop\/wp-content\/uploads\/6322_6322_2organic-patchouli.jpg",800,800,false]},"categories":["690"],"categories_names":{"690":{"name":"Song of India","link":"https:\/\/www.lebens-qi.at\/qishop\/brand\/song-of-india\/"}},"comments_number":"0","brands":[{"id":690,"name":"Song of India","slug":"song-of-india"}],"_links":{"self":[{"href":"https:\/\/www.lebens-qi.at\/qishop\/wp-json\/wp\/v2\/product\/3728","targetHints":{"allow":["GET"]}}],"collection":[{"href":"https:\/\/www.lebens-qi.at\/qishop\/wp-json\/wp\/v2\/product"}],"about":[{"href":"https:\/\/www.lebens-qi.at\/qishop\/wp-json\/wp\/v2\/types\/product"}],"replies":[{"embeddable":true,"href":"https:\/\/www.lebens-qi.at\/qishop\/wp-json\/wp\/v2\/comments?post=3728"}],"wp:featuredmedia":[{"embeddable":true,"href":"https:\/\/www.lebens-qi.at\/qishop\/wp-json\/wp\/v2\/media\/11845"}],"wp:attachment":[{"href":"https:\/\/www.lebens-qi.at\/qishop\/wp-json\/wp\/v2\/media?parent=3728"}],"wp:term":[{"taxonomy":"pwb-brand","embeddable":true,"href":"https:\/\/www.lebens-qi.at\/qishop\/wp-json\/wp\/v2\/pwb-brand?post=3728"},{"taxonomy":"product_brand","embeddable":true,"href":"https:\/\/www.lebens-qi.at\/qishop\/wp-json\/wp\/v2\/product_brand?post=3728"},{"taxonomy":"product_cat","embeddable":true,"href":"https:\/\/www.lebens-qi.at\/qishop\/wp-json\/wp\/v2\/product_cat?post=3728"},{"taxonomy":"product_tag","embeddable":true,"href":"https:\/\/www.lebens-qi.at\/qishop\/wp-json\/wp\/v2\/product_tag?post=3728"}],"curies":[{"name":"wp","href":"https:\/\/api.w.org\/{rel}","templated":true}]}}