{"id":3810,"date":"2024-03-06T10:36:30","date_gmt":"2024-03-06T09:36:30","guid":{"rendered":"https:\/\/www.lebens-qi.at\/qishop\/?post_type=product&#038;p=3810"},"modified":"2025-09-25T20:14:34","modified_gmt":"2025-09-25T18:14:34","slug":"mother-earth-raeucherstaebchen","status":"publish","type":"product","link":"https:\/\/www.lebens-qi.at\/qishop\/produkt\/mother-earth-raeucherstaebchen\/","title":{"rendered":"Mother Earth &#8211; R\u00e4ucherst\u00e4bchen"},"content":{"rendered":"<p>Premium R\u00e4ucherst\u00e4bchen aus dem Hause Green Tree:<\/p>\n<p><b>MOTHER EARTH &#8211; Mutter Erde<br \/>\nInhalt:<\/b> pro Einzelpackung 15 g R\u00e4ucherst\u00e4bchen<br \/>\n<b>Box: <\/b>Bei Kauf einer gesamten Schachtel (12 Packungen \u00e1 15 g) sparen Sie <b>\u20ac 5,- <\/b><\/p>\n<p>\u2022 Produziert in Indien<br \/>\n\u2022 Exportqualit\u00e4t<br \/>\n\u2022 Handgerollt<\/p>\n<p><b>#lebensqifavorites<\/b><br \/>\nElisabeth arbeitet bereits seit Oktober 2018 im Lebens-Qi G\u00e4nserndorf. Heute verr\u00e4t sie euch ihr Lieblingsprodukt:<br \/>\n\u201eIch mag die R\u00e4ucherst\u00e4bchen Mother Earth, weil ich diesen Duft mit der Natur, dem Wald verbinde. Loslassen vom Alltag \u2013 die Seele baumeln lassen und alles andere um mich vergessen \u2013 relaxen und entspannen auch zu zweit ist Mother Earth ein Seelenschmeichler \u2013 genie\u00dft es doch auch einmal bei Tee oder einem Gl\u00e4schen Sekt und ihr sp\u00fcrt die Natur und Liebe. Genie\u00dft es!\u201c<\/p>\n","protected":false},"excerpt":{"rendered":"<p>Mutter Erde &#8211; Premium Masala Agarbathi<\/p>\n","protected":false},"featured_media":3848,"comment_status":"open","ping_status":"closed","template":"","meta":{"_links_to":"","_links_to_target":""},"pwb-brand":[694],"product_brand":[],"product_cat":[3017,695],"product_tag":[536,2084,693,189,1171,2464,1323,680],"class_list":{"0":"post-3810","1":"product","2":"type-product","3":"status-publish","4":"has-post-thumbnail","6":"pwb-brand-green-tree","7":"product_cat-herbstzeit","8":"product_cat-masala","9":"product_tag-erdung","10":"product_tag-gaia","11":"product_tag-green-tree","12":"product_tag-lebensqifavorites","13":"product_tag-mutter-erde","14":"product_tag-mutter-natur","15":"product_tag-naturverbundenheit","16":"product_tag-raeucherstaebchen","18":"first","19":"instock","20":"sale","21":"taxable","22":"shipping-taxable","23":"purchasable","24":"product-type-variable"},"blog_post_layout_featured_media_urls":{"thumbnail":["https:\/\/www.lebens-qi.at\/qishop\/wp-content\/uploads\/gt-60-150x150.jpg",150,150,true],"full":["https:\/\/www.lebens-qi.at\/qishop\/wp-content\/uploads\/gt-60.jpg",600,600,false]},"categories":["694"],"categories_names":{"694":{"name":"Green Tree","link":"https:\/\/www.lebens-qi.at\/qishop\/brand\/green-tree\/"}},"comments_number":"0","brands":[{"id":694,"name":"Green Tree","slug":"green-tree"}],"_links":{"self":[{"href":"https:\/\/www.lebens-qi.at\/qishop\/wp-json\/wp\/v2\/product\/3810","targetHints":{"allow":["GET"]}}],"collection":[{"href":"https:\/\/www.lebens-qi.at\/qishop\/wp-json\/wp\/v2\/product"}],"about":[{"href":"https:\/\/www.lebens-qi.at\/qishop\/wp-json\/wp\/v2\/types\/product"}],"replies":[{"embeddable":true,"href":"https:\/\/www.lebens-qi.at\/qishop\/wp-json\/wp\/v2\/comments?post=3810"}],"wp:featuredmedia":[{"embeddable":true,"href":"https:\/\/www.lebens-qi.at\/qishop\/wp-json\/wp\/v2\/media\/3848"}],"wp:attachment":[{"href":"https:\/\/www.lebens-qi.at\/qishop\/wp-json\/wp\/v2\/media?parent=3810"}],"wp:term":[{"taxonomy":"pwb-brand","embeddable":true,"href":"https:\/\/www.lebens-qi.at\/qishop\/wp-json\/wp\/v2\/pwb-brand?post=3810"},{"taxonomy":"product_brand","embeddable":true,"href":"https:\/\/www.lebens-qi.at\/qishop\/wp-json\/wp\/v2\/product_brand?post=3810"},{"taxonomy":"product_cat","embeddable":true,"href":"https:\/\/www.lebens-qi.at\/qishop\/wp-json\/wp\/v2\/product_cat?post=3810"},{"taxonomy":"product_tag","embeddable":true,"href":"https:\/\/www.lebens-qi.at\/qishop\/wp-json\/wp\/v2\/product_tag?post=3810"}],"curies":[{"name":"wp","href":"https:\/\/api.w.org\/{rel}","templated":true}]}}