{"id":3842,"date":"2024-03-06T10:36:56","date_gmt":"2024-03-06T09:36:56","guid":{"rendered":"https:\/\/www.lebens-qi.at\/qishop\/?post_type=product&#038;p=3842"},"modified":"2025-02-21T18:50:08","modified_gmt":"2025-02-21T17:50:08","slug":"chakra-angel-raeucherstaebchen","status":"publish","type":"product","link":"https:\/\/www.lebens-qi.at\/qishop\/produkt\/chakra-angel-raeucherstaebchen\/","title":{"rendered":"Chakra Angel &#8211; R\u00e4ucherst\u00e4bchen"},"content":{"rendered":"<p>Premium R\u00e4ucherst\u00e4bchen aus dem Hause Green Tree:<\/p>\n<p><b>CHAKRA ANGEL &#8211; Chakra Engel<br \/>\nInhalt:<\/b> pro Einzelpackung 15 g R\u00e4ucherst\u00e4bchen<br \/>\n<b>Box: <\/b>Bei Kauf einer gesamten Schachtel (12 Packungen \u00e1 15 g) sparen Sie <b>\u20ac 5,- <\/b><\/p>\n<p>\u2022 Produziert in Indien<br \/>\n\u2022 Exportqualit\u00e4t<br \/>\n\u2022 Handgerollt<\/p>\n","protected":false},"excerpt":{"rendered":"<p>Chakra Engel &#8211; Premium Masala Agarbathi<\/p>\n","protected":false},"featured_media":3878,"comment_status":"open","ping_status":"closed","template":"","meta":{"_links_to":"","_links_to_target":""},"pwb-brand":[694],"product_brand":[],"product_cat":[2526,695,953],"product_tag":[198,2261,545,693,680],"class_list":{"0":"post-3842","1":"product","2":"type-product","3":"status-publish","4":"has-post-thumbnail","6":"pwb-brand-green-tree","7":"product_cat-chakra-raeucherstaebchen","8":"product_cat-masala","9":"product_cat-raeuchern-mit-engeln","10":"product_tag-chakra","11":"product_tag-chakras","12":"product_tag-engel","13":"product_tag-green-tree","14":"product_tag-raeucherstaebchen","16":"first","17":"instock","18":"sale","19":"taxable","20":"shipping-taxable","21":"purchasable","22":"product-type-variable"},"blog_post_layout_featured_media_urls":{"thumbnail":["https:\/\/www.lebens-qi.at\/qishop\/wp-content\/uploads\/chakra-angel-150x150.jpg",150,150,true],"full":["https:\/\/www.lebens-qi.at\/qishop\/wp-content\/uploads\/chakra-angel.jpg",600,600,false]},"categories":["694"],"categories_names":{"694":{"name":"Green Tree","link":"https:\/\/www.lebens-qi.at\/qishop\/brand\/green-tree\/"}},"comments_number":"0","brands":[{"id":694,"name":"Green Tree","slug":"green-tree"}],"_links":{"self":[{"href":"https:\/\/www.lebens-qi.at\/qishop\/wp-json\/wp\/v2\/product\/3842","targetHints":{"allow":["GET"]}}],"collection":[{"href":"https:\/\/www.lebens-qi.at\/qishop\/wp-json\/wp\/v2\/product"}],"about":[{"href":"https:\/\/www.lebens-qi.at\/qishop\/wp-json\/wp\/v2\/types\/product"}],"replies":[{"embeddable":true,"href":"https:\/\/www.lebens-qi.at\/qishop\/wp-json\/wp\/v2\/comments?post=3842"}],"wp:featuredmedia":[{"embeddable":true,"href":"https:\/\/www.lebens-qi.at\/qishop\/wp-json\/wp\/v2\/media\/3878"}],"wp:attachment":[{"href":"https:\/\/www.lebens-qi.at\/qishop\/wp-json\/wp\/v2\/media?parent=3842"}],"wp:term":[{"taxonomy":"pwb-brand","embeddable":true,"href":"https:\/\/www.lebens-qi.at\/qishop\/wp-json\/wp\/v2\/pwb-brand?post=3842"},{"taxonomy":"product_brand","embeddable":true,"href":"https:\/\/www.lebens-qi.at\/qishop\/wp-json\/wp\/v2\/product_brand?post=3842"},{"taxonomy":"product_cat","embeddable":true,"href":"https:\/\/www.lebens-qi.at\/qishop\/wp-json\/wp\/v2\/product_cat?post=3842"},{"taxonomy":"product_tag","embeddable":true,"href":"https:\/\/www.lebens-qi.at\/qishop\/wp-json\/wp\/v2\/product_tag?post=3842"}],"curies":[{"name":"wp","href":"https:\/\/api.w.org\/{rel}","templated":true}]}}