{"id":3887,"date":"2024-03-06T10:54:40","date_gmt":"2024-03-06T09:54:40","guid":{"rendered":"https:\/\/www.lebens-qi.at\/qishop\/?post_type=product&#038;p=3887"},"modified":"2025-02-21T11:01:40","modified_gmt":"2025-02-21T10:01:40","slug":"white-magic-raeucherstaebchen","status":"publish","type":"product","link":"https:\/\/www.lebens-qi.at\/qishop\/produkt\/white-magic-raeucherstaebchen\/","title":{"rendered":"White Magic &#8211; R\u00e4ucherst\u00e4bchen"},"content":{"rendered":"<p>Premium R\u00e4ucherst\u00e4bchen aus dem Hause Green Tree:<\/p>\n<p><b>WHITE MAGIC &#8211; Wei\u00dfe Magie<br \/>\nInhalt:<\/b> pro Einzelpackung 15 g R\u00e4ucherst\u00e4bchen<br \/>\n<b>Box: <\/b>Bei Kauf einer gesamten Schachtel (12 Packungen \u00e1 15 g) sparen Sie <b>\u20ac 5,- <\/b><\/p>\n<p>\u2022 Produziert in Indien<br \/>\n\u2022 Exportqualit\u00e4t<br \/>\n\u2022 Handgerollt<\/p>\n","protected":false},"excerpt":{"rendered":"<p>Wei\u00dfe Magie &#8211; Premium Masala Agarbathi<\/p>\n","protected":false},"featured_media":3924,"comment_status":"open","ping_status":"closed","template":"","meta":{"_links_to":"","_links_to_target":""},"pwb-brand":[694],"product_brand":[],"product_cat":[695],"product_tag":[693,1159,680,1468,1329],"class_list":{"0":"post-3887","1":"product","2":"type-product","3":"status-publish","4":"has-post-thumbnail","6":"pwb-brand-green-tree","7":"product_cat-masala","8":"product_tag-green-tree","9":"product_tag-magie","10":"product_tag-raeucherstaebchen","11":"product_tag-ritual","12":"product_tag-wicca","14":"first","15":"instock","16":"sale","17":"taxable","18":"shipping-taxable","19":"purchasable","20":"product-type-variable"},"blog_post_layout_featured_media_urls":{"thumbnail":["https:\/\/www.lebens-qi.at\/qishop\/wp-content\/uploads\/gt-76-150x150.jpg",150,150,true],"full":["https:\/\/www.lebens-qi.at\/qishop\/wp-content\/uploads\/gt-76.jpg",600,600,false]},"categories":["694"],"categories_names":{"694":{"name":"Green Tree","link":"https:\/\/www.lebens-qi.at\/qishop\/brand\/green-tree\/"}},"comments_number":"0","brands":[{"id":694,"name":"Green Tree","slug":"green-tree"}],"_links":{"self":[{"href":"https:\/\/www.lebens-qi.at\/qishop\/wp-json\/wp\/v2\/product\/3887","targetHints":{"allow":["GET"]}}],"collection":[{"href":"https:\/\/www.lebens-qi.at\/qishop\/wp-json\/wp\/v2\/product"}],"about":[{"href":"https:\/\/www.lebens-qi.at\/qishop\/wp-json\/wp\/v2\/types\/product"}],"replies":[{"embeddable":true,"href":"https:\/\/www.lebens-qi.at\/qishop\/wp-json\/wp\/v2\/comments?post=3887"}],"wp:featuredmedia":[{"embeddable":true,"href":"https:\/\/www.lebens-qi.at\/qishop\/wp-json\/wp\/v2\/media\/3924"}],"wp:attachment":[{"href":"https:\/\/www.lebens-qi.at\/qishop\/wp-json\/wp\/v2\/media?parent=3887"}],"wp:term":[{"taxonomy":"pwb-brand","embeddable":true,"href":"https:\/\/www.lebens-qi.at\/qishop\/wp-json\/wp\/v2\/pwb-brand?post=3887"},{"taxonomy":"product_brand","embeddable":true,"href":"https:\/\/www.lebens-qi.at\/qishop\/wp-json\/wp\/v2\/product_brand?post=3887"},{"taxonomy":"product_cat","embeddable":true,"href":"https:\/\/www.lebens-qi.at\/qishop\/wp-json\/wp\/v2\/product_cat?post=3887"},{"taxonomy":"product_tag","embeddable":true,"href":"https:\/\/www.lebens-qi.at\/qishop\/wp-json\/wp\/v2\/product_tag?post=3887"}],"curies":[{"name":"wp","href":"https:\/\/api.w.org\/{rel}","templated":true}]}}