{"id":4004,"date":"2024-03-06T12:37:30","date_gmt":"2024-03-06T11:37:30","guid":{"rendered":"https:\/\/www.lebens-qi.at\/qishop\/?post_type=product&#038;p=4004"},"modified":"2026-02-14T22:55:01","modified_gmt":"2026-02-14T21:55:01","slug":"white-sage-eucalyptus-raeucherstaebchen","status":"publish","type":"product","link":"https:\/\/www.lebens-qi.at\/qishop\/produkt\/white-sage-eucalyptus-raeucherstaebchen\/","title":{"rendered":"White Sage &#038; Eucalyptus &#8211; R\u00e4ucherst\u00e4bchen"},"content":{"rendered":"<p>R\u00e4ucherst\u00e4bchen aus dem Hause Green Tree in der Sechseck-Packung:<\/p>\n<p><b>WHITE SAGE &amp; EUCALYPTUS &#8211; Wei\u00dfer Salbei &amp; Eukalyptus<\/b><\/p>\n<p>Inhalt: pro Einzelpackung 20 Stk. R\u00e4ucherst\u00e4bchen<br \/>\n<b>Box: <\/b>Bei Kauf einer gesamten Schachtel (6 Packungen \u00e1 20 Stk.) sparen Sie <b>\u20ac 2,-<\/b><\/p>\n<p>\u2022 Produziert in Indien<br \/>\n\u2022 Handgerollt<\/p>\n","protected":false},"excerpt":{"rendered":"<p>Wei\u00dfer Salbei &amp; Eukalyptus &#8211; Highly fragranced incense sticks<\/p>\n","protected":false},"featured_media":4033,"comment_status":"open","ping_status":"closed","template":"","meta":{"_links_to":"","_links_to_target":""},"pwb-brand":[694],"product_brand":[],"product_cat":[697],"product_tag":[412,693,680,676],"class_list":{"0":"post-4004","1":"product","2":"type-product","3":"status-publish","4":"has-post-thumbnail","6":"pwb-brand-green-tree","7":"product_cat-hexa","8":"product_tag-eukalyptus","9":"product_tag-green-tree","10":"product_tag-raeucherstaebchen","11":"product_tag-weisser-salbei","13":"first","14":"instock","15":"sale","16":"taxable","17":"shipping-taxable","18":"purchasable","19":"product-type-variable"},"blog_post_layout_featured_media_urls":{"thumbnail":["https:\/\/www.lebens-qi.at\/qishop\/wp-content\/uploads\/gt-08-150x150.jpg",150,150,true],"full":["https:\/\/www.lebens-qi.at\/qishop\/wp-content\/uploads\/gt-08.jpg",600,600,false]},"categories":["694"],"categories_names":{"694":{"name":"Green Tree","link":"https:\/\/www.lebens-qi.at\/qishop\/brand\/green-tree\/"}},"comments_number":"0","brands":[{"id":694,"name":"Green Tree","slug":"green-tree"}],"_links":{"self":[{"href":"https:\/\/www.lebens-qi.at\/qishop\/wp-json\/wp\/v2\/product\/4004","targetHints":{"allow":["GET"]}}],"collection":[{"href":"https:\/\/www.lebens-qi.at\/qishop\/wp-json\/wp\/v2\/product"}],"about":[{"href":"https:\/\/www.lebens-qi.at\/qishop\/wp-json\/wp\/v2\/types\/product"}],"replies":[{"embeddable":true,"href":"https:\/\/www.lebens-qi.at\/qishop\/wp-json\/wp\/v2\/comments?post=4004"}],"wp:featuredmedia":[{"embeddable":true,"href":"https:\/\/www.lebens-qi.at\/qishop\/wp-json\/wp\/v2\/media\/4033"}],"wp:attachment":[{"href":"https:\/\/www.lebens-qi.at\/qishop\/wp-json\/wp\/v2\/media?parent=4004"}],"wp:term":[{"taxonomy":"pwb-brand","embeddable":true,"href":"https:\/\/www.lebens-qi.at\/qishop\/wp-json\/wp\/v2\/pwb-brand?post=4004"},{"taxonomy":"product_brand","embeddable":true,"href":"https:\/\/www.lebens-qi.at\/qishop\/wp-json\/wp\/v2\/product_brand?post=4004"},{"taxonomy":"product_cat","embeddable":true,"href":"https:\/\/www.lebens-qi.at\/qishop\/wp-json\/wp\/v2\/product_cat?post=4004"},{"taxonomy":"product_tag","embeddable":true,"href":"https:\/\/www.lebens-qi.at\/qishop\/wp-json\/wp\/v2\/product_tag?post=4004"}],"curies":[{"name":"wp","href":"https:\/\/api.w.org\/{rel}","templated":true}]}}