{"id":4038,"date":"2024-03-06T13:57:37","date_gmt":"2024-03-06T12:57:37","guid":{"rendered":"https:\/\/www.lebens-qi.at\/qishop\/?post_type=product&#038;p=4038"},"modified":"2026-01-29T19:53:01","modified_gmt":"2026-01-29T18:53:01","slug":"palo-santo-lavender-native-soul-raeucherstaebchen","status":"publish","type":"product","link":"https:\/\/www.lebens-qi.at\/qishop\/produkt\/palo-santo-lavender-native-soul-raeucherstaebchen\/","title":{"rendered":"Palo Santo &amp; Lavender &#8211; Native Soul R\u00e4ucherst\u00e4bchen"},"content":{"rendered":"<p>Native Soul R\u00e4ucherst\u00e4bchen aus dem Hause Green Tree&#8220;:<\/p>\n<p><b>Palo Santo &#038; Lavender &#8211; Heiliges Holz und Lavendel<\/b><br \/>Handgefertigte Smudge R\u00e4ucherst\u00e4bchen (st\u00e4rker als gew\u00f6hnliche R\u00e4ucherst\u00e4bchen!)<\/p>\n<p><b>Palo Santo<\/b> ist ein heiliges Holz aus S\u00fcdamerika. Es wird geglaubt, dass sein Rauch reinigende und spirituell heilende Kraft besitzt. Es unterst\u00fctzt die Kreativit\u00e4t und reinigt von negativen Energien. Seit Jahrhunderten verwenden die Inkas, Schamanen, Medizinm\u00e4nner und indigene Gemeinschaften in S\u00fcdamerika diese kraftvolle Form von Baummedizin f\u00fcr energetische Kl\u00e4rung, Heilung und spirituelle Reinigung.<\/p>\n<p><b>Lavendel<\/b> symbolisiert Klarheit und Reinheit. Er ist bekannt f\u00fcr seine sch\u00fctzenden und reinigenden Eigenschaften. Dieses besonders aromatische Kraut ist beruhigend und bes\u00e4nftigend. Da es das Herz-Chakra \u00f6ffnet, hilft Lavendel die emotionale Balance wieder herzustellen.<\/p>\n<p><b>Native Soul handcrafted Smudge Incense<\/b><br \/>\u2022 mit Liebe von Hand gefertigt<br \/>\u2022 100 % veganes Produkt<br \/>\u2022 impr\u00e4gniert mit positiver Energie<br \/>\u2022 hergestellt mit geweihten Kr\u00e4utern<\/p>\n<p><b>Inhalt:<\/b> pro Einzelpackung 8 dicke R\u00e4ucherst\u00e4bchen (ca. 20 g)<br \/><b>Box: <\/b>Bei Kauf einer gesamten Schachtel (12 Packungen \u00e1 20 g) sparen Sie <b>\u20ac 6,- <\/b><\/p>\n<p>\u2022 Produziert in Indien <br \/>\u2022 Exportqualit\u00e4t  <br \/>\u2022 Handgerollt<br \/>\u2022 mit Bambusst\u00e4bchen &#8211; daher f\u00fcr normale R\u00e4ucherst\u00e4bchenhalter geeignet!&#8220;<\/p>\n","protected":false},"excerpt":{"rendered":"<p>Heiliges Holz &#038; Lavendel <\/p>\n","protected":false},"featured_media":4047,"comment_status":"open","ping_status":"closed","template":"","meta":{"_links_to":"","_links_to_target":""},"pwb-brand":[694],"product_brand":[],"product_cat":[698],"product_tag":[693,680],"class_list":{"0":"post-4038","1":"product","2":"type-product","3":"status-publish","4":"has-post-thumbnail","6":"pwb-brand-green-tree","7":"product_cat-native-soul","8":"product_tag-green-tree","9":"product_tag-raeucherstaebchen","11":"first","12":"instock","13":"sale","14":"taxable","15":"shipping-taxable","16":"purchasable","17":"product-type-variable"},"blog_post_layout_featured_media_urls":{"thumbnail":["https:\/\/www.lebens-qi.at\/qishop\/wp-content\/uploads\/gt-143-150x150.jpg",150,150,true],"full":["https:\/\/www.lebens-qi.at\/qishop\/wp-content\/uploads\/gt-143.jpg",600,600,false]},"categories":["694"],"categories_names":{"694":{"name":"Green Tree","link":"https:\/\/www.lebens-qi.at\/qishop\/brand\/green-tree\/"}},"comments_number":"0","brands":[{"id":694,"name":"Green Tree","slug":"green-tree"}],"_links":{"self":[{"href":"https:\/\/www.lebens-qi.at\/qishop\/wp-json\/wp\/v2\/product\/4038","targetHints":{"allow":["GET"]}}],"collection":[{"href":"https:\/\/www.lebens-qi.at\/qishop\/wp-json\/wp\/v2\/product"}],"about":[{"href":"https:\/\/www.lebens-qi.at\/qishop\/wp-json\/wp\/v2\/types\/product"}],"replies":[{"embeddable":true,"href":"https:\/\/www.lebens-qi.at\/qishop\/wp-json\/wp\/v2\/comments?post=4038"}],"wp:featuredmedia":[{"embeddable":true,"href":"https:\/\/www.lebens-qi.at\/qishop\/wp-json\/wp\/v2\/media\/4047"}],"wp:attachment":[{"href":"https:\/\/www.lebens-qi.at\/qishop\/wp-json\/wp\/v2\/media?parent=4038"}],"wp:term":[{"taxonomy":"pwb-brand","embeddable":true,"href":"https:\/\/www.lebens-qi.at\/qishop\/wp-json\/wp\/v2\/pwb-brand?post=4038"},{"taxonomy":"product_brand","embeddable":true,"href":"https:\/\/www.lebens-qi.at\/qishop\/wp-json\/wp\/v2\/product_brand?post=4038"},{"taxonomy":"product_cat","embeddable":true,"href":"https:\/\/www.lebens-qi.at\/qishop\/wp-json\/wp\/v2\/product_cat?post=4038"},{"taxonomy":"product_tag","embeddable":true,"href":"https:\/\/www.lebens-qi.at\/qishop\/wp-json\/wp\/v2\/product_tag?post=4038"}],"curies":[{"name":"wp","href":"https:\/\/api.w.org\/{rel}","templated":true}]}}