{"id":4078,"date":"2024-03-06T16:58:13","date_gmt":"2024-03-06T15:58:13","guid":{"rendered":"https:\/\/www.lebens-qi.at\/qishop\/produkt\/auroshikha-raeucherkegel-krishna-musk\/"},"modified":"2025-12-08T19:28:52","modified_gmt":"2025-12-08T18:28:52","slug":"auroshikha-raeucherkegel-krishna-musk","status":"publish","type":"product","link":"https:\/\/www.lebens-qi.at\/qishop\/produkt\/auroshikha-raeucherkegel-krishna-musk\/","title":{"rendered":"Auroshikha R\u00e4ucherkegel Krishna Musk"},"content":{"rendered":"<p>Krishna Musk &#8211; Moschus<\/p>\n<p><b>Auroshikha R\u00e4ucherkegel:<\/b><br \/>\n<em>Die R\u00e4ucherkegel bestehen aus einer Mischung von Kr\u00e4utern, getrockneten Bl\u00fcten, Gew\u00fcrzen, H\u00f6lzern, Harzen, Duftessenzen aus nat\u00fcrlichen \u00e4therischen \u00d6len und Holzkohle (die ein gutes Brennmaterial ist). Sie werden in Handarbeit im Sri Aurobindo Ashram in Pondicherry, India ohne Kinderarbeit und zu excellenten Arbeitsbedingungen hergestellt.<\/em><\/p>\n<p><b>Inhalt je Packung:<\/b> 14 Kegel<br \/>\nverpackt in h\u00fcbscher, marmorierter Box<\/p>\n","protected":false},"excerpt":{"rendered":"<p>Moschus<\/p>\n","protected":false},"featured_media":4077,"comment_status":"open","ping_status":"closed","template":"","meta":{"_links_to":"","_links_to_target":""},"pwb-brand":[721],"product_brand":[],"product_cat":[700],"product_tag":[702,703,701],"class_list":{"0":"post-4078","1":"product","2":"type-product","3":"status-publish","4":"has-post-thumbnail","6":"pwb-brand-auroshikha","7":"product_cat-auroshikha","8":"product_tag-auroshikha","9":"product_tag-moschus","10":"product_tag-raeucherkegel","12":"first","13":"instock","14":"taxable","15":"shipping-taxable","16":"purchasable","17":"product-type-simple"},"blog_post_layout_featured_media_urls":{"thumbnail":["https:\/\/www.lebens-qi.at\/qishop\/wp-content\/uploads\/rk-04-250x250-1-150x150.jpg",150,150,true],"full":["https:\/\/www.lebens-qi.at\/qishop\/wp-content\/uploads\/rk-04-250x250-1.jpg",250,250,false]},"categories":["721"],"categories_names":{"721":{"name":"Auroshikha","link":"https:\/\/www.lebens-qi.at\/qishop\/brand\/auroshikha\/"}},"comments_number":"0","brands":[{"id":721,"name":"Auroshikha","slug":"auroshikha"}],"_links":{"self":[{"href":"https:\/\/www.lebens-qi.at\/qishop\/wp-json\/wp\/v2\/product\/4078","targetHints":{"allow":["GET"]}}],"collection":[{"href":"https:\/\/www.lebens-qi.at\/qishop\/wp-json\/wp\/v2\/product"}],"about":[{"href":"https:\/\/www.lebens-qi.at\/qishop\/wp-json\/wp\/v2\/types\/product"}],"replies":[{"embeddable":true,"href":"https:\/\/www.lebens-qi.at\/qishop\/wp-json\/wp\/v2\/comments?post=4078"}],"wp:featuredmedia":[{"embeddable":true,"href":"https:\/\/www.lebens-qi.at\/qishop\/wp-json\/wp\/v2\/media\/4077"}],"wp:attachment":[{"href":"https:\/\/www.lebens-qi.at\/qishop\/wp-json\/wp\/v2\/media?parent=4078"}],"wp:term":[{"taxonomy":"pwb-brand","embeddable":true,"href":"https:\/\/www.lebens-qi.at\/qishop\/wp-json\/wp\/v2\/pwb-brand?post=4078"},{"taxonomy":"product_brand","embeddable":true,"href":"https:\/\/www.lebens-qi.at\/qishop\/wp-json\/wp\/v2\/product_brand?post=4078"},{"taxonomy":"product_cat","embeddable":true,"href":"https:\/\/www.lebens-qi.at\/qishop\/wp-json\/wp\/v2\/product_cat?post=4078"},{"taxonomy":"product_tag","embeddable":true,"href":"https:\/\/www.lebens-qi.at\/qishop\/wp-json\/wp\/v2\/product_tag?post=4078"}],"curies":[{"name":"wp","href":"https:\/\/api.w.org\/{rel}","templated":true}]}}