{"id":4120,"date":"2024-03-06T16:58:40","date_gmt":"2024-03-06T15:58:40","guid":{"rendered":"https:\/\/www.lebens-qi.at\/qishop\/produkt\/ayurvedische-raeucherkegel-pitta\/"},"modified":"2026-01-26T14:50:31","modified_gmt":"2026-01-26T13:50:31","slug":"ayurvedische-raeucherkegel-pitta","status":"publish","type":"product","link":"https:\/\/www.lebens-qi.at\/qishop\/produkt\/ayurvedische-raeucherkegel-pitta\/","title":{"rendered":"Ayurvedische R\u00e4ucherkegel Pitta"},"content":{"rendered":"<p>Unsere ayurvedischen R\u00e4ucherkegel werden aus nat\u00fcrlichen Zutaten nach alten Rezepten aus Ayurveda (dem Wissen \u00fcber das Leben) hergestellt und unterst\u00fctzen Konzentration und Meditation.<\/p>\n<p>Nettoinhalt: ca. 20 g<br \/>\nInkl. kleinem Keramikhalter<\/p>\n<p><strong>Produktsicherheit:<\/strong><br \/>\nAchtung: Kleine Kinder und Tiere von brennenden St\u00e4bchen\/Kegeln fernhalten.<\/p>\n","protected":false},"excerpt":{"rendered":"<p>Element Feuer<\/p>\n","protected":false},"featured_media":10707,"comment_status":"open","ping_status":"closed","template":"","meta":{"_links_to":"","_links_to_target":""},"pwb-brand":[307],"product_brand":[],"product_cat":[711],"product_tag":[247,712,715,681,701],"class_list":{"0":"post-4120","1":"product","2":"type-product","3":"status-publish","4":"has-post-thumbnail","6":"pwb-brand-berk","7":"product_cat-holy-smokes","8":"product_tag-ayurveda","9":"product_tag-berk","10":"product_tag-feuer","11":"product_tag-holy-smokes","12":"product_tag-raeucherkegel","14":"first","15":"instock","16":"taxable","17":"shipping-taxable","18":"purchasable","19":"product-type-simple"},"blog_post_layout_featured_media_urls":{"thumbnail":["https:\/\/www.lebens-qi.at\/qishop\/wp-content\/uploads\/HS-37_1kegel-pitta-150x150.jpg",150,150,true],"full":["https:\/\/www.lebens-qi.at\/qishop\/wp-content\/uploads\/HS-37_1kegel-pitta.jpg",638,638,false]},"categories":["307"],"categories_names":{"307":{"name":"Berk","link":"https:\/\/www.lebens-qi.at\/qishop\/brand\/berk\/"}},"comments_number":"0","brands":[{"id":307,"name":"Berk","slug":"berk"}],"_links":{"self":[{"href":"https:\/\/www.lebens-qi.at\/qishop\/wp-json\/wp\/v2\/product\/4120","targetHints":{"allow":["GET"]}}],"collection":[{"href":"https:\/\/www.lebens-qi.at\/qishop\/wp-json\/wp\/v2\/product"}],"about":[{"href":"https:\/\/www.lebens-qi.at\/qishop\/wp-json\/wp\/v2\/types\/product"}],"replies":[{"embeddable":true,"href":"https:\/\/www.lebens-qi.at\/qishop\/wp-json\/wp\/v2\/comments?post=4120"}],"wp:featuredmedia":[{"embeddable":true,"href":"https:\/\/www.lebens-qi.at\/qishop\/wp-json\/wp\/v2\/media\/10707"}],"wp:attachment":[{"href":"https:\/\/www.lebens-qi.at\/qishop\/wp-json\/wp\/v2\/media?parent=4120"}],"wp:term":[{"taxonomy":"pwb-brand","embeddable":true,"href":"https:\/\/www.lebens-qi.at\/qishop\/wp-json\/wp\/v2\/pwb-brand?post=4120"},{"taxonomy":"product_brand","embeddable":true,"href":"https:\/\/www.lebens-qi.at\/qishop\/wp-json\/wp\/v2\/product_brand?post=4120"},{"taxonomy":"product_cat","embeddable":true,"href":"https:\/\/www.lebens-qi.at\/qishop\/wp-json\/wp\/v2\/product_cat?post=4120"},{"taxonomy":"product_tag","embeddable":true,"href":"https:\/\/www.lebens-qi.at\/qishop\/wp-json\/wp\/v2\/product_tag?post=4120"}],"curies":[{"name":"wp","href":"https:\/\/api.w.org\/{rel}","templated":true}]}}