{"id":4154,"date":"2024-03-06T16:59:10","date_gmt":"2024-03-06T15:59:10","guid":{"rendered":"https:\/\/www.lebens-qi.at\/qishop\/produkt\/organic-goodness-arabian-oudh-backflow-raeucherkegel\/"},"modified":"2025-10-20T17:10:19","modified_gmt":"2025-10-20T15:10:19","slug":"organic-goodness-arabian-oudh-backflow-raeucherkegel","status":"publish","type":"product","link":"https:\/\/www.lebens-qi.at\/qishop\/produkt\/organic-goodness-arabian-oudh-backflow-raeucherkegel\/","title":{"rendered":"Organic Goodness Arabian Oudh Backflow R\u00e4ucherkegel"},"content":{"rendered":"<p>Die speziellen  Backflow&#8220; (R\u00fcckfluss) R\u00e4ucherkegel mit 100% nat\u00fcrlichen Inhaltsstoffen erzeugen bei Verwendung des entsprechenden Kegelhalters einen besonders mystischen Effekt &#8211; der Rauch &#8222;flie\u00dft&#8220; \u00e4hnlich Wasser nach unten anstatt nach oben aufzusteigen.<\/p>\n<p><b>Arabian Oudh &#8211; arabisch Oudh<\/p>\n<p>Produktspezifikationen<\/b><br \/>100 % nat\u00fcrliche R\u00fcckfluss R\u00e4ucherkegel<br \/>Inhalt: 12 Kegel<br \/>Gewicht pro Packung: 24 Gramm<br \/>Brenndauer pro Kegel: ca. 15 Minuten<br \/>Bitte beachten Sie: Funktioniert nicht mit normalen R\u00e4uchergef\u00e4\u00dfen.<\/p>\n<p><b>Anwendung<\/b><br \/>Z\u00fcnde die Spitze des R\u00e4ucherkegels an. Blase die Flamme aus. Mit der Spitze nach oben auf ein Backflow-R\u00e4uchergef\u00e4\u00df legen. Stellen Sie sicher, dass das Loch an der Unterseite des Kegels auf die \u00d6ffnung des Brenners ausgerichtet ist.<\/p>\n<p><b>Inhaltsstoffe<\/b><br \/>Nat\u00fcrliches Weihrauchharz, Rindenjosspulver, Holzpulver, Guarkernmehl, Harz, \u00e4therische \u00d6le.<\/p>\n<p><em><b>Achtung<\/b><br \/>Lassen Sie brennendes R\u00e4ucherwerk nie unbeaufsichtigt.<br \/>Stets von Vorh\u00e4ngen und brennbaren Materialien fernhalten.<br \/>Auf hitzebest\u00e4ndigen Oberfl\u00e4che verwenden.<br \/>Au\u00dferhalb der Reichweite von Kindern und Haustieren aufbewahren.<\/em>&#8222;<\/p>\n","protected":false},"excerpt":{"rendered":"<p>Arabisch Oud speziell f\u00fcr R\u00fcckfluss-Kegelhalter<\/p>\n","protected":false},"featured_media":4153,"comment_status":"open","ping_status":"closed","template":"","meta":{"_links_to":"","_links_to_target":""},"pwb-brand":[690],"product_brand":[],"product_cat":[718,724],"product_tag":[719,689,725,701,720],"class_list":{"0":"post-4154","1":"product","2":"type-product","3":"status-publish","4":"has-post-thumbnail","6":"pwb-brand-song-of-india","7":"product_cat-backflowkegel","8":"product_cat-organic-goodness-raeucherkegel","9":"product_tag-backflow","10":"product_tag-organic-goodness","11":"product_tag-oud","12":"product_tag-raeucherkegel","13":"product_tag-rueckfluss","15":"first","16":"instock","17":"taxable","18":"shipping-taxable","19":"purchasable","20":"product-type-simple"},"blog_post_layout_featured_media_urls":{"thumbnail":["https:\/\/www.lebens-qi.at\/qishop\/wp-content\/uploads\/64687-150x150.jpg",150,150,true],"full":["https:\/\/www.lebens-qi.at\/qishop\/wp-content\/uploads\/64687.jpg",800,800,false]},"categories":["690"],"categories_names":{"690":{"name":"Song of India","link":"https:\/\/www.lebens-qi.at\/qishop\/brand\/song-of-india\/"}},"comments_number":"0","brands":[{"id":690,"name":"Song of India","slug":"song-of-india"}],"_links":{"self":[{"href":"https:\/\/www.lebens-qi.at\/qishop\/wp-json\/wp\/v2\/product\/4154","targetHints":{"allow":["GET"]}}],"collection":[{"href":"https:\/\/www.lebens-qi.at\/qishop\/wp-json\/wp\/v2\/product"}],"about":[{"href":"https:\/\/www.lebens-qi.at\/qishop\/wp-json\/wp\/v2\/types\/product"}],"replies":[{"embeddable":true,"href":"https:\/\/www.lebens-qi.at\/qishop\/wp-json\/wp\/v2\/comments?post=4154"}],"wp:featuredmedia":[{"embeddable":true,"href":"https:\/\/www.lebens-qi.at\/qishop\/wp-json\/wp\/v2\/media\/4153"}],"wp:attachment":[{"href":"https:\/\/www.lebens-qi.at\/qishop\/wp-json\/wp\/v2\/media?parent=4154"}],"wp:term":[{"taxonomy":"pwb-brand","embeddable":true,"href":"https:\/\/www.lebens-qi.at\/qishop\/wp-json\/wp\/v2\/pwb-brand?post=4154"},{"taxonomy":"product_brand","embeddable":true,"href":"https:\/\/www.lebens-qi.at\/qishop\/wp-json\/wp\/v2\/product_brand?post=4154"},{"taxonomy":"product_cat","embeddable":true,"href":"https:\/\/www.lebens-qi.at\/qishop\/wp-json\/wp\/v2\/product_cat?post=4154"},{"taxonomy":"product_tag","embeddable":true,"href":"https:\/\/www.lebens-qi.at\/qishop\/wp-json\/wp\/v2\/product_tag?post=4154"}],"curies":[{"name":"wp","href":"https:\/\/api.w.org\/{rel}","templated":true}]}}