{"id":4186,"date":"2024-03-06T18:29:33","date_gmt":"2024-03-06T17:29:33","guid":{"rendered":"https:\/\/www.lebens-qi.at\/qishop\/produkt\/blume-des-lebens-raeucherhalter-natur\/"},"modified":"2024-12-11T11:22:22","modified_gmt":"2024-12-11T10:22:22","slug":"blume-des-lebens-raeucherhalter-natur","status":"publish","type":"product","link":"https:\/\/www.lebens-qi.at\/qishop\/produkt\/blume-des-lebens-raeucherhalter-natur\/","title":{"rendered":"Blume des Lebens R\u00e4ucherhalter Natur"},"content":{"rendered":"<p>Gro\u00dfe runde R\u00e4ucherhalter aus Ton <b>mit eingravierter Blume des Lebens<\/b>. So wird Ihre R\u00e4ucherzeremonie gleich in eine hochschwingende Energie gebracht.<br \/>\nDie R\u00e4ucherhalter sind durch ihre <b>3 Steckvorrichtungen<\/b> sowohl f\u00fcr indische als auch f\u00fcr tibetische und japanische R\u00e4ucherst\u00e4bchen geeignet<\/p>\n<p>Farbe: Natur<br \/>\nGr\u00f6\u00dfe: ca. \u00f8 15 cm<br \/>\nMaterial: Keramik<\/p>\n","protected":false},"excerpt":{"rendered":"<p>f\u00fcr indische, japanische und tibetische R\u00e4ucherst\u00e4bchen<\/p>\n","protected":false},"featured_media":8395,"comment_status":"open","ping_status":"closed","template":"","meta":{"_links_to":"","_links_to_target":""},"pwb-brand":[307],"product_brand":[],"product_cat":[582,733],"product_tag":[308,730,680],"class_list":{"0":"post-4186","1":"product","2":"type-product","3":"status-publish","4":"has-post-thumbnail","6":"pwb-brand-berk","7":"product_cat-blume-des-lebens-produkte","8":"product_cat-runde-halter","9":"product_tag-blume-des-lebens","10":"product_tag-halter","11":"product_tag-raeucherstaebchen","13":"first","14":"instock","15":"taxable","16":"shipping-taxable","17":"purchasable","18":"product-type-simple"},"blog_post_layout_featured_media_urls":{"thumbnail":["https:\/\/www.lebens-qi.at\/qishop\/wp-content\/uploads\/KH-560-blumedeslebens-150x150.jpg",150,150,true],"full":["https:\/\/www.lebens-qi.at\/qishop\/wp-content\/uploads\/KH-560-blumedeslebens.jpg",800,800,false]},"categories":["307"],"categories_names":{"307":{"name":"Berk","link":"https:\/\/www.lebens-qi.at\/qishop\/brand\/berk\/"}},"comments_number":"0","brands":[{"id":307,"name":"Berk","slug":"berk"}],"_links":{"self":[{"href":"https:\/\/www.lebens-qi.at\/qishop\/wp-json\/wp\/v2\/product\/4186","targetHints":{"allow":["GET"]}}],"collection":[{"href":"https:\/\/www.lebens-qi.at\/qishop\/wp-json\/wp\/v2\/product"}],"about":[{"href":"https:\/\/www.lebens-qi.at\/qishop\/wp-json\/wp\/v2\/types\/product"}],"replies":[{"embeddable":true,"href":"https:\/\/www.lebens-qi.at\/qishop\/wp-json\/wp\/v2\/comments?post=4186"}],"wp:featuredmedia":[{"embeddable":true,"href":"https:\/\/www.lebens-qi.at\/qishop\/wp-json\/wp\/v2\/media\/8395"}],"wp:attachment":[{"href":"https:\/\/www.lebens-qi.at\/qishop\/wp-json\/wp\/v2\/media?parent=4186"}],"wp:term":[{"taxonomy":"pwb-brand","embeddable":true,"href":"https:\/\/www.lebens-qi.at\/qishop\/wp-json\/wp\/v2\/pwb-brand?post=4186"},{"taxonomy":"product_brand","embeddable":true,"href":"https:\/\/www.lebens-qi.at\/qishop\/wp-json\/wp\/v2\/product_brand?post=4186"},{"taxonomy":"product_cat","embeddable":true,"href":"https:\/\/www.lebens-qi.at\/qishop\/wp-json\/wp\/v2\/product_cat?post=4186"},{"taxonomy":"product_tag","embeddable":true,"href":"https:\/\/www.lebens-qi.at\/qishop\/wp-json\/wp\/v2\/product_tag?post=4186"}],"curies":[{"name":"wp","href":"https:\/\/api.w.org\/{rel}","templated":true}]}}