{"id":4229,"date":"2024-03-06T18:29:57","date_gmt":"2024-03-06T17:29:57","guid":{"rendered":"https:\/\/www.lebens-qi.at\/qishop\/produkt\/lebensbaum-raeuchersaeule\/"},"modified":"2025-11-19T16:31:29","modified_gmt":"2025-11-19T15:31:29","slug":"lebensbaum-raeuchersaeule","status":"publish","type":"product","link":"https:\/\/www.lebens-qi.at\/qishop\/produkt\/lebensbaum-raeuchersaeule\/","title":{"rendered":"Lebensbaum R\u00e4uchers\u00e4ule"},"content":{"rendered":"<p>R\u00e4uchers\u00e4ule mit Lebensbaum-Motiv f\u00fcr effektvolles, sauberes R\u00e4uchern. Das R\u00e4ucherst\u00e4bchen wird oben in den Deckel gesteckt und dann \u00fcber Kopf in die S\u00e4ule gesteckt. So raucht es mystisch aus den L\u00f6chern in der S\u00e4ule.<\/p>\n<p>Gr\u00f6\u00dfe: ca. 29,5 cm<br \/>\nStandfl\u00e4che: ca. 8 cm<br \/>\nDurchmesser der S\u00e4ule: ca. 5,5 cm<br \/>\nMaterial: Speckstein<br \/>\nFarbe: braun<br \/>\n<em><b>Hinweis:<\/b> Farbe kann abweichen, da es sich um ein Naturprodukt handelt!<\/em><\/p>\n","protected":false},"excerpt":{"rendered":"<p>mit effektvoller Gravur<\/p>\n","protected":false},"featured_media":7676,"comment_status":"open","ping_status":"closed","template":"","meta":{"_links_to":"","_links_to_target":""},"pwb-brand":[617],"product_brand":[],"product_cat":[738],"product_tag":[312,741,680,592],"class_list":{"0":"post-4229","1":"product","2":"type-product","3":"status-publish","4":"has-post-thumbnail","6":"pwb-brand-yantra","7":"product_cat-raeuchersaeulen-boxen","8":"product_tag-lebensbaum","9":"product_tag-raeuchersaeule","10":"product_tag-raeucherstaebchen","11":"product_tag-speckstein","13":"first","14":"instock","15":"taxable","16":"shipping-taxable","17":"purchasable","18":"product-type-simple"},"blog_post_layout_featured_media_urls":{"thumbnail":["https:\/\/www.lebens-qi.at\/qishop\/wp-content\/uploads\/lebensbaum-braun-rs-128-150x150.jpg",150,150,true],"full":["https:\/\/www.lebens-qi.at\/qishop\/wp-content\/uploads\/lebensbaum-braun-rs-128.jpg",600,600,false]},"categories":["617"],"categories_names":{"617":{"name":"Yantra","link":"https:\/\/www.lebens-qi.at\/qishop\/brand\/yantra\/"}},"comments_number":"0","brands":[{"id":617,"name":"Yantra","slug":"yantra"}],"_links":{"self":[{"href":"https:\/\/www.lebens-qi.at\/qishop\/wp-json\/wp\/v2\/product\/4229","targetHints":{"allow":["GET"]}}],"collection":[{"href":"https:\/\/www.lebens-qi.at\/qishop\/wp-json\/wp\/v2\/product"}],"about":[{"href":"https:\/\/www.lebens-qi.at\/qishop\/wp-json\/wp\/v2\/types\/product"}],"replies":[{"embeddable":true,"href":"https:\/\/www.lebens-qi.at\/qishop\/wp-json\/wp\/v2\/comments?post=4229"}],"wp:featuredmedia":[{"embeddable":true,"href":"https:\/\/www.lebens-qi.at\/qishop\/wp-json\/wp\/v2\/media\/7676"}],"wp:attachment":[{"href":"https:\/\/www.lebens-qi.at\/qishop\/wp-json\/wp\/v2\/media?parent=4229"}],"wp:term":[{"taxonomy":"pwb-brand","embeddable":true,"href":"https:\/\/www.lebens-qi.at\/qishop\/wp-json\/wp\/v2\/pwb-brand?post=4229"},{"taxonomy":"product_brand","embeddable":true,"href":"https:\/\/www.lebens-qi.at\/qishop\/wp-json\/wp\/v2\/product_brand?post=4229"},{"taxonomy":"product_cat","embeddable":true,"href":"https:\/\/www.lebens-qi.at\/qishop\/wp-json\/wp\/v2\/product_cat?post=4229"},{"taxonomy":"product_tag","embeddable":true,"href":"https:\/\/www.lebens-qi.at\/qishop\/wp-json\/wp\/v2\/product_tag?post=4229"}],"curies":[{"name":"wp","href":"https:\/\/api.w.org\/{rel}","templated":true}]}}