{"id":4239,"date":"2024-03-06T18:30:04","date_gmt":"2024-03-06T17:30:04","guid":{"rendered":"https:\/\/www.lebens-qi.at\/qishop\/produkt\/blueten-natur-raeucherbox\/"},"modified":"2024-12-13T12:52:54","modified_gmt":"2024-12-13T11:52:54","slug":"blueten-natur-raeucherbox","status":"publish","type":"product","link":"https:\/\/www.lebens-qi.at\/qishop\/produkt\/blueten-natur-raeucherbox\/","title":{"rendered":"Bl\u00fcten natur R\u00e4ucherbox"},"content":{"rendered":"<p>2-f\u00e4rbige Speckstein-R\u00e4ucherbox mit Blumenmuster f\u00fcr stilvolles R\u00e4uchern. Das R\u00e4ucherst\u00e4bchen wird dazu horizontal in die Vorrichtung gesteckt.<\/p>\n<p>Gr\u00f6\u00dfe: ca. 27 cm<br \/>\nH\u00f6he: ca. 5 cm<br \/>\nMaterial: Speckstein<br \/>\nFarbe: natur<br \/>\n<em><b>Hinweis:<\/b> Farbe kann abweichen, da es sich um ein Naturprodukt handelt!<\/em><\/p>\n","protected":false},"excerpt":{"rendered":"<p>mit Blumenmuster<\/p>\n","protected":false},"featured_media":4238,"comment_status":"open","ping_status":"closed","template":"","meta":{"_links_to":"","_links_to_target":""},"pwb-brand":[617],"product_brand":[],"product_cat":[738],"product_tag":[743,680,592],"class_list":{"0":"post-4239","1":"product","2":"type-product","3":"status-publish","4":"has-post-thumbnail","6":"pwb-brand-yantra","7":"product_cat-raeuchersaeulen-boxen","8":"product_tag-raeucherbox","9":"product_tag-raeucherstaebchen","10":"product_tag-speckstein","12":"first","13":"instock","14":"taxable","15":"shipping-taxable","16":"purchasable","17":"product-type-simple"},"blog_post_layout_featured_media_urls":{"thumbnail":["https:\/\/www.lebens-qi.at\/qishop\/wp-content\/uploads\/rs-37-150x150.jpg",150,150,true],"full":["https:\/\/www.lebens-qi.at\/qishop\/wp-content\/uploads\/rs-37.jpg",600,600,false]},"categories":["617"],"categories_names":{"617":{"name":"Yantra","link":"https:\/\/www.lebens-qi.at\/qishop\/brand\/yantra\/"}},"comments_number":"0","brands":[{"id":617,"name":"Yantra","slug":"yantra"}],"_links":{"self":[{"href":"https:\/\/www.lebens-qi.at\/qishop\/wp-json\/wp\/v2\/product\/4239","targetHints":{"allow":["GET"]}}],"collection":[{"href":"https:\/\/www.lebens-qi.at\/qishop\/wp-json\/wp\/v2\/product"}],"about":[{"href":"https:\/\/www.lebens-qi.at\/qishop\/wp-json\/wp\/v2\/types\/product"}],"replies":[{"embeddable":true,"href":"https:\/\/www.lebens-qi.at\/qishop\/wp-json\/wp\/v2\/comments?post=4239"}],"wp:featuredmedia":[{"embeddable":true,"href":"https:\/\/www.lebens-qi.at\/qishop\/wp-json\/wp\/v2\/media\/4238"}],"wp:attachment":[{"href":"https:\/\/www.lebens-qi.at\/qishop\/wp-json\/wp\/v2\/media?parent=4239"}],"wp:term":[{"taxonomy":"pwb-brand","embeddable":true,"href":"https:\/\/www.lebens-qi.at\/qishop\/wp-json\/wp\/v2\/pwb-brand?post=4239"},{"taxonomy":"product_brand","embeddable":true,"href":"https:\/\/www.lebens-qi.at\/qishop\/wp-json\/wp\/v2\/product_brand?post=4239"},{"taxonomy":"product_cat","embeddable":true,"href":"https:\/\/www.lebens-qi.at\/qishop\/wp-json\/wp\/v2\/product_cat?post=4239"},{"taxonomy":"product_tag","embeddable":true,"href":"https:\/\/www.lebens-qi.at\/qishop\/wp-json\/wp\/v2\/product_tag?post=4239"}],"curies":[{"name":"wp","href":"https:\/\/api.w.org\/{rel}","templated":true}]}}