{"id":431,"date":"2024-02-05T20:12:15","date_gmt":"2024-02-05T19:12:15","guid":{"rendered":"https:\/\/www.lebens-qi.at\/qishop\/?post_type=product&#038;p=431"},"modified":"2025-08-14T16:46:03","modified_gmt":"2025-08-14T14:46:03","slug":"999-happy-lips","status":"publish","type":"product","link":"https:\/\/www.lebens-qi.at\/qishop\/produkt\/999-happy-lips\/","title":{"rendered":"999 Happy Lips"},"content":{"rendered":"<p>999 HAPPY LIPS <b>Lippenbalsam mit 100 % nat\u00fcrlichen Inhaltsstoffen und verfeinertem Gold<\/b><\/p>\n<p>Er eignet sich hervorragend, die Lippenkontur zu verbessern. Er erzeugt einen leichten, seidigen Glanz auf den Lippen und das Gef\u00fchl von etwas mehr F\u00fclle. Kostbare volumisierende und Feuchtigkeit spendende, nat\u00fcrliche, rein pflanzliche Inhaltsstoffe und kostbare hochreine \u00d6le sowie Carnaubapalmenwachs verleihen 999 HAPPY LIPS seine au\u00dfergew\u00f6hnliche Wirksamkeit. Sie k\u00f6nnen 999 HAPPY LIPS auch \u00fcber die Region der Lippen hinaus auftragen.<\/p>\n<p>999 HAPPY LIPS Lippenbalsam mit 100% nat\u00fcrlichen Inhaltsstoffen und 999 Gold st\u00e4rkt \u00fcber die Reflexzonen die Energie in der Niere, Geb\u00e4rmutter, Prostata, in den Eierst\u00f6cken und Hoden sowie im Nervensystem. In der altchinesischen Chen-Tradition sowie auch in der TCM besteht ein enger Zusammenhang zwischen den Lippen und dem Unterleib. F\u00e4ltchen auf der Oberlippe entstehen bei Frauen vorwiegend ab dem Klimakterium und weisen auf eine schw\u00e4cher werdende energetische Versorgung der Geschlechtsorgane hin. Deshalb ist es wichtig, diese Region energetisch gut zu versorgen, wodurch Lippenf\u00e4ltchen gemildert werden.<\/p>\n<p><b>Mit 999 HAPPY LIPS haben Sie die ideale Anti-Aging-L\u00f6sung in der Hand! <\/b><\/p>\n<p>Angelikawurzelextrakt, Brenndoldenwurzelextrakt und Ingwerwurzel\u00f6l werden verwendet, um die vitale Lebenskraft und Lebensenergie (Chi) zu st\u00e4rken.<\/p>\n<p>Lippenbalsam in Stiftform: Inhalt 3,6 g<\/p>\n<p><b>Inhaltsstoffe:<\/b><\/p>\n<p>Oliven\u00f6l, Bienenwachs, Carnaubapalmenwachs, S\u00fc\u00dfmandel\u00f6l, Angelikawurzelextrakt, Brenndoldenwurzelextrakt, Ingwerwurzel\u00f6l, Inka-Erdnusssamen\u00f6l, Oryzanol (Reiskleie), Myrrhen\u00f6l, Weihrauch\u00f6l, reines 999 Gold.<\/p>\n<p><b><em>INCI:<\/em><\/b><\/p>\n<p>Olea Europaea (Olive) Fruit Oil, Cera Alba (Beeswax), Copernicia Cerifera (Carnauba) Wax, Prunus Amygdalus Dulcis (Sweet Almond) Oil, Angelica Acutiloba Root Extract, Cnidium Officinale Root Extract, Zingiber Officinale (Ginger) Root Oil, Plukenetia Volubilis (Inca Peanuts) Seed Oil, Oryzanol, Commiphora Myrrha (Myrrh) Oil, Boswellia Carterii (Frankincense) Oil, CI 77480 (Gold).<\/p>\n<p><b>Ingredients:<\/b><\/p>\n<p>Olive Oil, Beeswax, Carnauba Palm Wax, Sweet Almond Oil, Angelica Root Extract, Stinging Umbelliferous Root Extract, Ginger Root Oil, Inca Peanuts Seed Oil, Oryzanol (Rice bran), Myrrh Oil, Frankincense Oil, purest 999 Gold.<\/p>\n<p>F\u00fcr den Text verantwortlich: Yogano G.m.b.H.<\/p>\n","protected":false},"excerpt":{"rendered":"<p>Nat\u00fcrlicher Lippenbalsam mit Feingold<\/p>\n","protected":false},"featured_media":16665,"comment_status":"open","ping_status":"closed","template":"","meta":{"_links_to":"","_links_to_target":""},"pwb-brand":[111],"product_brand":[],"product_cat":[86,2150],"product_tag":[170,185,257,92,93,91],"class_list":{"0":"post-431","1":"product","2":"type-product","3":"status-publish","4":"has-post-thumbnail","6":"pwb-brand-yogana","7":"product_cat-yogana","8":"product_cat-lippenpflege","9":"product_tag-gold","10":"product_tag-lippenbalsam","11":"product_tag-lippenpflege","12":"product_tag-naturkosmetik","13":"product_tag-pflege","14":"product_tag-yogana","16":"first","17":"instock","18":"taxable","19":"shipping-taxable","20":"purchasable","21":"product-type-simple"},"blog_post_layout_featured_media_urls":{"thumbnail":["https:\/\/www.lebens-qi.at\/qishop\/wp-content\/uploads\/Happy-lips-150x150.png",150,150,true],"full":["https:\/\/www.lebens-qi.at\/qishop\/wp-content\/uploads\/Happy-lips.png",800,800,false]},"categories":["111"],"categories_names":{"111":{"name":"Yogana","link":"https:\/\/www.lebens-qi.at\/qishop\/brand\/yogana\/"}},"comments_number":"0","brands":[{"id":111,"name":"Yogana","slug":"yogana"}],"_links":{"self":[{"href":"https:\/\/www.lebens-qi.at\/qishop\/wp-json\/wp\/v2\/product\/431","targetHints":{"allow":["GET"]}}],"collection":[{"href":"https:\/\/www.lebens-qi.at\/qishop\/wp-json\/wp\/v2\/product"}],"about":[{"href":"https:\/\/www.lebens-qi.at\/qishop\/wp-json\/wp\/v2\/types\/product"}],"replies":[{"embeddable":true,"href":"https:\/\/www.lebens-qi.at\/qishop\/wp-json\/wp\/v2\/comments?post=431"}],"wp:featuredmedia":[{"embeddable":true,"href":"https:\/\/www.lebens-qi.at\/qishop\/wp-json\/wp\/v2\/media\/16665"}],"wp:attachment":[{"href":"https:\/\/www.lebens-qi.at\/qishop\/wp-json\/wp\/v2\/media?parent=431"}],"wp:term":[{"taxonomy":"pwb-brand","embeddable":true,"href":"https:\/\/www.lebens-qi.at\/qishop\/wp-json\/wp\/v2\/pwb-brand?post=431"},{"taxonomy":"product_brand","embeddable":true,"href":"https:\/\/www.lebens-qi.at\/qishop\/wp-json\/wp\/v2\/product_brand?post=431"},{"taxonomy":"product_cat","embeddable":true,"href":"https:\/\/www.lebens-qi.at\/qishop\/wp-json\/wp\/v2\/product_cat?post=431"},{"taxonomy":"product_tag","embeddable":true,"href":"https:\/\/www.lebens-qi.at\/qishop\/wp-json\/wp\/v2\/product_tag?post=431"}],"curies":[{"name":"wp","href":"https:\/\/api.w.org\/{rel}","templated":true}]}}