{"id":4314,"date":"2024-03-06T18:31:16","date_gmt":"2024-03-06T17:31:16","guid":{"rendered":"https:\/\/www.lebens-qi.at\/qishop\/produkt\/runder-blume-des-lebens-raeucherhalter\/"},"modified":"2024-12-11T11:22:17","modified_gmt":"2024-12-11T10:22:17","slug":"runder-blume-des-lebens-raeucherhalter","status":"publish","type":"product","link":"https:\/\/www.lebens-qi.at\/qishop\/produkt\/runder-blume-des-lebens-raeucherhalter\/","title":{"rendered":"Runder Blume des Lebens R\u00e4ucherhalter"},"content":{"rendered":"<p>Runder R\u00e4ucherhalter aus Wei\u00dfmetall <b>mit Blume des Lebens &#8211; Relief<\/b>. Mit dem beliebten, harmonisierenden Symbol der Lebensblume.<\/p>\n<p>Geeignet f\u00fcr indische R\u00e4ucherst\u00e4bchen (mit Bambus), aber auch als Kerzenuntersetzer<br \/>\nleicht gew\u00f6lbte Form<br \/>\n\u00f8 12 cm. Wei\u00dfmetall<\/p>\n","protected":false},"excerpt":{"rendered":"<p>aus Wei\u00dfmetall<\/p>\n","protected":false},"featured_media":4313,"comment_status":"open","ping_status":"closed","template":"","meta":{"_links_to":"","_links_to_target":""},"pwb-brand":[307],"product_brand":[],"product_cat":[582,591,740,733],"product_tag":[308,730,680,746],"class_list":{"0":"post-4314","1":"product","2":"type-product","3":"status-publish","4":"has-post-thumbnail","6":"pwb-brand-berk","7":"product_cat-blume-des-lebens-produkte","8":"product_cat-kerzenteller-halter","9":"product_cat-metallhalter","10":"product_cat-runde-halter","11":"product_tag-blume-des-lebens","12":"product_tag-halter","13":"product_tag-raeucherstaebchen","14":"product_tag-weissmetall","16":"first","17":"instock","18":"taxable","19":"shipping-taxable","20":"purchasable","21":"product-type-simple"},"blog_post_layout_featured_media_urls":{"thumbnail":["https:\/\/www.lebens-qi.at\/qishop\/wp-content\/uploads\/kh-908_1-150x150.jpg",150,150,true],"full":["https:\/\/www.lebens-qi.at\/qishop\/wp-content\/uploads\/kh-908_1.jpg",2500,2500,false]},"categories":["307"],"categories_names":{"307":{"name":"Berk","link":"https:\/\/www.lebens-qi.at\/qishop\/brand\/berk\/"}},"comments_number":"0","brands":[{"id":307,"name":"Berk","slug":"berk"}],"_links":{"self":[{"href":"https:\/\/www.lebens-qi.at\/qishop\/wp-json\/wp\/v2\/product\/4314","targetHints":{"allow":["GET"]}}],"collection":[{"href":"https:\/\/www.lebens-qi.at\/qishop\/wp-json\/wp\/v2\/product"}],"about":[{"href":"https:\/\/www.lebens-qi.at\/qishop\/wp-json\/wp\/v2\/types\/product"}],"replies":[{"embeddable":true,"href":"https:\/\/www.lebens-qi.at\/qishop\/wp-json\/wp\/v2\/comments?post=4314"}],"wp:featuredmedia":[{"embeddable":true,"href":"https:\/\/www.lebens-qi.at\/qishop\/wp-json\/wp\/v2\/media\/4313"}],"wp:attachment":[{"href":"https:\/\/www.lebens-qi.at\/qishop\/wp-json\/wp\/v2\/media?parent=4314"}],"wp:term":[{"taxonomy":"pwb-brand","embeddable":true,"href":"https:\/\/www.lebens-qi.at\/qishop\/wp-json\/wp\/v2\/pwb-brand?post=4314"},{"taxonomy":"product_brand","embeddable":true,"href":"https:\/\/www.lebens-qi.at\/qishop\/wp-json\/wp\/v2\/product_brand?post=4314"},{"taxonomy":"product_cat","embeddable":true,"href":"https:\/\/www.lebens-qi.at\/qishop\/wp-json\/wp\/v2\/product_cat?post=4314"},{"taxonomy":"product_tag","embeddable":true,"href":"https:\/\/www.lebens-qi.at\/qishop\/wp-json\/wp\/v2\/product_tag?post=4314"}],"curies":[{"name":"wp","href":"https:\/\/api.w.org\/{rel}","templated":true}]}}