{"id":4322,"date":"2024-03-06T18:31:28","date_gmt":"2024-03-06T17:31:28","guid":{"rendered":"https:\/\/www.lebens-qi.at\/qishop\/produkt\/koenigskerzenblatt-raeucherstaebchenhalter-natur\/"},"modified":"2025-10-21T19:20:45","modified_gmt":"2025-10-21T17:20:45","slug":"koenigskerzenblatt-raeucherstaebchenhalter-natur","status":"publish","type":"product","link":"https:\/\/www.lebens-qi.at\/qishop\/produkt\/koenigskerzenblatt-raeucherstaebchenhalter-natur\/","title":{"rendered":"K\u00f6nigskerzenblatt R\u00e4ucherst\u00e4bchenhalter Natur"},"content":{"rendered":"<p><b>l\u00e4nglicher R\u00e4ucherst\u00e4bchenhalter aus Keramik in nat\u00fcrlicher Blattform<br \/>\n<\/b>handgefertigte St\u00fccke, bei denen f\u00fcr jeden St\u00e4bchenhalter ein echtes Blatt f\u00fcr den Abdruck verwendet wird. Dadurch bekommt jeder seine einzigartig Form und Zeichnung. Kein Blatt gleicht dem anderen!<\/p>\n<p>erh\u00e4ltlich mit verschiedenfarbigen Glasuren<br \/>\nGr\u00f6\u00dfe ca. cm<br \/>\nFarbe laut gew\u00e4hlter Variante<br \/>\nLieferumfang 1 Blatt ohne R\u00e4ucherst\u00e4bchen, diese bitte separat bestellen<\/p>\n<p><em>Hinweis: Bei den Produktfotos handelt es sich um Symbolfotos. Jedes Blatt hat eine individuelle Aderung, Form und Glasur.<\/em><\/p>\n","protected":false},"excerpt":{"rendered":"<p>handgefertigte Unikate<\/p>\n","protected":false},"featured_media":17209,"comment_status":"open","ping_status":"closed","template":"","meta":{"_links_to":"","_links_to_target":""},"pwb-brand":[323],"product_brand":[],"product_cat":[729],"product_tag":[314,730,305,303,680,751],"class_list":{"0":"post-4322","1":"product","2":"type-product","3":"status-publish","4":"has-post-thumbnail","6":"pwb-brand-kreatives-by-petra","7":"product_cat-schiffchenhalter","8":"product_tag-blatt","9":"product_tag-halter","10":"product_tag-handgefertigt","11":"product_tag-keramik","12":"product_tag-raeucherstaebchen","13":"product_tag-unikat","15":"first","16":"instock","17":"taxable","18":"shipping-taxable","19":"purchasable","20":"product-type-simple"},"blog_post_layout_featured_media_urls":{"thumbnail":["https:\/\/www.lebens-qi.at\/qishop\/wp-content\/uploads\/RH-Blatt-natur-150x150.png",150,150,true],"full":["https:\/\/www.lebens-qi.at\/qishop\/wp-content\/uploads\/RH-Blatt-natur.png",800,800,false]},"categories":["323"],"categories_names":{"323":{"name":"Kreatives by Petra","link":"https:\/\/www.lebens-qi.at\/qishop\/brand\/kreatives-by-petra\/"}},"comments_number":"0","brands":[{"id":323,"name":"Kreatives by Petra","slug":"kreatives-by-petra"}],"_links":{"self":[{"href":"https:\/\/www.lebens-qi.at\/qishop\/wp-json\/wp\/v2\/product\/4322","targetHints":{"allow":["GET"]}}],"collection":[{"href":"https:\/\/www.lebens-qi.at\/qishop\/wp-json\/wp\/v2\/product"}],"about":[{"href":"https:\/\/www.lebens-qi.at\/qishop\/wp-json\/wp\/v2\/types\/product"}],"replies":[{"embeddable":true,"href":"https:\/\/www.lebens-qi.at\/qishop\/wp-json\/wp\/v2\/comments?post=4322"}],"wp:featuredmedia":[{"embeddable":true,"href":"https:\/\/www.lebens-qi.at\/qishop\/wp-json\/wp\/v2\/media\/17209"}],"wp:attachment":[{"href":"https:\/\/www.lebens-qi.at\/qishop\/wp-json\/wp\/v2\/media?parent=4322"}],"wp:term":[{"taxonomy":"pwb-brand","embeddable":true,"href":"https:\/\/www.lebens-qi.at\/qishop\/wp-json\/wp\/v2\/pwb-brand?post=4322"},{"taxonomy":"product_brand","embeddable":true,"href":"https:\/\/www.lebens-qi.at\/qishop\/wp-json\/wp\/v2\/product_brand?post=4322"},{"taxonomy":"product_cat","embeddable":true,"href":"https:\/\/www.lebens-qi.at\/qishop\/wp-json\/wp\/v2\/product_cat?post=4322"},{"taxonomy":"product_tag","embeddable":true,"href":"https:\/\/www.lebens-qi.at\/qishop\/wp-json\/wp\/v2\/product_tag?post=4322"}],"curies":[{"name":"wp","href":"https:\/\/api.w.org\/{rel}","templated":true}]}}