{"id":433,"date":"2024-02-05T20:12:16","date_gmt":"2024-02-05T19:12:16","guid":{"rendered":"https:\/\/www.lebens-qi.at\/qishop\/?post_type=product&#038;p=433"},"modified":"2025-08-14T14:36:32","modified_gmt":"2025-08-14T12:36:32","slug":"999-happy-peeling","status":"publish","type":"product","link":"https:\/\/www.lebens-qi.at\/qishop\/produkt\/999-happy-peeling\/","title":{"rendered":"999 Happy Peeling"},"content":{"rendered":"<p>999 HAPPY PEELING Ananas-, Papaya- und Maulbeerextrakt verst\u00e4rkt durch die Wirkkraft von reinstem 999 Feingold bewirken das sanfteste und zarteste Peeling f\u00fcr Gesicht &amp; K\u00f6rper, das Sie je auf Ihrer Haut gesp\u00fcrt haben.<\/p>\n<p><b>ANWENDUNG:<\/b><\/p>\n<p>Wie?<\/p>\n<p>Ein- bis zweimal pro Woche Gesicht, Hals und Dekolletee mit warmem Wasser leicht anfeuchten und in sanft kreisenden Bewegungen 999 HAPPY PEELING einmassieren \u2013 Augenkonturen sehr sanft behandeln oder auslassen. Nach ca. 15 Minuten mit viel klarem Wasser abwaschen und mit 999 FACE DREAM und\/oder 999 \u2013 THE MIRACLE eincremen.<\/p>\n<p>Warum?<\/p>\n<p>999 HAPPY PEELING mit Papaya- und Ananasextrakt verst\u00e4rkt und vitalisiert das Chi der Haut<\/p>\n<p>&#8211; mildert oberfl\u00e4chliche Pigmentflecken<\/p>\n<p>&#8211; entfernt Hautablagerungen, abgestorbene hornige Hautzellen und Hautunreinheiten<\/p>\n<p>&#8211; gl\u00e4ttet sanft Falten und Linien<\/p>\n<p>&#8211; erfrischt durch essentielle Fetts\u00e4uren und Feuchtigkeit<\/p>\n<p>&#8211; verbessert die Aufnahmef\u00e4higkeit der Haut f\u00fcr 999 FACE DREAM und\/der 999 \u2013 THE MIRACLE<\/p>\n<p><b>BESCHREIBUNG:<\/b><\/p>\n<p>\u201eYellow Emperor\u2018s Inner Classic\u201c, die wichtigsten \u00fcberlieferten Texte vom Gelben Kaiser im alten China (ca 2.600 v. Chr.) betonen die enorme Wichtigkeit von gutem Chi als Schutz gegen externe negative Kr\u00e4fte. Chi flie\u00dft durch die Haut und kontrolliert das \u00d6ffnen und Schlie\u00dfen der Verbindungen zu den \u00e4u\u00dferen Meridianen. Unausgewogenes Chi und blockierende Hautablagerungen werden auch als Ursache f\u00fcr fleckige, trockene und juckende Haut gesehen.<\/p>\n<p>Dieses Produkt ist in folgender Gr\u00f6\u00dfe erh\u00e4ltlich: 35 ml<\/p>\n<p><b>Inhaltsstoffe:<\/b><\/p>\n<p>Wasser, Sheanussbutter, Jojobasamen\u00f6l, Maulbeerenextrakt, Ananasextrakt, Papayaextrakt, S\u00fc\u00dfholzwurzelextrakt, Tigergrasextrakt, Pilzgel, pflanzliche Fetts\u00e4ure,verseiftes Oliven\u00f6l, Zellulose, Mannan (nat\u00fcrlicher Gelbildner), Lavendel\u00f6l, Myrrhen\u00f6l, Damaszener-Rosenbl\u00fcten\u00f6l, reinstes 999 Gold.<\/p>\n<p><em><b>INCI:<\/b><\/em><\/p>\n<p>Aqua, Butyrospermum Parkii (Shea Butter) Fruit, Simmondsia Chinensis (Jojoba) Seed Oil, Morus Alba (Mulberry) Fruit Extract, Ananas Sativus (Pineapple) Fruit Extract, Carica Papaya Fruit Extract, Glycyrrhiza Glabra (Licorice) Root Extract, Centella Asiatica Extract, Sclerotium Gum, Glyceryl Caprylate, Potassium Olivate, Cellulose, Mannan, Lavandula Angustifolia (Lavender) Oil, Commiphora Myrrha (Myrrh) Oil, Rosa Damascena (Rose) Flower Oil, CI 77480 (99,99% Gold).<\/p>\n<p><b>Ingredients:<\/b><\/p>\n<p>Water, Shea Butter, Jojoba Seed Oil, Mulberry Extract, Pineapple Extract, Papaya Extract, Licorice Root Extract, Tiger Grass Extract, Mushroom Gel, Vegetable Fatty Acid,Saponified Olive Oil, Cellulose, Mannan (natural Gelling Former), Lavender Oil, Myrrh Oil, Damask Rose Flower Oil, purest 999 Gold.<\/p>\n<p>F\u00fcr den Text verantwortlich: Yogano G.m.b.H.<\/p>\n","protected":false},"excerpt":{"rendered":"<p>Nat\u00fcrliches Peeling mit Gold<\/p>\n","protected":false},"featured_media":16637,"comment_status":"open","ping_status":"closed","template":"","meta":{"_links_to":"","_links_to_target":""},"pwb-brand":[111],"product_brand":[],"product_cat":[2149,86],"product_tag":[92,179,93,91],"class_list":{"0":"post-433","1":"product","2":"type-product","3":"status-publish","4":"has-post-thumbnail","6":"pwb-brand-yogana","7":"product_cat-gesichtspflege","8":"product_cat-yogana","9":"product_tag-naturkosmetik","10":"product_tag-peeling","11":"product_tag-pflege","12":"product_tag-yogana","14":"first","15":"instock","16":"taxable","17":"shipping-taxable","18":"purchasable","19":"product-type-simple"},"blog_post_layout_featured_media_urls":{"thumbnail":["https:\/\/www.lebens-qi.at\/qishop\/wp-content\/uploads\/Happy-Peeling-351-150x150.png",150,150,true],"full":["https:\/\/www.lebens-qi.at\/qishop\/wp-content\/uploads\/Happy-Peeling-351.png",800,800,false]},"categories":["111"],"categories_names":{"111":{"name":"Yogana","link":"https:\/\/www.lebens-qi.at\/qishop\/brand\/yogana\/"}},"comments_number":"0","brands":[{"id":111,"name":"Yogana","slug":"yogana"}],"_links":{"self":[{"href":"https:\/\/www.lebens-qi.at\/qishop\/wp-json\/wp\/v2\/product\/433","targetHints":{"allow":["GET"]}}],"collection":[{"href":"https:\/\/www.lebens-qi.at\/qishop\/wp-json\/wp\/v2\/product"}],"about":[{"href":"https:\/\/www.lebens-qi.at\/qishop\/wp-json\/wp\/v2\/types\/product"}],"replies":[{"embeddable":true,"href":"https:\/\/www.lebens-qi.at\/qishop\/wp-json\/wp\/v2\/comments?post=433"}],"wp:featuredmedia":[{"embeddable":true,"href":"https:\/\/www.lebens-qi.at\/qishop\/wp-json\/wp\/v2\/media\/16637"}],"wp:attachment":[{"href":"https:\/\/www.lebens-qi.at\/qishop\/wp-json\/wp\/v2\/media?parent=433"}],"wp:term":[{"taxonomy":"pwb-brand","embeddable":true,"href":"https:\/\/www.lebens-qi.at\/qishop\/wp-json\/wp\/v2\/pwb-brand?post=433"},{"taxonomy":"product_brand","embeddable":true,"href":"https:\/\/www.lebens-qi.at\/qishop\/wp-json\/wp\/v2\/product_brand?post=433"},{"taxonomy":"product_cat","embeddable":true,"href":"https:\/\/www.lebens-qi.at\/qishop\/wp-json\/wp\/v2\/product_cat?post=433"},{"taxonomy":"product_tag","embeddable":true,"href":"https:\/\/www.lebens-qi.at\/qishop\/wp-json\/wp\/v2\/product_tag?post=433"}],"curies":[{"name":"wp","href":"https:\/\/api.w.org\/{rel}","templated":true}]}}