{"id":4333,"date":"2024-03-06T18:31:43","date_gmt":"2024-03-06T17:31:43","guid":{"rendered":"https:\/\/www.lebens-qi.at\/qishop\/produkt\/runder-lebensbaum-raeucherhalter\/"},"modified":"2024-12-11T11:22:16","modified_gmt":"2024-12-11T10:22:16","slug":"runder-lebensbaum-raeucherhalter","status":"publish","type":"product","link":"https:\/\/www.lebens-qi.at\/qishop\/produkt\/runder-lebensbaum-raeucherhalter\/","title":{"rendered":"Runder Lebensbaum R\u00e4ucherhalter"},"content":{"rendered":"<p>Runder R\u00e4ucherhalter aus Wei\u00dfmetall <b>mit Lebensbaum &#8211; Relief<\/b>. Wundersch\u00f6ner, metallener St\u00e4bchenhalter mit Yggdrasil, dem Weltenbaum.<\/p>\n<p>Geeignet f\u00fcr indische R\u00e4ucherst\u00e4bchen (mit Bambus)<br \/>\u00f8 13 cm. Wei\u00dfmetall<\/p>\n","protected":false},"excerpt":{"rendered":"<p>aus Wei\u00dfmetall<\/p>\n","protected":false},"featured_media":4332,"comment_status":"open","ping_status":"closed","template":"","meta":{"_links_to":"","_links_to_target":""},"pwb-brand":[307],"product_brand":[],"product_cat":[740,733],"product_tag":[730,312,680,746],"class_list":{"0":"post-4333","1":"product","2":"type-product","3":"status-publish","4":"has-post-thumbnail","6":"pwb-brand-berk","7":"product_cat-metallhalter","8":"product_cat-runde-halter","9":"product_tag-halter","10":"product_tag-lebensbaum","11":"product_tag-raeucherstaebchen","12":"product_tag-weissmetall","14":"first","15":"instock","16":"taxable","17":"shipping-taxable","18":"purchasable","19":"product-type-simple"},"blog_post_layout_featured_media_urls":{"thumbnail":["https:\/\/www.lebens-qi.at\/qishop\/wp-content\/uploads\/kh-909_1-150x150.jpg",150,150,true],"full":["https:\/\/www.lebens-qi.at\/qishop\/wp-content\/uploads\/kh-909_1.jpg",2500,2500,false]},"categories":["307"],"categories_names":{"307":{"name":"Berk","link":"https:\/\/www.lebens-qi.at\/qishop\/brand\/berk\/"}},"comments_number":"0","brands":[{"id":307,"name":"Berk","slug":"berk"}],"_links":{"self":[{"href":"https:\/\/www.lebens-qi.at\/qishop\/wp-json\/wp\/v2\/product\/4333","targetHints":{"allow":["GET"]}}],"collection":[{"href":"https:\/\/www.lebens-qi.at\/qishop\/wp-json\/wp\/v2\/product"}],"about":[{"href":"https:\/\/www.lebens-qi.at\/qishop\/wp-json\/wp\/v2\/types\/product"}],"replies":[{"embeddable":true,"href":"https:\/\/www.lebens-qi.at\/qishop\/wp-json\/wp\/v2\/comments?post=4333"}],"wp:featuredmedia":[{"embeddable":true,"href":"https:\/\/www.lebens-qi.at\/qishop\/wp-json\/wp\/v2\/media\/4332"}],"wp:attachment":[{"href":"https:\/\/www.lebens-qi.at\/qishop\/wp-json\/wp\/v2\/media?parent=4333"}],"wp:term":[{"taxonomy":"pwb-brand","embeddable":true,"href":"https:\/\/www.lebens-qi.at\/qishop\/wp-json\/wp\/v2\/pwb-brand?post=4333"},{"taxonomy":"product_brand","embeddable":true,"href":"https:\/\/www.lebens-qi.at\/qishop\/wp-json\/wp\/v2\/product_brand?post=4333"},{"taxonomy":"product_cat","embeddable":true,"href":"https:\/\/www.lebens-qi.at\/qishop\/wp-json\/wp\/v2\/product_cat?post=4333"},{"taxonomy":"product_tag","embeddable":true,"href":"https:\/\/www.lebens-qi.at\/qishop\/wp-json\/wp\/v2\/product_tag?post=4333"}],"curies":[{"name":"wp","href":"https:\/\/api.w.org\/{rel}","templated":true}]}}