{"id":4342,"date":"2024-03-06T18:31:52","date_gmt":"2024-03-06T17:31:52","guid":{"rendered":"https:\/\/www.lebens-qi.at\/qishop\/produkt\/om-runder-raeucherhalter-naturweiss\/"},"modified":"2024-12-13T12:51:34","modified_gmt":"2024-12-13T11:51:34","slug":"om-runder-raeucherhalter-naturweiss","status":"publish","type":"product","link":"https:\/\/www.lebens-qi.at\/qishop\/produkt\/om-runder-raeucherhalter-naturweiss\/","title":{"rendered":"OM Runder R\u00e4ucherhalter naturwei\u00df"},"content":{"rendered":"<p>Runder R\u00e4ucherst\u00e4bchenhalter, geeignet f\u00fcr R\u00e4ucherst\u00e4bchen und auch R\u00e4ucherkegel <br \/>mit Relief &#8211; Symbol: OM <br \/>\u2022 integrierte Metallh\u00fclse zum sicheren Abbrennen von Kegeln<br \/>\u2022 3 kleine L\u00f6cher f\u00fcr R\u00e4ucherst\u00e4bchen<\/p>\n<p>Gr\u00f6\u00dfe: ca. 10 cm<br \/>Material: Kunstharz<br \/>Farbe: naturwei\u00df<br \/><em><b>Hinweis:<\/b> leichte Farbabweichungen m\u00f6glich<\/em><\/p>\n","protected":false},"excerpt":{"rendered":"<p>f\u00fcr R\u00e4ucherst\u00e4bchen oder Kegel<\/p>\n","protected":false},"featured_media":4341,"comment_status":"open","ping_status":"closed","template":"","meta":{"_links_to":"","_links_to_target":""},"pwb-brand":[617],"product_brand":[],"product_cat":[737,733],"product_tag":[730,169,680],"class_list":{"0":"post-4342","1":"product","2":"type-product","3":"status-publish","4":"has-post-thumbnail","6":"pwb-brand-yantra","7":"product_cat-kegelhalter","8":"product_cat-runde-halter","9":"product_tag-halter","10":"product_tag-om","11":"product_tag-raeucherstaebchen","13":"first","14":"instock","15":"taxable","16":"shipping-taxable","17":"purchasable","18":"product-type-simple"},"blog_post_layout_featured_media_urls":{"thumbnail":["https:\/\/www.lebens-qi.at\/qishop\/wp-content\/uploads\/halter-om-weiss-150x150.jpg",150,150,true],"full":["https:\/\/www.lebens-qi.at\/qishop\/wp-content\/uploads\/halter-om-weiss.jpg",600,600,false]},"categories":["617"],"categories_names":{"617":{"name":"Yantra","link":"https:\/\/www.lebens-qi.at\/qishop\/brand\/yantra\/"}},"comments_number":"0","brands":[{"id":617,"name":"Yantra","slug":"yantra"}],"_links":{"self":[{"href":"https:\/\/www.lebens-qi.at\/qishop\/wp-json\/wp\/v2\/product\/4342","targetHints":{"allow":["GET"]}}],"collection":[{"href":"https:\/\/www.lebens-qi.at\/qishop\/wp-json\/wp\/v2\/product"}],"about":[{"href":"https:\/\/www.lebens-qi.at\/qishop\/wp-json\/wp\/v2\/types\/product"}],"replies":[{"embeddable":true,"href":"https:\/\/www.lebens-qi.at\/qishop\/wp-json\/wp\/v2\/comments?post=4342"}],"wp:featuredmedia":[{"embeddable":true,"href":"https:\/\/www.lebens-qi.at\/qishop\/wp-json\/wp\/v2\/media\/4341"}],"wp:attachment":[{"href":"https:\/\/www.lebens-qi.at\/qishop\/wp-json\/wp\/v2\/media?parent=4342"}],"wp:term":[{"taxonomy":"pwb-brand","embeddable":true,"href":"https:\/\/www.lebens-qi.at\/qishop\/wp-json\/wp\/v2\/pwb-brand?post=4342"},{"taxonomy":"product_brand","embeddable":true,"href":"https:\/\/www.lebens-qi.at\/qishop\/wp-json\/wp\/v2\/product_brand?post=4342"},{"taxonomy":"product_cat","embeddable":true,"href":"https:\/\/www.lebens-qi.at\/qishop\/wp-json\/wp\/v2\/product_cat?post=4342"},{"taxonomy":"product_tag","embeddable":true,"href":"https:\/\/www.lebens-qi.at\/qishop\/wp-json\/wp\/v2\/product_tag?post=4342"}],"curies":[{"name":"wp","href":"https:\/\/api.w.org\/{rel}","templated":true}]}}