{"id":4368,"date":"2024-03-11T12:19:31","date_gmt":"2024-03-11T11:19:31","guid":{"rendered":"https:\/\/www.lebens-qi.at\/qishop\/produkt\/bohrservice-fuer-trommelsteine\/"},"modified":"2025-02-20T16:15:01","modified_gmt":"2025-02-20T15:15:01","slug":"bohrservice-fuer-trommelsteine","status":"publish","type":"product","link":"https:\/\/www.lebens-qi.at\/qishop\/produkt\/bohrservice-fuer-trommelsteine\/","title":{"rendered":"!!! Bohrservice f\u00fcr Trommelsteine !!!"},"content":{"rendered":"<p><b>Wir bohren auf Wunsch auch in Trommelsteine, Chakrasteine, Rohsteine, etc. L\u00f6cher, damit Sie Ihren Lieblingsstein als Schmuckst\u00fcck tragen k\u00f6nnen!<\/b><\/p>\n<p>Wenn Sie einen Stein im Lebens-Qi Online-Shop kaufen und gebohrt haben m\u00f6chten, &#8222;kaufen&#8220; Sie bitte diesen Service und geben Sie beim Abschicken Ihrer Bestellung an, welcher Stein gebohrt werden soll.<\/p>\n<p><b>Auch fremde Ware oder selbst gefundene Steine k\u00f6nnen Sie bei uns bohren lassen.<\/b> Daf\u00fcr senden Sie bitte Ihren Stein an:<br \/>\n<b>Lebens-Qi<\/b><br \/>\nBahnstr. 48<br \/>\n2230 G\u00e4nserndorf<br \/>\n<em>In seltenen F\u00e4llen zerbrechen trotz Wasserk\u00fchlung Steine beim Bohren. Wir k\u00f6nnen daher f\u00fcr bereitgestellte Ware keine Garantie \u00fcbernehmen.<\/em><\/p>\n<p>Die Servicepauschale betr\u00e4gt pro Bohrung nur \u20ac 5,-<\/p>\n","protected":false},"excerpt":{"rendered":"<p>Ihr Lieblingsstein als Anh\u00e4nger!<\/p>\n","protected":false},"featured_media":4367,"comment_status":"open","ping_status":"closed","template":"","meta":{"_links_to":"","_links_to_target":""},"pwb-brand":[161],"product_brand":[],"product_cat":[755],"product_tag":[756],"class_list":{"0":"post-4368","1":"product","2":"type-product","3":"status-publish","4":"has-post-thumbnail","6":"pwb-brand-lebens-qi","7":"product_cat-trommelsteine","8":"product_tag-trommelstein","10":"first","11":"instock","12":"taxable","13":"shipping-taxable","14":"purchasable","15":"product-type-variable"},"blog_post_layout_featured_media_urls":{"thumbnail":["https:\/\/www.lebens-qi.at\/qishop\/wp-content\/uploads\/bohrservice-150x150.jpg",150,150,true],"full":["https:\/\/www.lebens-qi.at\/qishop\/wp-content\/uploads\/bohrservice.jpg",250,200,false]},"categories":["161"],"categories_names":{"161":{"name":"LEBENS-QI","link":"https:\/\/www.lebens-qi.at\/qishop\/brand\/lebens-qi\/"}},"comments_number":"0","brands":[{"id":161,"name":"LEBENS-QI","slug":"lebens-qi"}],"_links":{"self":[{"href":"https:\/\/www.lebens-qi.at\/qishop\/wp-json\/wp\/v2\/product\/4368","targetHints":{"allow":["GET"]}}],"collection":[{"href":"https:\/\/www.lebens-qi.at\/qishop\/wp-json\/wp\/v2\/product"}],"about":[{"href":"https:\/\/www.lebens-qi.at\/qishop\/wp-json\/wp\/v2\/types\/product"}],"replies":[{"embeddable":true,"href":"https:\/\/www.lebens-qi.at\/qishop\/wp-json\/wp\/v2\/comments?post=4368"}],"wp:featuredmedia":[{"embeddable":true,"href":"https:\/\/www.lebens-qi.at\/qishop\/wp-json\/wp\/v2\/media\/4367"}],"wp:attachment":[{"href":"https:\/\/www.lebens-qi.at\/qishop\/wp-json\/wp\/v2\/media?parent=4368"}],"wp:term":[{"taxonomy":"pwb-brand","embeddable":true,"href":"https:\/\/www.lebens-qi.at\/qishop\/wp-json\/wp\/v2\/pwb-brand?post=4368"},{"taxonomy":"product_brand","embeddable":true,"href":"https:\/\/www.lebens-qi.at\/qishop\/wp-json\/wp\/v2\/product_brand?post=4368"},{"taxonomy":"product_cat","embeddable":true,"href":"https:\/\/www.lebens-qi.at\/qishop\/wp-json\/wp\/v2\/product_cat?post=4368"},{"taxonomy":"product_tag","embeddable":true,"href":"https:\/\/www.lebens-qi.at\/qishop\/wp-json\/wp\/v2\/product_tag?post=4368"}],"curies":[{"name":"wp","href":"https:\/\/api.w.org\/{rel}","templated":true}]}}