{"id":4406,"date":"2024-03-11T12:20:42","date_gmt":"2024-03-11T11:20:42","guid":{"rendered":"https:\/\/www.lebens-qi.at\/qishop\/produkt\/bergkristall-trommelsteine-aufladesteine\/"},"modified":"2025-03-13T15:34:13","modified_gmt":"2025-03-13T14:34:13","slug":"bergkristall-trommelsteine-aufladesteine","status":"publish","type":"product","link":"https:\/\/www.lebens-qi.at\/qishop\/produkt\/bergkristall-trommelsteine-aufladesteine\/","title":{"rendered":"Bergkristall Trommelsteine &#8211; Aufladesteine"},"content":{"rendered":"<p><b>Bergkristall Mini-Trommelsteine &#8211; &#8222;Aufladesteine&#8220;<\/b><br \/>\nFarbe: klar<br \/>\nDie Mini-Trommelsteine werden in eine kleine Schale \/ Untertasse gegeben, um dann andere Steine und Steinschmuck f\u00fcr einige Stunden darauf zu legen, damit diese energetisch aufgeladen werden. Davor sollten die Steine gereinigt werden &#8211; zB mit unserem Bergkristall-Reinigungsspray oder H\u00e4matit-Entladesteinen.<\/p>\n<p>F\u00fcr die sog. Heilsteinwirkung lesen Sie bitte in entsprechenden B\u00fcchern nach. Aus rechtlichen Gr\u00fcnden d\u00fcrfen wir keine gesundheitlichen Aussagen treffen. <a href=\"https:\/\/www.lebens-qi.at\/qishop\/produkt-kategorie\/mehr\/buecher\/heilsteine\/\">Hier finden Sie unsere Auswahl an Steineb\u00fcchern.<\/a><\/p>\n<p>Gr\u00f6\u00dfe: Mini-\/Micro-Trommelsteine<\/p>\n<p><em>Lieferumfang ca. 200 g in Papiert\u00fcte<\/em><\/p>\n","protected":false},"excerpt":{"rendered":"<p>zum Aufladen anderer Steine<\/p>\n","protected":false},"featured_media":4405,"comment_status":"open","ping_status":"closed","template":"","meta":{"_links_to":"","_links_to_target":""},"pwb-brand":[114],"product_brand":[],"product_cat":[755],"product_tag":[167,756],"class_list":{"0":"post-4406","1":"product","2":"type-product","3":"status-publish","4":"has-post-thumbnail","6":"pwb-brand-lebens-qi-kraft-der-steine","7":"product_cat-trommelsteine","8":"product_tag-bergkristall","9":"product_tag-trommelstein","10":"pa_herkunft-brasilien","12":"first","13":"instock","14":"taxable","15":"shipping-taxable","16":"purchasable","17":"product-type-simple"},"blog_post_layout_featured_media_urls":{"thumbnail":["https:\/\/www.lebens-qi.at\/qishop\/wp-content\/uploads\/bergkristallchips-150x150.jpg",150,150,true],"full":["https:\/\/www.lebens-qi.at\/qishop\/wp-content\/uploads\/bergkristallchips.jpg",274,205,false]},"categories":["114"],"categories_names":{"114":{"name":"Lebens-Qi Kraft der Steine","link":"https:\/\/www.lebens-qi.at\/qishop\/brand\/lebens-qi-kraft-der-steine\/"}},"comments_number":"0","brands":[{"id":114,"name":"Lebens-Qi Kraft der Steine","slug":"lebens-qi-kraft-der-steine"}],"_links":{"self":[{"href":"https:\/\/www.lebens-qi.at\/qishop\/wp-json\/wp\/v2\/product\/4406","targetHints":{"allow":["GET"]}}],"collection":[{"href":"https:\/\/www.lebens-qi.at\/qishop\/wp-json\/wp\/v2\/product"}],"about":[{"href":"https:\/\/www.lebens-qi.at\/qishop\/wp-json\/wp\/v2\/types\/product"}],"replies":[{"embeddable":true,"href":"https:\/\/www.lebens-qi.at\/qishop\/wp-json\/wp\/v2\/comments?post=4406"}],"wp:featuredmedia":[{"embeddable":true,"href":"https:\/\/www.lebens-qi.at\/qishop\/wp-json\/wp\/v2\/media\/4405"}],"wp:attachment":[{"href":"https:\/\/www.lebens-qi.at\/qishop\/wp-json\/wp\/v2\/media?parent=4406"}],"wp:term":[{"taxonomy":"pwb-brand","embeddable":true,"href":"https:\/\/www.lebens-qi.at\/qishop\/wp-json\/wp\/v2\/pwb-brand?post=4406"},{"taxonomy":"product_brand","embeddable":true,"href":"https:\/\/www.lebens-qi.at\/qishop\/wp-json\/wp\/v2\/product_brand?post=4406"},{"taxonomy":"product_cat","embeddable":true,"href":"https:\/\/www.lebens-qi.at\/qishop\/wp-json\/wp\/v2\/product_cat?post=4406"},{"taxonomy":"product_tag","embeddable":true,"href":"https:\/\/www.lebens-qi.at\/qishop\/wp-json\/wp\/v2\/product_tag?post=4406"}],"curies":[{"name":"wp","href":"https:\/\/api.w.org\/{rel}","templated":true}]}}