{"id":4425,"date":"2024-03-11T12:21:26","date_gmt":"2024-03-11T11:21:26","guid":{"rendered":"https:\/\/www.lebens-qi.at\/qishop\/produkt\/friedensachat-trommelstein\/"},"modified":"2025-03-18T10:41:08","modified_gmt":"2025-03-18T09:41:08","slug":"friedensachat-trommelstein","status":"publish","type":"product","link":"https:\/\/www.lebens-qi.at\/qishop\/produkt\/friedensachat-trommelstein\/","title":{"rendered":"Friedensachat Trommelstein"},"content":{"rendered":"<p><b>Friedensachat Trommelstein<\/b><br \/>\nFarbe: wei\u00df<br \/>\nChakrazuordnung: alle<br \/>\nThemen: Ausgleich, innere Ruhe, Harmonie, Frieden<\/p>\n<p>F\u00fcr die sog. Heilsteinwirkung lesen Sie bitte in entsprechenden B\u00fcchern nach. Aus rechtlichen Gr\u00fcnden d\u00fcrfen wir keine gesundheitlichen Aussagen treffen. <a href=\"https:\/\/www.lebens-qi.at\/qishop\/produkt-kategorie\/mehr\/buecher\/heilsteine\/\">Hier finden Sie unsere Auswahl an Steineb\u00fcchern.<\/a><\/p>\n<p>Qualit\u00e4t: A<br \/>\nHerkunft: Brasilien<br \/>\nGr\u00f6\u00dfe: ca. 2-4 cm &#8211; bei Trommelsteinen kann diese jedoch nicht immer genau angegeben werden.<\/p>\n<p><em>Lieferumfang 1 St\u00fcck<br \/>\nSymbolfoto &#8211; bei Steinen gibt es deutliche Abweichungen in Form und Farbe!\u00a0<\/em><\/p>\n","protected":false},"excerpt":{"rendered":"<p>Stein des Ausgleichs und der inneren Ruhe<\/p>\n","protected":false},"featured_media":12930,"comment_status":"open","ping_status":"closed","template":"","meta":{"_links_to":"","_links_to_target":""},"pwb-brand":[114],"product_brand":[],"product_cat":[755],"product_tag":[569,518,1587,756],"class_list":{"0":"post-4425","1":"product","2":"type-product","3":"status-publish","4":"has-post-thumbnail","6":"pwb-brand-lebens-qi-kraft-der-steine","7":"product_cat-trommelsteine","8":"product_tag-achat","9":"product_tag-frieden","10":"product_tag-friedensachat","11":"product_tag-trommelstein","12":"pa_herkunft-brasilien","14":"first","15":"instock","16":"taxable","17":"shipping-taxable","18":"purchasable","19":"product-type-simple"},"blog_post_layout_featured_media_urls":{"thumbnail":["https:\/\/www.lebens-qi.at\/qishop\/wp-content\/uploads\/Friedensachat-Trommelstein-150x150.png",150,150,true],"full":["https:\/\/www.lebens-qi.at\/qishop\/wp-content\/uploads\/Friedensachat-Trommelstein.png",800,800,false]},"categories":["114"],"categories_names":{"114":{"name":"Lebens-Qi Kraft der Steine","link":"https:\/\/www.lebens-qi.at\/qishop\/brand\/lebens-qi-kraft-der-steine\/"}},"comments_number":"0","brands":[{"id":114,"name":"Lebens-Qi Kraft der Steine","slug":"lebens-qi-kraft-der-steine"}],"_links":{"self":[{"href":"https:\/\/www.lebens-qi.at\/qishop\/wp-json\/wp\/v2\/product\/4425","targetHints":{"allow":["GET"]}}],"collection":[{"href":"https:\/\/www.lebens-qi.at\/qishop\/wp-json\/wp\/v2\/product"}],"about":[{"href":"https:\/\/www.lebens-qi.at\/qishop\/wp-json\/wp\/v2\/types\/product"}],"replies":[{"embeddable":true,"href":"https:\/\/www.lebens-qi.at\/qishop\/wp-json\/wp\/v2\/comments?post=4425"}],"wp:featuredmedia":[{"embeddable":true,"href":"https:\/\/www.lebens-qi.at\/qishop\/wp-json\/wp\/v2\/media\/12930"}],"wp:attachment":[{"href":"https:\/\/www.lebens-qi.at\/qishop\/wp-json\/wp\/v2\/media?parent=4425"}],"wp:term":[{"taxonomy":"pwb-brand","embeddable":true,"href":"https:\/\/www.lebens-qi.at\/qishop\/wp-json\/wp\/v2\/pwb-brand?post=4425"},{"taxonomy":"product_brand","embeddable":true,"href":"https:\/\/www.lebens-qi.at\/qishop\/wp-json\/wp\/v2\/product_brand?post=4425"},{"taxonomy":"product_cat","embeddable":true,"href":"https:\/\/www.lebens-qi.at\/qishop\/wp-json\/wp\/v2\/product_cat?post=4425"},{"taxonomy":"product_tag","embeddable":true,"href":"https:\/\/www.lebens-qi.at\/qishop\/wp-json\/wp\/v2\/product_tag?post=4425"}],"curies":[{"name":"wp","href":"https:\/\/api.w.org\/{rel}","templated":true}]}}