{"id":4547,"date":"2024-03-11T12:36:35","date_gmt":"2024-03-11T11:36:35","guid":{"rendered":"https:\/\/www.lebens-qi.at\/qishop\/produkt\/australischer-amulettstein-trommelstein\/"},"modified":"2025-03-12T11:23:05","modified_gmt":"2025-03-12T10:23:05","slug":"australischer-amulettstein-trommelstein","status":"publish","type":"product","link":"https:\/\/www.lebens-qi.at\/qishop\/produkt\/australischer-amulettstein-trommelstein\/","title":{"rendered":"Australischer Amulettstein Trommelstein"},"content":{"rendered":"<p><b>Australischer Amulettstein Trommelstein<\/b><br \/>\nFarbe: beige-gr\u00fcn-braun<br \/>\nChakrazuordnung: Kronenchakra<br \/>\nThemen: Anti-Stress, Harmonie, innere Stabilit\u00e4t<\/p>\n<p>F\u00fcr die sog. Heilsteinwirkung lesen Sie bitte in entsprechenden B\u00fcchern nach. Aus rechtlichen Gr\u00fcnden d\u00fcrfen wir keine gesundheitlichen Aussagen treffen. <a href=\"https:\/\/www.lebens-qi.at\/qishop\/produkt-kategorie\/mehr\/buecher\/heilsteine\/\">Hier finden Sie unsere Auswahl an Steineb\u00fcchern.<\/a><\/p>\n<p>Gr\u00f6\u00dfe: ca. 1 &#8211; 3 cm &#8211; bei Trommelsteinen kann diese jedoch nicht immer genau angegeben werden.<br \/>\nHerkunft: Indien<\/p>\n<p><em>Lieferumfang 1 St\u00fcck<br \/>\nSymbolfoto &#8211; bei Steinen gibt es deutliche Abweichungen in Form und Farbe!\u00a0<\/em><\/p>\n","protected":false},"excerpt":{"rendered":"<p>Stein der inneren Stabilit\u00e4t<\/p>\n","protected":false},"featured_media":12419,"comment_status":"open","ping_status":"closed","template":"","meta":{"_links_to":"","_links_to_target":""},"pwb-brand":[114],"product_brand":[],"product_cat":[755],"product_tag":[756],"class_list":{"0":"post-4547","1":"product","2":"type-product","3":"status-publish","4":"has-post-thumbnail","6":"pwb-brand-lebens-qi-kraft-der-steine","7":"product_cat-trommelsteine","8":"product_tag-trommelstein","9":"pa_herkunft-australien","11":"first","12":"instock","13":"taxable","14":"shipping-taxable","15":"purchasable","16":"product-type-simple"},"blog_post_layout_featured_media_urls":{"thumbnail":["https:\/\/www.lebens-qi.at\/qishop\/wp-content\/uploads\/Australischer-Amulettstein-150x150.png",150,150,true],"full":["https:\/\/www.lebens-qi.at\/qishop\/wp-content\/uploads\/Australischer-Amulettstein.png",800,800,false]},"categories":["114"],"categories_names":{"114":{"name":"Lebens-Qi Kraft der Steine","link":"https:\/\/www.lebens-qi.at\/qishop\/brand\/lebens-qi-kraft-der-steine\/"}},"comments_number":"0","brands":[{"id":114,"name":"Lebens-Qi Kraft der Steine","slug":"lebens-qi-kraft-der-steine"}],"_links":{"self":[{"href":"https:\/\/www.lebens-qi.at\/qishop\/wp-json\/wp\/v2\/product\/4547","targetHints":{"allow":["GET"]}}],"collection":[{"href":"https:\/\/www.lebens-qi.at\/qishop\/wp-json\/wp\/v2\/product"}],"about":[{"href":"https:\/\/www.lebens-qi.at\/qishop\/wp-json\/wp\/v2\/types\/product"}],"replies":[{"embeddable":true,"href":"https:\/\/www.lebens-qi.at\/qishop\/wp-json\/wp\/v2\/comments?post=4547"}],"wp:featuredmedia":[{"embeddable":true,"href":"https:\/\/www.lebens-qi.at\/qishop\/wp-json\/wp\/v2\/media\/12419"}],"wp:attachment":[{"href":"https:\/\/www.lebens-qi.at\/qishop\/wp-json\/wp\/v2\/media?parent=4547"}],"wp:term":[{"taxonomy":"pwb-brand","embeddable":true,"href":"https:\/\/www.lebens-qi.at\/qishop\/wp-json\/wp\/v2\/pwb-brand?post=4547"},{"taxonomy":"product_brand","embeddable":true,"href":"https:\/\/www.lebens-qi.at\/qishop\/wp-json\/wp\/v2\/product_brand?post=4547"},{"taxonomy":"product_cat","embeddable":true,"href":"https:\/\/www.lebens-qi.at\/qishop\/wp-json\/wp\/v2\/product_cat?post=4547"},{"taxonomy":"product_tag","embeddable":true,"href":"https:\/\/www.lebens-qi.at\/qishop\/wp-json\/wp\/v2\/product_tag?post=4547"}],"curies":[{"name":"wp","href":"https:\/\/api.w.org\/{rel}","templated":true}]}}