{"id":4564,"date":"2024-03-11T13:57:10","date_gmt":"2024-03-11T12:57:10","guid":{"rendered":"https:\/\/www.lebens-qi.at\/qishop\/produkt\/amethystdrusenpaar\/"},"modified":"2024-12-19T12:33:31","modified_gmt":"2024-12-19T11:33:31","slug":"amethystdrusenpaar","status":"publish","type":"product","link":"https:\/\/www.lebens-qi.at\/qishop\/produkt\/amethystdrusenpaar\/","title":{"rendered":"Amethystdrusenpaar"},"content":{"rendered":"<p><b>RARIT\u00c4T!!! Amethystdrusenpaar <\/b><br \/>mit dicker Achatschicht, Schnittfl\u00e4che poliert<\/p>\n<p>Diese Amethystdrusen aus Brasilien sind eine wahre Besonderheit! Nicht nur, dass sie sich durch eine wundersch\u00f6ne Achatschicht auszeichnen, in diesem Fall handelt es sich um beide, fast exakt gleich gro\u00dfen bzw. schweren H\u00e4lften EINER Druse!<\/p>\n<p>Viele Drusen H\u00e4lften gehen schon bei der Fundstelle zu Bruch oder werden im Laufe der Zeit getrennt. Dieses Paar eignet sich z.B wunderbar f\u00fcr ein Schlafzimmer oder auch in anderen R\u00e4umen, wo Ihre Symmetrie zur Geltung kommt.<b><\/p>\n<p>Gr\u00f6\u00dfe (Breite x H\u00f6he x Tiefe):<br \/><\/b>Die Drusen sind ca. 26 x 42 x 29 cm und 24 x 41 x 25 cm gro\u00df.<\/p>\n<p><b>Gewicht:<\/b><br \/>Zusammen wiegen sie ca. 57,58 kg (29,7 kg und 27,88 kg).<\/p>\n<p><b>Farbe: <\/b><br \/>violette Kristalle (Basis wei\u00df, Kristallspitzen violett), Achatschicht blau-grau geb\u00e4ndert<\/p>\n<p><b>Herkunft: <\/b><br \/>Rio Grande Do Sul \/ Brasilien <\/p>\n<p><b>Sie erhalten genau dieses Drusenpaar (beide H\u00e4lften)! Aktueller Standort: Lebens-Qi G\u00e4nserndorf<\/b><\/p>\n<p><em>Lieferumfang 2 St\u00fcck<br \/>Sie erhalten genau das Amethysten-Paar vom Foto. Zwischenzeitlicher Verkauf vorbehalten. Bitte beachten Sie, dass die Wiedergabe der Farbe auf jedem Bildschirm anders aussieht. Gerne kann dieses Amethystdrusenpaar vor dem Kauf bei uns besichtigt werden! <\/em><\/p>\n","protected":false},"excerpt":{"rendered":"<p>mit Achatschicht<\/p>\n","protected":false},"featured_media":4563,"comment_status":"closed","ping_status":"closed","template":"","meta":{"_links_to":"","_links_to_target":""},"pwb-brand":[114],"product_brand":[],"product_cat":[80],"product_tag":[81,2284,82,1663,120],"class_list":{"0":"post-4564","1":"product","2":"type-product","3":"status-publish","4":"has-post-thumbnail","6":"pwb-brand-lebens-qi-kraft-der-steine","7":"product_cat-drusen","8":"product_tag-amethyst","9":"product_tag-amethystgeode","10":"product_tag-druse","11":"product_tag-geode","12":"product_tag-kristall","13":"pa_herkunft-brasilien","15":"first","16":"instock","17":"sale","18":"sold-individually","19":"taxable","20":"shipping-taxable","21":"purchasable","22":"product-type-simple"},"blog_post_layout_featured_media_urls":{"thumbnail":["https:\/\/www.lebens-qi.at\/qishop\/wp-content\/uploads\/drusenpaar-150x150.jpg",150,150,true],"full":["https:\/\/www.lebens-qi.at\/qishop\/wp-content\/uploads\/drusenpaar.jpg",1400,1050,false]},"categories":["114"],"categories_names":{"114":{"name":"Lebens-Qi Kraft der Steine","link":"https:\/\/www.lebens-qi.at\/qishop\/brand\/lebens-qi-kraft-der-steine\/"}},"comments_number":"0","brands":[{"id":114,"name":"Lebens-Qi Kraft der Steine","slug":"lebens-qi-kraft-der-steine"}],"_links":{"self":[{"href":"https:\/\/www.lebens-qi.at\/qishop\/wp-json\/wp\/v2\/product\/4564","targetHints":{"allow":["GET"]}}],"collection":[{"href":"https:\/\/www.lebens-qi.at\/qishop\/wp-json\/wp\/v2\/product"}],"about":[{"href":"https:\/\/www.lebens-qi.at\/qishop\/wp-json\/wp\/v2\/types\/product"}],"replies":[{"embeddable":true,"href":"https:\/\/www.lebens-qi.at\/qishop\/wp-json\/wp\/v2\/comments?post=4564"}],"wp:featuredmedia":[{"embeddable":true,"href":"https:\/\/www.lebens-qi.at\/qishop\/wp-json\/wp\/v2\/media\/4563"}],"wp:attachment":[{"href":"https:\/\/www.lebens-qi.at\/qishop\/wp-json\/wp\/v2\/media?parent=4564"}],"wp:term":[{"taxonomy":"pwb-brand","embeddable":true,"href":"https:\/\/www.lebens-qi.at\/qishop\/wp-json\/wp\/v2\/pwb-brand?post=4564"},{"taxonomy":"product_brand","embeddable":true,"href":"https:\/\/www.lebens-qi.at\/qishop\/wp-json\/wp\/v2\/product_brand?post=4564"},{"taxonomy":"product_cat","embeddable":true,"href":"https:\/\/www.lebens-qi.at\/qishop\/wp-json\/wp\/v2\/product_cat?post=4564"},{"taxonomy":"product_tag","embeddable":true,"href":"https:\/\/www.lebens-qi.at\/qishop\/wp-json\/wp\/v2\/product_tag?post=4564"}],"curies":[{"name":"wp","href":"https:\/\/api.w.org\/{rel}","templated":true}]}}