{"id":4617,"date":"2024-03-11T15:25:42","date_gmt":"2024-03-11T14:25:42","guid":{"rendered":"https:\/\/www.lebens-qi.at\/qishop\/?post_type=product&#038;p=4617"},"modified":"2025-02-21T11:44:09","modified_gmt":"2025-02-21T10:44:09","slug":"kohletabletten-33-cm","status":"publish","type":"product","link":"https:\/\/www.lebens-qi.at\/qishop\/produkt\/kohletabletten-33-cm\/","title":{"rendered":"Kohletabletten 3,3 cm"},"content":{"rendered":"<p><b>Golden Temple Charcoal<\/b><br \/>\nWeihrauch, Harze, Kr\u00e4uter und R\u00e4uchermischungen werden f\u00fcr besonders intensives R\u00e4uchern auf Holzkohle verbrannt. Lang brennende <b>Schnellz\u00fcnder-Rauchfa\u00dfkohle<\/b> ist daf\u00fcr bestens geeignet. Am besten die R\u00e4ucherkohle mit einer R\u00e4ucherzange kurz an einer Kerzenflamme anz\u00fcnden. Die Kohle z\u00fcndet &#8211; einmal angez\u00fcndet &#8211; selber durch. Auf gen\u00fcgend Luftzufuhr achten!<\/p>\n<p>Schachtel mit Golden Temple Kohletabs zum sicheren Verbrennen von R\u00e4ucherharz und -pulver usw. Die Holzkohle wird aus Holz hergestellt, das nachhaltig aus Apfelplantagen beim Beschneiden und Ersetzen von B\u00e4umen abf\u00e4llt. Anstatt dieses Material zu verschwenden, wird es zu diesen hochwertigen Kohletabletten verarbeitet.<\/p>\n<p>\u00d8 3,3 cm<br \/>\nInhalt: 10 St\u00fcck Kohle-Tabletten pro Rolle<\/p>\n<p>In einer kompletten Box sind 10 Rollen enthalten<\/p>\n<p>Lieferumfang gem\u00e4\u00df Auswahl<\/p>\n","protected":false},"excerpt":{"rendered":"<p>Schnellz\u00fcnder-Rauchfasskohle<\/p>\n","protected":false},"featured_media":10513,"comment_status":"open","ping_status":"closed","template":"","meta":{"_links_to":"","_links_to_target":""},"pwb-brand":[276],"product_brand":[],"product_cat":[773],"product_tag":[301,2228,466],"class_list":{"0":"post-4617","1":"product","2":"type-product","3":"status-publish","4":"has-post-thumbnail","6":"pwb-brand-mani-bhadra-phoenix-import","7":"product_cat-raeucherzubehoer","8":"product_tag-kohle","9":"product_tag-raeucherkohle","10":"product_tag-raeuchern","11":"pa_herkunft-china","13":"first","14":"instock","15":"sale","16":"taxable","17":"shipping-taxable","18":"purchasable","19":"product-type-variable"},"blog_post_layout_featured_media_urls":{"thumbnail":["https:\/\/www.lebens-qi.at\/qishop\/wp-content\/uploads\/31301_kohle4cmrolle-150x150.jpg",150,150,true],"full":["https:\/\/www.lebens-qi.at\/qishop\/wp-content\/uploads\/31301_kohle4cmrolle.jpg",463,463,false]},"categories":["276"],"categories_names":{"276":{"name":"Mani Bhadra - Phoenix Import","link":"https:\/\/www.lebens-qi.at\/qishop\/brand\/mani-bhadra-phoenix-import\/"}},"comments_number":"0","brands":[{"id":276,"name":"Mani Bhadra - Phoenix Import","slug":"mani-bhadra-phoenix-import"}],"_links":{"self":[{"href":"https:\/\/www.lebens-qi.at\/qishop\/wp-json\/wp\/v2\/product\/4617","targetHints":{"allow":["GET"]}}],"collection":[{"href":"https:\/\/www.lebens-qi.at\/qishop\/wp-json\/wp\/v2\/product"}],"about":[{"href":"https:\/\/www.lebens-qi.at\/qishop\/wp-json\/wp\/v2\/types\/product"}],"replies":[{"embeddable":true,"href":"https:\/\/www.lebens-qi.at\/qishop\/wp-json\/wp\/v2\/comments?post=4617"}],"wp:featuredmedia":[{"embeddable":true,"href":"https:\/\/www.lebens-qi.at\/qishop\/wp-json\/wp\/v2\/media\/10513"}],"wp:attachment":[{"href":"https:\/\/www.lebens-qi.at\/qishop\/wp-json\/wp\/v2\/media?parent=4617"}],"wp:term":[{"taxonomy":"pwb-brand","embeddable":true,"href":"https:\/\/www.lebens-qi.at\/qishop\/wp-json\/wp\/v2\/pwb-brand?post=4617"},{"taxonomy":"product_brand","embeddable":true,"href":"https:\/\/www.lebens-qi.at\/qishop\/wp-json\/wp\/v2\/product_brand?post=4617"},{"taxonomy":"product_cat","embeddable":true,"href":"https:\/\/www.lebens-qi.at\/qishop\/wp-json\/wp\/v2\/product_cat?post=4617"},{"taxonomy":"product_tag","embeddable":true,"href":"https:\/\/www.lebens-qi.at\/qishop\/wp-json\/wp\/v2\/product_tag?post=4617"}],"curies":[{"name":"wp","href":"https:\/\/api.w.org\/{rel}","templated":true}]}}