{"id":4623,"date":"2024-03-11T15:25:47","date_gmt":"2024-03-11T14:25:47","guid":{"rendered":"https:\/\/www.lebens-qi.at\/qishop\/produkt\/kupferzange-kupfer\/"},"modified":"2026-04-05T08:46:55","modified_gmt":"2026-04-05T06:46:55","slug":"kupferzange-kupfer","status":"publish","type":"product","link":"https:\/\/www.lebens-qi.at\/qishop\/produkt\/kupferzange-kupfer\/","title":{"rendered":"R\u00e4ucherzange Kupfer"},"content":{"rendered":"<p>Mit der Zange k\u00f6nnen Sie problemlos auch mal eine gl\u00fchende Kohle versetzen.<\/p>\n<p><b>Zange zum R\u00e4uchern<\/b><br \/>\nMaterial: Kupfer<br \/>\nGr\u00f6\u00dfe: ca. 12 mm breit, ca. 19 cm lang<\/p>\n<p><b>Tipp:<\/b><em> Ist es Ihnen auch schon einmal passiert, dass Sie sich beim Anz\u00fcnden der Kohle die Finger verbrannt haben? Dann g\u00f6nnen Sie sich eine R\u00e4ucherzange, damit Sie k\u00fcnftig die Kohle mit der Zange an einer Kerzenflamme entz\u00fcnden k\u00f6nnen.<\/em><\/p>\n","protected":false},"excerpt":{"rendered":"<p>Ideal f\u00fcr R\u00e4ucherer!<\/p>\n","protected":false},"featured_media":9352,"comment_status":"open","ping_status":"closed","template":"","meta":{"_links_to":"","_links_to_target":""},"pwb-brand":[307],"product_brand":[],"product_cat":[1466,773],"product_tag":[775,567,466,774],"class_list":{"0":"post-4623","1":"product","2":"type-product","3":"status-publish","4":"has-post-thumbnail","6":"pwb-brand-berk","7":"product_cat-agnihotra","8":"product_cat-raeucherzubehoer","9":"product_tag-agnihotra","10":"product_tag-kupfer","11":"product_tag-raeuchern","12":"product_tag-raeucherzange","14":"first","15":"instock","16":"taxable","17":"shipping-taxable","18":"purchasable","19":"product-type-simple"},"blog_post_layout_featured_media_urls":{"thumbnail":["https:\/\/www.lebens-qi.at\/qishop\/wp-content\/uploads\/kupferzange-1-150x150.jpg",150,150,true],"full":["https:\/\/www.lebens-qi.at\/qishop\/wp-content\/uploads\/kupferzange-1.jpg",322,322,false]},"categories":["307"],"categories_names":{"307":{"name":"Berk","link":"https:\/\/www.lebens-qi.at\/qishop\/brand\/berk\/"}},"comments_number":"1","brands":[{"id":307,"name":"Berk","slug":"berk"}],"_links":{"self":[{"href":"https:\/\/www.lebens-qi.at\/qishop\/wp-json\/wp\/v2\/product\/4623","targetHints":{"allow":["GET"]}}],"collection":[{"href":"https:\/\/www.lebens-qi.at\/qishop\/wp-json\/wp\/v2\/product"}],"about":[{"href":"https:\/\/www.lebens-qi.at\/qishop\/wp-json\/wp\/v2\/types\/product"}],"replies":[{"embeddable":true,"href":"https:\/\/www.lebens-qi.at\/qishop\/wp-json\/wp\/v2\/comments?post=4623"}],"wp:featuredmedia":[{"embeddable":true,"href":"https:\/\/www.lebens-qi.at\/qishop\/wp-json\/wp\/v2\/media\/9352"}],"wp:attachment":[{"href":"https:\/\/www.lebens-qi.at\/qishop\/wp-json\/wp\/v2\/media?parent=4623"}],"wp:term":[{"taxonomy":"pwb-brand","embeddable":true,"href":"https:\/\/www.lebens-qi.at\/qishop\/wp-json\/wp\/v2\/pwb-brand?post=4623"},{"taxonomy":"product_brand","embeddable":true,"href":"https:\/\/www.lebens-qi.at\/qishop\/wp-json\/wp\/v2\/product_brand?post=4623"},{"taxonomy":"product_cat","embeddable":true,"href":"https:\/\/www.lebens-qi.at\/qishop\/wp-json\/wp\/v2\/product_cat?post=4623"},{"taxonomy":"product_tag","embeddable":true,"href":"https:\/\/www.lebens-qi.at\/qishop\/wp-json\/wp\/v2\/product_tag?post=4623"}],"curies":[{"name":"wp","href":"https:\/\/api.w.org\/{rel}","templated":true}]}}