{"id":4629,"date":"2024-03-11T15:25:52","date_gmt":"2024-03-11T14:25:52","guid":{"rendered":"https:\/\/www.lebens-qi.at\/qishop\/produkt\/moerser-aus-porzellan-8-cm\/"},"modified":"2025-01-09T16:31:05","modified_gmt":"2025-01-09T15:31:05","slug":"moerser-aus-porzellan-8-cm","status":"publish","type":"product","link":"https:\/\/www.lebens-qi.at\/qishop\/produkt\/moerser-aus-porzellan-8-cm\/","title":{"rendered":"M\u00f6rser aus Porzellan 8 cm"},"content":{"rendered":"<p><b>M\u00f6rser aus Porzellan<br \/><\/b><br \/>Farbe: wei\u00df<br \/>Au\u00dfenseite glatt, Innen leicht rau. <br \/>ebenso ist der St\u00f6\u00dfel am Griff glatt, der untere Teil rau<\/p>\n<p>Gr\u00f6\u00dfe 8 cm<\/p>\n<p>Bei diversen Harzen, Samen, Bl\u00fcten etc. ist es empfehlenswert, diese vor dem R\u00e4uchern zu zerkleinern. Daf\u00fcr eignen sich dieser M\u00f6rser aus Porzellan. Vielseitig einsetzbar. <\/p>\n","protected":false},"excerpt":{"rendered":"<p>zum Zerkleinern von R\u00e4ucherwerk<\/p>\n","protected":false},"featured_media":4628,"comment_status":"open","ping_status":"closed","template":"","meta":{"_links_to":"","_links_to_target":""},"pwb-brand":[617],"product_brand":[],"product_cat":[773],"product_tag":[781,782,466],"class_list":{"0":"post-4629","1":"product","2":"type-product","3":"status-publish","4":"has-post-thumbnail","6":"pwb-brand-yantra","7":"product_cat-raeucherzubehoer","8":"product_tag-moerser","9":"product_tag-porzellan","10":"product_tag-raeuchern","12":"first","13":"instock","14":"taxable","15":"shipping-taxable","16":"purchasable","17":"product-type-simple"},"blog_post_layout_featured_media_urls":{"thumbnail":["https:\/\/www.lebens-qi.at\/qishop\/wp-content\/uploads\/moe-05-150x150.jpg",150,150,true],"full":["https:\/\/www.lebens-qi.at\/qishop\/wp-content\/uploads\/moe-05.jpg",600,600,false]},"categories":["617"],"categories_names":{"617":{"name":"Yantra","link":"https:\/\/www.lebens-qi.at\/qishop\/brand\/yantra\/"}},"comments_number":"0","brands":[{"id":617,"name":"Yantra","slug":"yantra"}],"_links":{"self":[{"href":"https:\/\/www.lebens-qi.at\/qishop\/wp-json\/wp\/v2\/product\/4629","targetHints":{"allow":["GET"]}}],"collection":[{"href":"https:\/\/www.lebens-qi.at\/qishop\/wp-json\/wp\/v2\/product"}],"about":[{"href":"https:\/\/www.lebens-qi.at\/qishop\/wp-json\/wp\/v2\/types\/product"}],"replies":[{"embeddable":true,"href":"https:\/\/www.lebens-qi.at\/qishop\/wp-json\/wp\/v2\/comments?post=4629"}],"wp:featuredmedia":[{"embeddable":true,"href":"https:\/\/www.lebens-qi.at\/qishop\/wp-json\/wp\/v2\/media\/4628"}],"wp:attachment":[{"href":"https:\/\/www.lebens-qi.at\/qishop\/wp-json\/wp\/v2\/media?parent=4629"}],"wp:term":[{"taxonomy":"pwb-brand","embeddable":true,"href":"https:\/\/www.lebens-qi.at\/qishop\/wp-json\/wp\/v2\/pwb-brand?post=4629"},{"taxonomy":"product_brand","embeddable":true,"href":"https:\/\/www.lebens-qi.at\/qishop\/wp-json\/wp\/v2\/product_brand?post=4629"},{"taxonomy":"product_cat","embeddable":true,"href":"https:\/\/www.lebens-qi.at\/qishop\/wp-json\/wp\/v2\/product_cat?post=4629"},{"taxonomy":"product_tag","embeddable":true,"href":"https:\/\/www.lebens-qi.at\/qishop\/wp-json\/wp\/v2\/product_tag?post=4629"}],"curies":[{"name":"wp","href":"https:\/\/api.w.org\/{rel}","templated":true}]}}