{"id":4649,"date":"2024-03-11T15:26:18","date_gmt":"2024-03-11T14:26:18","guid":{"rendered":"https:\/\/www.lebens-qi.at\/qishop\/produkt\/buerste\/"},"modified":"2024-12-13T12:51:30","modified_gmt":"2024-12-13T11:51:30","slug":"buerste","status":"publish","type":"product","link":"https:\/\/www.lebens-qi.at\/qishop\/produkt\/buerste\/","title":{"rendered":"B\u00fcrste"},"content":{"rendered":"<p>Mit dieser B\u00fcrste k\u00f6nnen Sie die R\u00e4uchersiebe wunderbar reinigen.<\/p>\n<p><b>B\u00fcrste zur Reinigung vom Sieb<\/b><br \/>\nMaterial: Holz\/Metall<br \/>\nGr\u00f6\u00dfe: ca. 7 x 5 cm<\/p>\n","protected":false},"excerpt":{"rendered":"<p>Perfekt zum Reinigen der R\u00e4uchersiebe<\/p>\n","protected":false},"featured_media":4648,"comment_status":"open","ping_status":"closed","template":"","meta":{"_links_to":"","_links_to_target":""},"pwb-brand":[617],"product_brand":[],"product_cat":[773],"product_tag":[786,466,787],"class_list":{"0":"post-4649","1":"product","2":"type-product","3":"status-publish","4":"has-post-thumbnail","6":"pwb-brand-yantra","7":"product_cat-raeucherzubehoer","8":"product_tag-buerste","9":"product_tag-raeuchern","10":"product_tag-raeuchersieb","12":"first","13":"instock","14":"taxable","15":"shipping-taxable","16":"purchasable","17":"product-type-simple"},"blog_post_layout_featured_media_urls":{"thumbnail":["https:\/\/www.lebens-qi.at\/qishop\/wp-content\/uploads\/img_20201204_184423-e1732053576924-150x150.jpg",150,150,true],"full":["https:\/\/www.lebens-qi.at\/qishop\/wp-content\/uploads\/img_20201204_184423-e1732053576924.jpg",857,857,false]},"categories":["617"],"categories_names":{"617":{"name":"Yantra","link":"https:\/\/www.lebens-qi.at\/qishop\/brand\/yantra\/"}},"comments_number":"0","brands":[{"id":617,"name":"Yantra","slug":"yantra"}],"_links":{"self":[{"href":"https:\/\/www.lebens-qi.at\/qishop\/wp-json\/wp\/v2\/product\/4649","targetHints":{"allow":["GET"]}}],"collection":[{"href":"https:\/\/www.lebens-qi.at\/qishop\/wp-json\/wp\/v2\/product"}],"about":[{"href":"https:\/\/www.lebens-qi.at\/qishop\/wp-json\/wp\/v2\/types\/product"}],"replies":[{"embeddable":true,"href":"https:\/\/www.lebens-qi.at\/qishop\/wp-json\/wp\/v2\/comments?post=4649"}],"wp:featuredmedia":[{"embeddable":true,"href":"https:\/\/www.lebens-qi.at\/qishop\/wp-json\/wp\/v2\/media\/4648"}],"wp:attachment":[{"href":"https:\/\/www.lebens-qi.at\/qishop\/wp-json\/wp\/v2\/media?parent=4649"}],"wp:term":[{"taxonomy":"pwb-brand","embeddable":true,"href":"https:\/\/www.lebens-qi.at\/qishop\/wp-json\/wp\/v2\/pwb-brand?post=4649"},{"taxonomy":"product_brand","embeddable":true,"href":"https:\/\/www.lebens-qi.at\/qishop\/wp-json\/wp\/v2\/product_brand?post=4649"},{"taxonomy":"product_cat","embeddable":true,"href":"https:\/\/www.lebens-qi.at\/qishop\/wp-json\/wp\/v2\/product_cat?post=4649"},{"taxonomy":"product_tag","embeddable":true,"href":"https:\/\/www.lebens-qi.at\/qishop\/wp-json\/wp\/v2\/product_tag?post=4649"}],"curies":[{"name":"wp","href":"https:\/\/api.w.org\/{rel}","templated":true}]}}