{"id":4673,"date":"2024-03-11T16:17:49","date_gmt":"2024-03-11T15:17:49","guid":{"rendered":"https:\/\/www.lebens-qi.at\/qishop\/?post_type=product&#038;p=4673"},"modified":"2025-08-13T14:24:54","modified_gmt":"2025-08-13T12:24:54","slug":"happy-hair-basic","status":"publish","type":"product","link":"https:\/\/www.lebens-qi.at\/qishop\/produkt\/happy-hair-basic\/","title":{"rendered":"Happy Hair Basic"},"content":{"rendered":"<p>HAPPY HAIR 100% Natur wirkt <b>regulierend, ganzheitlich, die Haare st\u00e4rkend. <\/b><br \/>\nEs ist ein dickfl\u00fcssiges, in kleinen Mengen hergestelltes, ausgleichend wirkendes Naturhaarshampoo mit hochqualitativem Kr\u00e4uterkomplex und reinstem nat\u00fcrlich verseiften Oliven\u00f6l h\u00f6chster Qualit\u00e4t f\u00fcr alle Haartypen.<\/p>\n<p><b>Anwendung:<br \/>\n<\/b>In den feuchten H\u00e4nden aufsch\u00e4umen und gut in die Haare einmassieren, wenn m\u00f6glich einige Minuten einwirken lassen. Dadurch kann das Shampoo energetisch noch besser arbeiten &#8211; es entsteht das Gef\u00fchl, dass es fast ganz absorbiert wird \u2013 dann gut aussp\u00fclen. Dies 2x durchf\u00fchren. Sehr gut reinigend (auch energetisch), da basischer als die Haut und das Blut.<br \/>\nVerbessert die Aura um den Kopf. Entfernt R\u00fcckst\u00e4nde, welche durch chemische Produkte oder \u00dcbers\u00e4uerung entstanden sind. Sollte sich das Haar nach der ersten Haarw\u00e4sche allzu \u201eschwer\u201c anf\u00fchlen, weil Sie es noch nicht gewohnt sind, dass das Haar stabil bleibt, waschen Sie (nur die ersten Male) Ihre Haare mit viel Shampoo 3x durch und lassen Sie es jeweils einige Minuten einwirken, dadurch werden chemische R\u00fcckst\u00e4nde (Silikone etc.) schneller entfernt, ihre Haare bleiben kr\u00e4ftig in Ihrer nat\u00fcrlichen Konsistenz und Ihr Haarboden ausbalanciert. Die Kopfhaut fettet nicht so schnell nach und die Haarwaschintervalle werden l\u00e4nger. Die ersten Male kann das Haar am n\u00e4chsten Tag noch irritiert wirken, daf\u00fcr erleben Sie dann, wie Ihre Haare nach ein paar Tagen noch immer sehr sch\u00f6n sind!<\/p>\n<p>HAPPY HAIR nimmt dem Haar nichts, im Gegenteil, es gleicht aus und macht festigende Nachbehandlung \u00fcberfl\u00fcssig. Lufttrocknen danach w\u00e4re ideal. Zusammen mit 999 COSMIC CROWN (auch als Set erh\u00e4ltlich &#8211; Delphinset 1) eine wunderbare und ganzheitliche Pflege des Haares und der Kopfhaut.<\/p>\n<p>In vielen herk\u00f6mmlichen Shampoos befinden sich Silikone, welche die Oberfl\u00e4che der Haare und der Kopfhaut versiegeln. Durch Silikon wird ein nat\u00fcrliche Reinigungsprozess unterbunden.<\/p>\n<p><b>!!!Achtung<\/b> \u2013 im Winter, bei tieferen Temperaturen &#8211; kann das Produkt wei\u00df ausflocken. Das ist ein Qualit\u00e4tsmerkmal, daran erkennen Sie, dass keine Emulgatoren verwendet werden. Wenn Sie es in die W\u00e4rme stellen (z.B. auf die Heizung \/ in die Sonne), wird es schnell wieder klar und es hat nichts von seiner wunderbaren Wirkung verloren!!!<\/p>\n<p>Dieses Produkt ist in folgenden Gr\u00f6\u00dfen erh\u00e4ltlich: 100 ml und 300 ml<\/p>\n<p><b>Inhaltsstoffe:<\/b><br \/>\nWasser,verseiftes Oliven\u00f6l,Kokos-Betain,antimikrobielles Additiv auf pflanzlicher Basis,Oliven\u00f6l,Ginsengwurzelextrakt,Ringelblumenextrakt,Basilikumextrakt,Ingwerextrakt,nat\u00fcrliches Vitamin E (Tocopherol),Pelargonien\u00f6l.<\/p>\n<p><em><b>INCI:<\/b><br \/>\nAqua, Potassium Olivate, Cocamidopropyl Betaine, Pentylene Glycol, Olea Europaea Fruit Oil, Panax Ginseng Root Extract, Calendula Officinalis Flower Extract, Ocimum Basillicum Extract, Zingiber Officinale Root Extract, Tocopherol, Pelargonium Graveolens Oil.<\/p>\n<p><b>Ingredients:<\/b><br \/>\nWater,Saponified Olive Oil,Coconut Betaine,plant-based Antimicrobial Additive,Olive Oil,Ginseng Root Extract,Marigold Flower Oil,Basil Extract,Ginger Extract,natural Vitamin E (Tocopherol),Geranium Oil.<\/em><\/p>\n<p>F\u00fcr den Text verantwortlich: Yogano G.m.b.H<\/p>\n","protected":false},"excerpt":{"rendered":"<p>Das nat\u00fcrliche, ausgleichende Haarshampoo<\/p>\n","protected":false},"featured_media":16571,"comment_status":"open","ping_status":"closed","template":"","meta":{"_links_to":"","_links_to_target":""},"pwb-brand":[111],"product_brand":[],"product_cat":[86,2152],"product_tag":[250,792,92,249,91],"class_list":{"0":"post-4673","1":"product","2":"type-product","3":"status-publish","4":"has-post-thumbnail","6":"pwb-brand-yogana","7":"product_cat-yogana","8":"product_cat-haarpflege","9":"product_tag-haarpflege","10":"product_tag-haarshampoo","11":"product_tag-naturkosmetik","12":"product_tag-shampoo","13":"product_tag-yogana","15":"first","16":"instock","17":"taxable","18":"shipping-taxable","19":"purchasable","20":"product-type-variable"},"blog_post_layout_featured_media_urls":{"thumbnail":["https:\/\/www.lebens-qi.at\/qishop\/wp-content\/uploads\/Happy-Hair-Basic-150x150.png",150,150,true],"full":["https:\/\/www.lebens-qi.at\/qishop\/wp-content\/uploads\/Happy-Hair-Basic.png",800,800,false]},"categories":["111"],"categories_names":{"111":{"name":"Yogana","link":"https:\/\/www.lebens-qi.at\/qishop\/brand\/yogana\/"}},"comments_number":"0","brands":[{"id":111,"name":"Yogana","slug":"yogana"}],"_links":{"self":[{"href":"https:\/\/www.lebens-qi.at\/qishop\/wp-json\/wp\/v2\/product\/4673","targetHints":{"allow":["GET"]}}],"collection":[{"href":"https:\/\/www.lebens-qi.at\/qishop\/wp-json\/wp\/v2\/product"}],"about":[{"href":"https:\/\/www.lebens-qi.at\/qishop\/wp-json\/wp\/v2\/types\/product"}],"replies":[{"embeddable":true,"href":"https:\/\/www.lebens-qi.at\/qishop\/wp-json\/wp\/v2\/comments?post=4673"}],"wp:featuredmedia":[{"embeddable":true,"href":"https:\/\/www.lebens-qi.at\/qishop\/wp-json\/wp\/v2\/media\/16571"}],"wp:attachment":[{"href":"https:\/\/www.lebens-qi.at\/qishop\/wp-json\/wp\/v2\/media?parent=4673"}],"wp:term":[{"taxonomy":"pwb-brand","embeddable":true,"href":"https:\/\/www.lebens-qi.at\/qishop\/wp-json\/wp\/v2\/pwb-brand?post=4673"},{"taxonomy":"product_brand","embeddable":true,"href":"https:\/\/www.lebens-qi.at\/qishop\/wp-json\/wp\/v2\/product_brand?post=4673"},{"taxonomy":"product_cat","embeddable":true,"href":"https:\/\/www.lebens-qi.at\/qishop\/wp-json\/wp\/v2\/product_cat?post=4673"},{"taxonomy":"product_tag","embeddable":true,"href":"https:\/\/www.lebens-qi.at\/qishop\/wp-json\/wp\/v2\/product_tag?post=4673"}],"curies":[{"name":"wp","href":"https:\/\/api.w.org\/{rel}","templated":true}]}}