{"id":4677,"date":"2024-03-11T16:17:51","date_gmt":"2024-03-11T15:17:51","guid":{"rendered":"https:\/\/www.lebens-qi.at\/qishop\/?post_type=product&#038;p=4677"},"modified":"2025-08-13T14:30:49","modified_gmt":"2025-08-13T12:30:49","slug":"happy-hair-special-sandelholz","status":"publish","type":"product","link":"https:\/\/www.lebens-qi.at\/qishop\/produkt\/happy-hair-special-sandelholz\/","title":{"rendered":"Happy Hair Special &#8211; Sandelholz"},"content":{"rendered":"<p><b>Die drei SPECIAL Haarshampoos sind eng verlinkt mit dem 5-Elemente-Modell aus der altchinesischen Chen-Tradition.<\/b><br \/>\nIdeal nachdem Sie Ihr Haar mit <b>HAPPY HAIR BASIC <\/b>und Ihre Kopfhaut mit <b>999 COSMIC CROWN<\/b> in Balance gebracht haben. F\u00fcr Meditierende, Yogis, Veganer, Pranisten etc. <b> DAS<\/b> Produkt!<\/p>\n<p><b>HAPPY HAIR &#8211; Sandelholz Naturshampoo <\/b>100% Natur, besonders gut f\u00fcr trockene Kopfhaut und naturgelockte trockene Haare jeder Farbe (auch gef\u00e4rbt), bzw. f\u00fcr mit Selbstbewusstsein und W\u00fcrde getragene graue\/wei\u00dfe Haare. Wirkt sanft reinigend, vitalisierend und n\u00e4hrend. Sandelholz\u00f6l h\u00e4lt Gelbt\u00f6ne zur\u00fcck und sorgt f\u00fcr sch\u00f6ne SILBERGRAU\/WEISS GL\u00c4NZENDE HAARE.<\/p>\n<p><b>Alle HAPPY HAIR Naturshampoos sind auch f\u00fcr gef\u00e4rbte Haare bestens geeignet. <\/b><br \/>\nDie Haarfarbe h\u00e4lt l\u00e4nger.<\/p>\n<p><b>Unsere Empfehlung:<\/b> Mischen und wechseln Sie die Shampoos und generieren Sie Ihre eigene Note!<\/p>\n<p><b>F\u00fcr alle Haarfarben:<\/b><br \/>\nAus der Sicht der Chen-Tradition ist sch\u00f6ne Haarqualit\u00e4t eng mit gesundem Nieren-Chi und vitalem Blut-Chi verbunden. Wiesenschaumkraut\u00f6l, Ringelblumen\u00f6l und Ginsengwurzelextrakt versorgen das Haar mit n\u00e4hrenden Komponenten, um das Qi der korrespondierenden Meridiane anzuheben. ROSMARIN, KAMILLE und SANDELHOLZ wecken durch ihren wunderbaren Duft auch die Sinne!<\/p>\n<p>Alles in der Natur ist eng mit den 5 Elementen verbunden. Danach ist auch die Komposition der 3 Special Haarshampoos ausgerichtet.<\/p>\n<p>Dieses Produkt ist in folgenden Gr\u00f6\u00dfen erh\u00e4ltlich: 100 ml und 300 ml<\/p>\n<p><b>Inhaltsstoffe:<\/b><br \/>\nWasser,Pilzgel,Kokos-Betain,allergenfreies nat\u00fcrl. Aminos\u00e4urennetzmittel,antimikrobielles Additiv auf pflanzlicher Basis,Wiesenschaumkraut\u00f6l,Bananenextrakt,Ringelblumenextrakt,Ginsengwurzelextrakt,Weihrauch\u00f6l,Lavendel\u00f6l,Zitronenschalen\u00f6l,Kamillenbl\u00fcten\u00f6l,Sandelholz\u00f6l.<\/p>\n<p><em><b>INCI:<\/b><br \/>\nAqua, Sclerotium gum, Cocamidopropyl Betaine, Sodium Cocoyl Alaninate, Pentylene Glycol, Limnanthes Alba (Meadowfoam)\u00a0Seed Oil, Musa Sapientum (Banana) Fruit Extract, Calendula Officinalis Flower Extract, Panax Ginseng (Ginseng) Root Extract, Boswellia Carterii (Frankincense) Oil, Lavandula Angustifolia (Lavender) Oil, Citrus Limon Peel Oil, Chamomilla Recutita (Matricaria) Flower Oil, Santalum Album (Sandalwood) Oil.<\/em><\/p>\n<p><b>Ingredients:<\/b><br \/>\nWater,Mushroom Gel,Coconut Betaine,allergen free natural Amino Acid Wetting Agent,plant-based Antimicrobial Additive,Meadowfoam Oil,Banana Extract,Marigold Flower Extract,Ginseng Root Extract,Frankincense Oil,Lavender Oil,Lemon Peel Oil,Chamomile Flower Oil,Sandalwood Oil.<\/p>\n<p>F\u00fcr den Text verantwortlich: Yogano G.m.b.H<\/p>\n","protected":false},"excerpt":{"rendered":"<p>Das nat\u00fcrliche, ausgleichende Haarshampoo<\/p>\n","protected":false},"featured_media":16573,"comment_status":"open","ping_status":"closed","template":"","meta":{"_links_to":"","_links_to_target":""},"pwb-brand":[111],"product_brand":[],"product_cat":[86,2152],"product_tag":[250,792,92,249,91],"class_list":{"0":"post-4677","1":"product","2":"type-product","3":"status-publish","4":"has-post-thumbnail","6":"pwb-brand-yogana","7":"product_cat-yogana","8":"product_cat-haarpflege","9":"product_tag-haarpflege","10":"product_tag-haarshampoo","11":"product_tag-naturkosmetik","12":"product_tag-shampoo","13":"product_tag-yogana","15":"first","16":"instock","17":"taxable","18":"shipping-taxable","19":"purchasable","20":"product-type-variable"},"blog_post_layout_featured_media_urls":{"thumbnail":["https:\/\/www.lebens-qi.at\/qishop\/wp-content\/uploads\/Happy-Hair-Sandelholz-150x150.png",150,150,true],"full":["https:\/\/www.lebens-qi.at\/qishop\/wp-content\/uploads\/Happy-Hair-Sandelholz.png",800,800,false]},"categories":["111"],"categories_names":{"111":{"name":"Yogana","link":"https:\/\/www.lebens-qi.at\/qishop\/brand\/yogana\/"}},"comments_number":"0","brands":[{"id":111,"name":"Yogana","slug":"yogana"}],"_links":{"self":[{"href":"https:\/\/www.lebens-qi.at\/qishop\/wp-json\/wp\/v2\/product\/4677","targetHints":{"allow":["GET"]}}],"collection":[{"href":"https:\/\/www.lebens-qi.at\/qishop\/wp-json\/wp\/v2\/product"}],"about":[{"href":"https:\/\/www.lebens-qi.at\/qishop\/wp-json\/wp\/v2\/types\/product"}],"replies":[{"embeddable":true,"href":"https:\/\/www.lebens-qi.at\/qishop\/wp-json\/wp\/v2\/comments?post=4677"}],"wp:featuredmedia":[{"embeddable":true,"href":"https:\/\/www.lebens-qi.at\/qishop\/wp-json\/wp\/v2\/media\/16573"}],"wp:attachment":[{"href":"https:\/\/www.lebens-qi.at\/qishop\/wp-json\/wp\/v2\/media?parent=4677"}],"wp:term":[{"taxonomy":"pwb-brand","embeddable":true,"href":"https:\/\/www.lebens-qi.at\/qishop\/wp-json\/wp\/v2\/pwb-brand?post=4677"},{"taxonomy":"product_brand","embeddable":true,"href":"https:\/\/www.lebens-qi.at\/qishop\/wp-json\/wp\/v2\/product_brand?post=4677"},{"taxonomy":"product_cat","embeddable":true,"href":"https:\/\/www.lebens-qi.at\/qishop\/wp-json\/wp\/v2\/product_cat?post=4677"},{"taxonomy":"product_tag","embeddable":true,"href":"https:\/\/www.lebens-qi.at\/qishop\/wp-json\/wp\/v2\/product_tag?post=4677"}],"curies":[{"name":"wp","href":"https:\/\/api.w.org\/{rel}","templated":true}]}}