{"id":4679,"date":"2024-03-11T16:17:52","date_gmt":"2024-03-11T15:17:52","guid":{"rendered":"https:\/\/www.lebens-qi.at\/qishop\/?post_type=product&#038;p=4679"},"modified":"2025-08-14T17:11:55","modified_gmt":"2025-08-14T15:11:55","slug":"delphin-set-1","status":"publish","type":"product","link":"https:\/\/www.lebens-qi.at\/qishop\/produkt\/delphin-set-1\/","title":{"rendered":"Delphin Set 1"},"content":{"rendered":"<p>Set bestehend aus<b> Cosmic Crown 100 ml und ein Happy Hair nach Wahl 100 ml.<\/b><\/p>\n<p>Im Set <b>sparen Sie \u20ac 5,40<\/b><\/p>\n<p><b>999 COSMIC CROWN mit Gold, Weihrauch und Myrrhe<\/b><br \/>\nstimuliert nach alter Tradition den Gallenblasenmeridian, welcher den ganzen K\u00f6rper vitalisiert &#8211; von Kopf bis Fu\u00df &#8211; sowie das Nieren-Chi st\u00e4rkt. Anwendung auch bei Haarausfall, juckender, trockener Kopfhaut.<\/p>\n<p><b>HAPPY HAIR 100% Natur &#8211; das nat\u00fcrliche Shampoo ohne Silikone, Parabene, Koservierungsstoffe, etc.<br \/>\n<\/b>wirkt entgiftend, regulierend, ganzheitlich, die Haare st\u00e4rkend.<br \/>\nErh\u00e4ltlich als BASIC Shampoo f\u00fcr alle Haartypen und in den Varianten Kamille, Rosmarin und Sandelholz.<br \/>\nBitte w\u00e4hlen Sie bei Ihrer Bestellung das entsprechende Shampoo aus.<\/p>\n<p><b>Inhaltsstoffe COSMIC CROWN:<\/b><br \/>\nDamaszener-Rosenwasser, Bio-Hyalurons\u00e4ure, Ginsengwurzelextrakt, S\u00fc\u00dfholzwurzelextrakt, Jojobasamen\u00f6l, Pilzgel, pflanzliche Fetts\u00e4ure, nat\u00fcrliches Vitamin E (Tocopherol), Pfefferminz\u00f6l, Zitronenschalen\u00f6l, Myrrhen\u00f6l, Weihrauch\u00f6l, reinstes 999 Gold.<\/p>\n<p><b><em>INCI:<\/em><\/b><em><br \/>\nRosa Damascena (Rose) Flower Water, Sodium Hyaluronate, Panax Ginseng Root Extract, Glycyrrhiza Glabra (Licorice) Root Extract, Simmondsia Chinensis (Jojoba) Seed Oil, Sclerotium Gum, Glyceryl Caprylate, Tocopherol, Mentha Piperita Oil, Citrus Limon Peel Oil, Commiphora Myrrha (Myrrh) Oil, Boswellia Carterii (Frankincense) Oil, CI 77480 (99,99% Gold).<br \/>\nLinalool*, Limonene*, Citronellol*, Eugenol*, Benzyl Benzoate*, Citral*<br \/>\n* Als Bestandteil von den sehr reichhaltig beigef\u00fcgten teuren, qualitativ hochwertigen \u00e4therischen \u00d6len sind letztere Inhaltsstoffe ab 0,001% separat zu deklarieren. Um sicherzustellen, dass bei den nat\u00fcrlichen Schwankungen der Zusammensetzungen eines Naturproduktes je nach Ernte die 0,001% von keinem dieser Bestandteile auch nur geringf\u00fcgig \u00fcberschritten wird, d\u00fcrfte nur so wenig dieser kostbaren \u00d6le zugef\u00fcgt werden, dass damit die Wirkung des Top-Produktes in die Mittelm\u00e4\u00dfigkeit abgleiten w\u00fcrde.<\/em><\/p>\n<p><b>Ingredients:<\/b><br \/>\nDamask Rose Flower Water, Bio Hyaluronic Acid, Ginseng Root Extract, Licorice Root Extract, Jojoba Seed Oil, Mushroom Gel, Vegetable Fatty Acid, natural Vitamin E (Tocopherol), Peppermint Oil, Lemon Peel Oil, Myrrh Oil, Frankincense Oil, purest 999 Gold.<\/p>\n<p><b>Inhaltsstoffe HAPPY HAIR BASIC:<\/b><br \/>\nWasser, verseiftes Oliven\u00f6l, Kokos-Betain, antimikrobielles Additiv auf pflanzlicher Basis, Oliven\u00f6l, Ginsengwurzelextrakt, Ringelblumenextrakt, Basilikumextrakt, Ingwerextrakt, nat\u00fcrliches Vitamin E (Tocopherol), Pelargonien\u00f6l.<\/p>\n<p><em><b>INCI:<\/b><br \/>\nAqua, Potassium Olivate, Cocamidopropyl Betaine, Pentylene Glycol, Olea Europaea Fruit Oil, Panax Ginseng Root Extract, Calendula Officinalis Flower Extract, Ocimum Basillicum Extract, Zingiber Officinale Root Extract, Tocopherol, Pelargonium Graveolens Oil.<\/em><\/p>\n<p><b> Ingredients:<\/b><br \/>\nWater, Saponified Olive Oil, Coconut Betaine, plant-based Antimicrobial Additive, Olive Oil, Ginseng Root Extract, Marigold Flower Oil, Basil Extract, Ginger Extract, natural Vitamin E (Tocopherol), Geranium Oil.<\/p>\n<p><b>Inhaltsstoffe HAPPY HAIR KAMILLE:<br \/>\n<\/b>Wasser, Pilzgel, Kokos-Betain, allergenfreies nat\u00fcrl. Aminos\u00e4urennetzmittel, antimikrobielles Additiv auf pflanzlicher Basis, Ananasextrakt, Wiesenschaumkraut\u00f6l, Ringelblumenextrakt, Ginsengwurzelextrakt, Damaszener-Rosenbl\u00fcten\u00f6l, Pelargonien\u00f6l, Kamillenbl\u00fcten\u00f6l, Rosenholz\u00f6l, Lavendel\u00f6l.<b><\/b><\/p>\n<p><em>INCI:<br \/>\n<\/em><em>Aqua, Sclerotium gum, Cocamidopropyl Betaine, Sodium Cocoyl Alaninate, Pentylene Glycol, Ananas Sativus (Pineapple) Fruit Extract, Limnanthes Alba (Meadowfoam)\u00a0Seed Oil, Calendula Officinalis Flower Extract, Panax Ginseng (Ginseng) Root Extract, Rosa Damascena Flower Oil, Pelargonium Graveolens Oil, Chamomilla Recutita (Matricaria) Flower Oil, Aniba Rosaeodora Wood (Rosewood) Oil, Lavandula Angustifolia (Lavender) Oil.<\/em><b><\/b><\/p>\n<p>Ingredients:<br \/>\n<em>Water, Mushroom Gel, Coconut Betaine, allergen free natural Amino Acid Wetting Agent, plant-based Antimicrobial Additive, Ananas Extract, Meadowfoam Oil, Marigold Flower Extract, Ginseng Root Extract, Damask Rose Flower Oil, Geranium Oil, Chamomile Flower Oil, Rosewood Oil, Lavender Oil. <\/em><\/p>\n<p><b>Inhaltsstoffe HAPPY HAIR ROSMARIN:<\/b><br \/>\nWasser, Pilzgel, Kokos-Betain, antimikrobielles Additiv auf pflanzlicher Basis, allergenfreies nat\u00fcrl. Aminos\u00e4urennetzmittel, Wiesenschaumkraut\u00f6l, Maulbeerenextrakt, Ringelblumenextrakt, Ginsengwurzelextrakt, Rosmarin\u00f6l, Ylang-Ylang-Bl\u00fcten\u00f6l, Kamillenbl\u00fcten\u00f6l, Sandelholz\u00f6l.<\/p>\n<p><em><b>INCI:<\/b><br \/>\nAqua, Sclerotium gum, Cocamidopropyl Betaine, Pentylene Glycol, Sodium Cocoyl Alaninate, Limnanthes Alba (Meadowfoam)\u00a0Seed Oil, Morus Alba (Mulberry) Fruit Extract, Calendula Officinalis Flower Extract, Panax Ginseng (Ginseng) Root Extract, Rosmarinus Officinalis (Rosemary) Leaf Oil, Cananga Odorata Flower Oil, Chamomilla Recutita (Matricaria) Flower Oil, Santalum Album (Sandalwood) Oil.<\/em><\/p>\n<p><b> Ingredients:<\/b><br \/>\nWater, Mushroom Gel, Coconut Betaine, plant-based Antimicrobial Additive, allergen free natural Amino Acid Wetting Agent, Meadowfoam Oil, Mulberry Extract, Marigold Flower Extract, Ginseng Root Extract, Rosemary Oil, Ylang-Ylang Flower Oil, Chamomile Flower Oil, Sandalwood Oil.<\/p>\n<p><b>Inhaltsstoffe HAPPY HAIR SANDELHOLZ:<\/b><br \/>\nWasser, Pilzgel, Kokos-Betain, allergenfreies nat\u00fcrl. Aminos\u00e4urennetzmittel, antimikrobielles Additiv auf pflanzlicher Basis, Wiesenschaumkraut\u00f6l, Bananenextrakt, Ringelblumenextrakt, Ginsengwurzelextrakt, Weihrauch\u00f6l, Lavendel\u00f6l, Zitronenschalen\u00f6l, Kamillenbl\u00fcten\u00f6l, Sandelholz\u00f6l.<\/p>\n<p><em><b>INCI:<\/b><br \/>\nAqua, Sclerotium gum, Cocamidopropyl Betaine, Sodium Cocoyl Alaninate, Pentylene Glycol, Limnanthes Alba (Meadowfoam)\u00a0Seed Oil, Musa Sapientum (Banana) Fruit Extract, Calendula Officinalis Flower Extract, Panax Ginseng (Ginseng) Root Extract, Boswellia Carterii (Frankincense) Oil, Lavandula Angustifolia (Lavender) Oil, Citrus Limon Peel Oil, Chamomilla Recutita (Matricaria) Flower Oil, Santalum Album (Sandalwood) Oil.<\/em><\/p>\n<p><b> Ingredients:<\/b><br \/>\nWater, Mushroom Gel, Coconut Betaine, allergen free natural Amino Acid Wetting Agent, plant-based Antimicrobial Additive, Meadowfoam Oil, Banana Extract, Marigold Flower Extract, Ginseng Root Extract, Frankincense Oil, Lavender Oil, Lemon Peel Oil, Chamomile Flower Oil, Sandalwood Oil.<\/p>\n<p>F\u00fcr den Text verantwortlich: Yogano G.m.b.H<\/p>\n","protected":false},"excerpt":{"rendered":"<p>Produktset f\u00fcr die Kopfmeridiane<\/p>\n","protected":false},"featured_media":16670,"comment_status":"open","ping_status":"closed","template":"","meta":{"_links_to":"","_links_to_target":""},"pwb-brand":[111],"product_brand":[],"product_cat":[86,2152],"product_tag":[170,250,92,795,91],"class_list":{"0":"post-4679","1":"product","2":"type-product","3":"status-publish","4":"has-post-thumbnail","6":"pwb-brand-yogana","7":"product_cat-yogana","8":"product_cat-haarpflege","9":"product_tag-gold","10":"product_tag-haarpflege","11":"product_tag-naturkosmetik","12":"product_tag-vorteilsset","13":"product_tag-yogana","15":"first","16":"instock","17":"sale","18":"taxable","19":"shipping-taxable","20":"purchasable","21":"product-type-variable"},"blog_post_layout_featured_media_urls":{"thumbnail":["https:\/\/www.lebens-qi.at\/qishop\/wp-content\/uploads\/Delphin-1-150x150.png",150,150,true],"full":["https:\/\/www.lebens-qi.at\/qishop\/wp-content\/uploads\/Delphin-1.png",800,800,false]},"categories":["111"],"categories_names":{"111":{"name":"Yogana","link":"https:\/\/www.lebens-qi.at\/qishop\/brand\/yogana\/"}},"comments_number":"0","brands":[{"id":111,"name":"Yogana","slug":"yogana"}],"_links":{"self":[{"href":"https:\/\/www.lebens-qi.at\/qishop\/wp-json\/wp\/v2\/product\/4679","targetHints":{"allow":["GET"]}}],"collection":[{"href":"https:\/\/www.lebens-qi.at\/qishop\/wp-json\/wp\/v2\/product"}],"about":[{"href":"https:\/\/www.lebens-qi.at\/qishop\/wp-json\/wp\/v2\/types\/product"}],"replies":[{"embeddable":true,"href":"https:\/\/www.lebens-qi.at\/qishop\/wp-json\/wp\/v2\/comments?post=4679"}],"wp:featuredmedia":[{"embeddable":true,"href":"https:\/\/www.lebens-qi.at\/qishop\/wp-json\/wp\/v2\/media\/16670"}],"wp:attachment":[{"href":"https:\/\/www.lebens-qi.at\/qishop\/wp-json\/wp\/v2\/media?parent=4679"}],"wp:term":[{"taxonomy":"pwb-brand","embeddable":true,"href":"https:\/\/www.lebens-qi.at\/qishop\/wp-json\/wp\/v2\/pwb-brand?post=4679"},{"taxonomy":"product_brand","embeddable":true,"href":"https:\/\/www.lebens-qi.at\/qishop\/wp-json\/wp\/v2\/product_brand?post=4679"},{"taxonomy":"product_cat","embeddable":true,"href":"https:\/\/www.lebens-qi.at\/qishop\/wp-json\/wp\/v2\/product_cat?post=4679"},{"taxonomy":"product_tag","embeddable":true,"href":"https:\/\/www.lebens-qi.at\/qishop\/wp-json\/wp\/v2\/product_tag?post=4679"}],"curies":[{"name":"wp","href":"https:\/\/api.w.org\/{rel}","templated":true}]}}