{"id":4696,"date":"2024-03-11T16:18:11","date_gmt":"2024-03-11T15:18:11","guid":{"rendered":"https:\/\/www.lebens-qi.at\/qishop\/produkt\/999-happy-conditioner\/"},"modified":"2025-08-13T14:44:57","modified_gmt":"2025-08-13T12:44:57","slug":"999-happy-conditioner","status":"publish","type":"product","link":"https:\/\/www.lebens-qi.at\/qishop\/produkt\/999-happy-conditioner\/","title":{"rendered":"999 Happy Conditioner"},"content":{"rendered":"<p>999 HAPPY CONDITIONER 100% Chi-Balancer mit Feingold<\/p>\n<p>Eine wunderbare L\u00f6sung f\u00fcr gestresstes, schwer zu k\u00e4mmendes, trockenes, naturgewelltes, feines, gef\u00e4rbtes, ausgebleichtes, d\u00fcnnes und splissiges Haar.<\/p>\n<p>Diese geheimnisvolle Rezeptur aus alter Zeit umgibt das Haar mit einem feinen Film, n\u00e4hrt und gleicht Struktursch\u00e4den von innen und au\u00dfen aus. Schlie\u00dft die Schuppenschicht. Sch\u00fctzt vor Hitzesch\u00e4den und Ausbleichen, beruhigt elektromagnetisch aufgeladenes Haar (vor allem im Winter durch die Heizungsluft),Tradition &#8211; 999 HAPPY CONDITIONER mit Gold.<\/p>\n<p>Aus Sicht der altchinesischen Chen-Tradition sind Yin (die innere Bewegung) und Yang (die \u00e4u\u00dfere Bewegung) zwei gro\u00dfe Kr\u00e4fte, welche eng verlinkt sind mit den Rhythmen der Natur von Kommen und Gehen &#8211; ein Mysterium unseres Lebens. Unsere Haarprobleme werden \u00e4u\u00dferen Kr\u00e4ften und innerer Unausgeglichenheit zugeschrieben. Der dadurch gest\u00f6rte Energieflu\u00df f\u00fchrt zu stumpfen, trockenen, d\u00fcnnen Haaren. 999 HAPPY CONDITIONER brint Glanz in das Haar. Gesunde, sch\u00f6ne Haare bis ins hohe Alter sind in dieser alten Kultur bis heute sehr wichtig, denn das bedeutet lebensbejahende Vitalit\u00e4t!<\/p>\n<p><b>Anwendung:<\/b><\/p>\n<p><u>Bitte vor der Anwendung immer kr\u00e4ftig sch\u00fctteln<\/u> &#8211; nach dem Waschen in das leicht feuchte oder auch schon trockene Haar einarbeiten, trocknen, k\u00e4mmen (nicht auswaschen). Auch zwischen den Haarw\u00e4schen im trockenen Haar anwendbar. Entweder von ca. 30 cm in das Haar spr\u00fchen oder auf die Handfl\u00e4chen geben und einarbeiten. Bei sehr feinem Haar gibt es interessante Ergebnisse, 999 HAPPY CONDITIONER mit Gold ca. 1 Stunde vor dem Waschen einzuarbeiten und einwirken zu lassen. Auch f\u00fcr normales Haar anwendbar. Die Haare werden von innen gest\u00e4rkt und gl\u00e4nzen nach dem Waschen viel sch\u00f6ner!<\/p>\n<p>Dieses Produkt ist in folgenden Gr\u00f6\u00dfen erh\u00e4ltlich: 100 ml<\/p>\n<p><b>Inhaltsstoffe:<\/b><br \/>\nWasser,Patschuliblattwasser,Bisabolol (aus echter Kamille),Wiesenschaumkraut\u00f6l,Kreatin,S\u00fc\u00dfholzwurzelextrakt,Provitamin B5 (Pathenol),antimikrobielles Additiv auf pflanzlicher Basis,Fetts\u00e4ure aus Kokos\u00f6l,Weihrauch\u00f6l,Lavendel\u00f6l,Pfefferminz\u00f6l,Zitronenschalen\u00f6l,Kamillenbl\u00fcten\u00f6l,Sandelholz\u00f6l,reinstes 999 Gold.<br \/>\n<b><em><br \/>\nINCI:<\/em><\/b><br \/>\nAqua, Pogostemon Cablin (Patchouli) Leaf Water, Bisabolol, Limnanthes Alba (Meadowfoam) Seed Oil, Creatine, Glycyrrhiza Glabra (Licorice) Root Extract, Pathenol, Pentylene Glycol, PCA Ethyl Cocoyl Arginate, Boswellia Carterii (Frankincense) Oil, Lavandula Angustifolia (Lavender) Oil, Mentha Piperita Oil, Citrus Limon Peel Oil, Chamomilla Recutita (Matricaria) Flower Oil, Santalum Album (Sandalwood) Oil, CI 77480 (99,99% Gold).<\/p>\n<p><b>Ingredients:<\/b><br \/>\nWater,Patchouli Leaf Water,Bisabolol (from real Chamomile),Meadowfoam Oil,Creatine,Licorice Root Extract,Provitamin B5 (Pathenol),plant-based Antimicrobial Additive,Fatty Acid from Coconut Oil,Frankincense Oil,Lavender Oil,Peppermint Oil,Lemon Peel Oil,Chamomile Flower Oil,Sandalwood Oil,purest 999 Gold.<\/p>\n<p>F\u00fcr den Text verantwortlich: Yogano G.m.b.H<\/p>\n","protected":false},"excerpt":{"rendered":"<p>Haarbalsam mit Gold<\/p>\n","protected":false},"featured_media":16578,"comment_status":"open","ping_status":"closed","template":"","meta":{"_links_to":"","_links_to_target":""},"pwb-brand":[111],"product_brand":[],"product_cat":[86,2152],"product_tag":[188,794,170,250,92,91],"class_list":{"0":"post-4696","1":"product","2":"type-product","3":"status-publish","4":"has-post-thumbnail","6":"pwb-brand-yogana","7":"product_cat-yogana","8":"product_cat-haarpflege","9":"product_tag-balsam","10":"product_tag-conditioner","11":"product_tag-gold","12":"product_tag-haarpflege","13":"product_tag-naturkosmetik","14":"product_tag-yogana","16":"first","17":"instock","18":"taxable","19":"shipping-taxable","20":"purchasable","21":"product-type-simple"},"blog_post_layout_featured_media_urls":{"thumbnail":["https:\/\/www.lebens-qi.at\/qishop\/wp-content\/uploads\/Happy-Conditioner-150x150.png",150,150,true],"full":["https:\/\/www.lebens-qi.at\/qishop\/wp-content\/uploads\/Happy-Conditioner.png",800,800,false]},"categories":["111"],"categories_names":{"111":{"name":"Yogana","link":"https:\/\/www.lebens-qi.at\/qishop\/brand\/yogana\/"}},"comments_number":"0","brands":[{"id":111,"name":"Yogana","slug":"yogana"}],"_links":{"self":[{"href":"https:\/\/www.lebens-qi.at\/qishop\/wp-json\/wp\/v2\/product\/4696","targetHints":{"allow":["GET"]}}],"collection":[{"href":"https:\/\/www.lebens-qi.at\/qishop\/wp-json\/wp\/v2\/product"}],"about":[{"href":"https:\/\/www.lebens-qi.at\/qishop\/wp-json\/wp\/v2\/types\/product"}],"replies":[{"embeddable":true,"href":"https:\/\/www.lebens-qi.at\/qishop\/wp-json\/wp\/v2\/comments?post=4696"}],"wp:featuredmedia":[{"embeddable":true,"href":"https:\/\/www.lebens-qi.at\/qishop\/wp-json\/wp\/v2\/media\/16578"}],"wp:attachment":[{"href":"https:\/\/www.lebens-qi.at\/qishop\/wp-json\/wp\/v2\/media?parent=4696"}],"wp:term":[{"taxonomy":"pwb-brand","embeddable":true,"href":"https:\/\/www.lebens-qi.at\/qishop\/wp-json\/wp\/v2\/pwb-brand?post=4696"},{"taxonomy":"product_brand","embeddable":true,"href":"https:\/\/www.lebens-qi.at\/qishop\/wp-json\/wp\/v2\/product_brand?post=4696"},{"taxonomy":"product_cat","embeddable":true,"href":"https:\/\/www.lebens-qi.at\/qishop\/wp-json\/wp\/v2\/product_cat?post=4696"},{"taxonomy":"product_tag","embeddable":true,"href":"https:\/\/www.lebens-qi.at\/qishop\/wp-json\/wp\/v2\/product_tag?post=4696"}],"curies":[{"name":"wp","href":"https:\/\/api.w.org\/{rel}","templated":true}]}}