{"id":4711,"date":"2024-03-11T17:21:58","date_gmt":"2024-03-11T16:21:58","guid":{"rendered":"https:\/\/www.lebens-qi.at\/qishop\/?post_type=product&#038;p=4711"},"modified":"2025-08-14T11:39:19","modified_gmt":"2025-08-14T09:39:19","slug":"999-body-dance-1","status":"publish","type":"product","link":"https:\/\/www.lebens-qi.at\/qishop\/produkt\/999-body-dance-1\/","title":{"rendered":"999 Body Dance 1"},"content":{"rendered":"<p><b>ANWENDUNG: <\/b>999 BODY DANCE Ideal als \u201eBody Lotion\u201c nach dem Duschen auf die feuchte Haut des K\u00f6rpers auftragen &#8211; oder die Hand anfeuchten, ein paar Spritzer darauf geben und auf dem K\u00f6rper verteilen. Wichtig ist die SCHWINGUNGS\u00dcBERTRAGUNG! (F\u00fcr ein wohlriechendes und wohltuendes Entspannungsbad geben Sie einfach ein paar Tropfen BODY DANCE ins Badewasser.) <b>BODY DANCE ist ein idealer Blockadebrecher bei Meridianmassagen\/ R\u00fcckenmassagen\/ Ganzk\u00f6rpermassagen. <\/b>Bei diesem einzigartigen, echten Naturprodukt tr\u00e4gt auch der Duft zu seiner Wirkung bei!<\/p>\n<p>Weihrauch und Myrrhe sch\u00fctzen vor negativer Energie, wirken aphrodisierend, blockadel\u00f6send und energetisierend. Bereits seit Jahrtausenden spielt der Weihrauch bei verschiedensten Kulturen als spiritueller Duftstoff bei religi\u00f6sen Riten eine sehr wichtige Rolle. In der neuen Zeit wurde die Wirkung von Weihrauch wiederentdeckt.<\/p>\n<p>Dieses Produkt ist in folgenden Gr\u00f6\u00dfen erh\u00e4ltlich: 15 ml und 100 ml<\/p>\n<p><b>Inhaltsstoffe:<\/b><br \/>\nS\u00fc\u00dfmandel\u00f6l,Jojobasamen\u00f6l, Ringelblumenbl\u00fctenextrakt, nat\u00fcrliches Vitamin E (Tocopherol), Myrrhen\u00f6l, Weihrauch\u00f6l, Lavendel\u00f6l, Rosmarin\u00f6l, Pfefferminz\u00f6l, Pelargonien\u00f6l, Damaszener-Rosenbl\u00fcten\u00f6l, Sandelholz\u00f6l, Zimtrinden\u00f6l, reinstes 999 Gold.<\/p>\n<p><em><b>INCI:<\/b><br \/>\nPrunus Amygdalus Dulcis (Sweet Almond) Oil, Simmondsia Chinensis (Jojoba) Seed Oil, Calendula Officinalis Flower Extract, Tocopherol, Commiphora Myrrha (Myrrh) Oil, Boswellia Carterii (Frankincense) Oil, Lavandula Angustifolia (Lavender) Oil, Rosmarinus Officinalis (Rosemary) Oil, Mentha Piperita Oil, Pelargonium Graveolens Oil, Rosa Damascena (Rose) Flower Oil, Santalum Album (Sandalwood) Oil, Cinnamomum Zeylanicum Bark Oil, CI 77480 (99,99% Gold).<br \/>\nLinalool*, Cinnamal*, Limonene*, Citronellol*, Geraniol*,Geranial*, Eugenol*, Benzyl Benzoate*, Citral*<br \/>\n* Als Bestandteil von den sehr reichhaltig beigef\u00fcgten teuren, qualitativ hochwertigen \u00e4therischen \u00d6len sind letztere Inhaltsstoffe ab 0,001% separat zu deklarieren. Um sicherzustellen, dass bei den nat\u00fcrlichen Schwankungen der Zusammensetzungen eines Naturproduktes je nach Ernte die 0,001% von keinem dieser Bestandteile auch nur geringf\u00fcgig \u00fcberschritten wird, d\u00fcrfte nur so wenig dieser kostbaren \u00d6le zugef\u00fcgt werden, dass damit die Wirkung des Top-Produktes in die Mittelm\u00e4\u00dfigkeit abgleiten w\u00fcrde.<\/p>\n<p><b>Ingredients:<\/b><br \/>\nSweet Almond Oil, Jojoba Seed Oil, Marigold Flower Extract, natural Vitamin E (Tocopherol), Myrrh Oil, Frankincense Oil, Lavender Oil, Rosemary Oil, Peppermint Oil, Geranium Oil, Damask Rose Flower Oil, Sandalwood Oil, Cinammon Bark Oil, purest 999 Gold.<\/em><\/p>\n<p>F\u00fcr den Text verantwortlich: Yogano G.m.b.H.<\/p>\n","protected":false},"excerpt":{"rendered":"<p>K\u00f6rper\u00f6l mit Feingold, Weihrauch &amp; Myrrhe<\/p>\n","protected":false},"featured_media":16622,"comment_status":"open","ping_status":"closed","template":"","meta":{"_links_to":"","_links_to_target":""},"pwb-brand":[111],"product_brand":[],"product_cat":[86,2151],"product_tag":[170,797,796,92,91],"class_list":{"0":"post-4711","1":"product","2":"type-product","3":"status-publish","4":"has-post-thumbnail","6":"pwb-brand-yogana","7":"product_cat-yogana","8":"product_cat-koerperpflege","9":"product_tag-gold","10":"product_tag-hautpflege","11":"product_tag-koerperoel","12":"product_tag-naturkosmetik","13":"product_tag-yogana","15":"first","16":"instock","17":"taxable","18":"shipping-taxable","19":"purchasable","20":"product-type-variable"},"blog_post_layout_featured_media_urls":{"thumbnail":["https:\/\/www.lebens-qi.at\/qishop\/wp-content\/uploads\/body-1-100-150x150.png",150,150,true],"full":["https:\/\/www.lebens-qi.at\/qishop\/wp-content\/uploads\/body-1-100.png",800,800,false]},"categories":["111"],"categories_names":{"111":{"name":"Yogana","link":"https:\/\/www.lebens-qi.at\/qishop\/brand\/yogana\/"}},"comments_number":"0","brands":[{"id":111,"name":"Yogana","slug":"yogana"}],"_links":{"self":[{"href":"https:\/\/www.lebens-qi.at\/qishop\/wp-json\/wp\/v2\/product\/4711","targetHints":{"allow":["GET"]}}],"collection":[{"href":"https:\/\/www.lebens-qi.at\/qishop\/wp-json\/wp\/v2\/product"}],"about":[{"href":"https:\/\/www.lebens-qi.at\/qishop\/wp-json\/wp\/v2\/types\/product"}],"replies":[{"embeddable":true,"href":"https:\/\/www.lebens-qi.at\/qishop\/wp-json\/wp\/v2\/comments?post=4711"}],"wp:featuredmedia":[{"embeddable":true,"href":"https:\/\/www.lebens-qi.at\/qishop\/wp-json\/wp\/v2\/media\/16622"}],"wp:attachment":[{"href":"https:\/\/www.lebens-qi.at\/qishop\/wp-json\/wp\/v2\/media?parent=4711"}],"wp:term":[{"taxonomy":"pwb-brand","embeddable":true,"href":"https:\/\/www.lebens-qi.at\/qishop\/wp-json\/wp\/v2\/pwb-brand?post=4711"},{"taxonomy":"product_brand","embeddable":true,"href":"https:\/\/www.lebens-qi.at\/qishop\/wp-json\/wp\/v2\/product_brand?post=4711"},{"taxonomy":"product_cat","embeddable":true,"href":"https:\/\/www.lebens-qi.at\/qishop\/wp-json\/wp\/v2\/product_cat?post=4711"},{"taxonomy":"product_tag","embeddable":true,"href":"https:\/\/www.lebens-qi.at\/qishop\/wp-json\/wp\/v2\/product_tag?post=4711"}],"curies":[{"name":"wp","href":"https:\/\/api.w.org\/{rel}","templated":true}]}}