{"id":4735,"date":"2024-03-11T17:22:20","date_gmt":"2024-03-11T16:22:20","guid":{"rendered":"https:\/\/www.lebens-qi.at\/qishop\/produkt\/999-inner-light-hn\/"},"modified":"2025-08-20T14:46:33","modified_gmt":"2025-08-20T12:46:33","slug":"999-inner-light-hn","status":"publish","type":"product","link":"https:\/\/www.lebens-qi.at\/qishop\/produkt\/999-inner-light-hn\/","title":{"rendered":"999 Inner Light &#8211; HN"},"content":{"rendered":"<p><b>ANWENDUNG: <\/b>Morgens und abends 1 \u2013 2 Teel\u00f6ffel auf die Chakren auftragen, bei dringendem Bedarf aber auch \u00f6fter und mehr m\u00f6glich.<\/p>\n<p>999 INNER LIGHT HN 100% Natur + 999 Gold <b>n\u00e4hrt die Lebensenergie in den Meridianen von Herz und Niere und bringt stagnierende Lebensenergie zum Flie\u00dfen. <\/b>In der altchinesischen Chen-Tradition ist man der Meinung, dass ein starkes Nieren-Chi die Lebensenergie positiv beeinflusst und den Alterungsprozess reduziert. Die Folge von einem starken Herz-Chi ist in der altchinesischen Chen-Tradition \u201ekr\u00e4ftiges, lebhaftes\u201c Blut-Chi.<br \/>\n999 INNER LIGHT HN basiert auf dem uralten Rezept namens Huan Shao Dan.<\/p>\n<p><b>Wilder Yams: <\/b>Wird in den traditionellen Rezepten immer eingesetzt, um das Nieren-Chi zu st\u00e4rken und die Lebensenergie zum Pulsieren zu bringen.<\/p>\n<p><b>Rote Dattel: <\/b>St\u00e4rkt die Energie im Herz-Chakra.<\/p>\n<p><b>Wolfsbeere: <\/b>Bei einem Mangel an Nierenenergie und f\u00fcr mehr Leidenschaft im Leben.<\/p>\n<p><b>Feingold: <\/b>Auch als \u201eSonnenlicht\u201c bezeichnet, besitzt durch aufw\u00e4ndige, spagyrische Aufbereitung eine ganz besondere energetische Leitf\u00e4higkeit. Dadurch k\u00f6nnen die wertvollen Inhaltsstoffe optimal aufgenommen, weitergeleitet und verwertet werden und es entfaltet sich eine nachhaltige und sp\u00fcrbare Wirkung. Eliminiert Blockaden und bringt die Energie wieder zum Flie\u00dfen. Wenn die Energie in unserem K\u00f6rper wie ein Fluss ohne Behinderung wieder flie\u00dfen kann, ist Gesundheit und Wohlbefinden schlussendlich die Folge. Wenn die Energie in unserem K\u00f6rper wie ein Fluss ohne Behinderung wieder flie\u00dfen kann, ist Wohlbefinden schlussendlich die Folge. Wenn es uns gelingt, \u201eim Fluss\u201c zu bleiben, zeigt sich das auch im Erscheinungsbild der Haut.<\/p>\n<p>Dieses Produkt ist in folgenden Gr\u00f6\u00dfen erh\u00e4ltlich: 100 ml<b><\/b><\/p>\n<p>Inhaltsstoffe:<br \/>\nKameliensamen\u00f6l,Ingwerwurzel\u00f6l,Extrakt der wilden Yamswurzel,Wolfsbeerenextrakt,Extrakt der roten Dattel,reinstes 999 Gold.<\/p>\n<p><em><b>INCI:<\/b><br \/>\nCamellia Oleifera Seed Oil, Zingiber Officinale (Ginger) Root Oil, Dioscorea Villosa (Wild Yam) Root Extract, Lycium Barbarum (Wolfberry) Fruit Extract, Zizyphus Jujuba Extract, CI 77480 (99,99% Gold).<\/em><\/p>\n<p><b>Ingredients:<\/b><br \/>\nCamellia Seed Oil,Ginger Root Oil,Extract of Wild Yam Root,Wolfberry Extract,Red Date Extract,purest 999 Gold.<\/p>\n<p>F\u00fcr den Text verantwortlich: Yogano G.m.b.H.<\/p>\n","protected":false},"excerpt":{"rendered":"<p>Chi-Gold\u00f6l f\u00fcr Herz- &amp; Nieren-Meridian<\/p>\n","protected":false},"featured_media":16681,"comment_status":"open","ping_status":"closed","template":"","meta":{"_links_to":"","_links_to_target":""},"pwb-brand":[111],"product_brand":[],"product_cat":[86,2151],"product_tag":[170,2158,796,91],"class_list":{"0":"post-4735","1":"product","2":"type-product","3":"status-publish","4":"has-post-thumbnail","6":"pwb-brand-yogana","7":"product_cat-yogana","8":"product_cat-koerperpflege","9":"product_tag-gold","10":"product_tag-inner-light","11":"product_tag-koerperoel","12":"product_tag-yogana","14":"first","15":"instock","16":"taxable","17":"shipping-taxable","18":"purchasable","19":"product-type-simple"},"blog_post_layout_featured_media_urls":{"thumbnail":["https:\/\/www.lebens-qi.at\/qishop\/wp-content\/uploads\/HN-1001-150x150.png",150,150,true],"full":["https:\/\/www.lebens-qi.at\/qishop\/wp-content\/uploads\/HN-1001.png",800,800,false]},"categories":["111"],"categories_names":{"111":{"name":"Yogana","link":"https:\/\/www.lebens-qi.at\/qishop\/brand\/yogana\/"}},"comments_number":"0","brands":[{"id":111,"name":"Yogana","slug":"yogana"}],"_links":{"self":[{"href":"https:\/\/www.lebens-qi.at\/qishop\/wp-json\/wp\/v2\/product\/4735","targetHints":{"allow":["GET"]}}],"collection":[{"href":"https:\/\/www.lebens-qi.at\/qishop\/wp-json\/wp\/v2\/product"}],"about":[{"href":"https:\/\/www.lebens-qi.at\/qishop\/wp-json\/wp\/v2\/types\/product"}],"replies":[{"embeddable":true,"href":"https:\/\/www.lebens-qi.at\/qishop\/wp-json\/wp\/v2\/comments?post=4735"}],"wp:featuredmedia":[{"embeddable":true,"href":"https:\/\/www.lebens-qi.at\/qishop\/wp-json\/wp\/v2\/media\/16681"}],"wp:attachment":[{"href":"https:\/\/www.lebens-qi.at\/qishop\/wp-json\/wp\/v2\/media?parent=4735"}],"wp:term":[{"taxonomy":"pwb-brand","embeddable":true,"href":"https:\/\/www.lebens-qi.at\/qishop\/wp-json\/wp\/v2\/pwb-brand?post=4735"},{"taxonomy":"product_brand","embeddable":true,"href":"https:\/\/www.lebens-qi.at\/qishop\/wp-json\/wp\/v2\/product_brand?post=4735"},{"taxonomy":"product_cat","embeddable":true,"href":"https:\/\/www.lebens-qi.at\/qishop\/wp-json\/wp\/v2\/product_cat?post=4735"},{"taxonomy":"product_tag","embeddable":true,"href":"https:\/\/www.lebens-qi.at\/qishop\/wp-json\/wp\/v2\/product_tag?post=4735"}],"curies":[{"name":"wp","href":"https:\/\/api.w.org\/{rel}","templated":true}]}}