{"id":4741,"date":"2024-03-11T17:22:27","date_gmt":"2024-03-11T16:22:27","guid":{"rendered":"https:\/\/www.lebens-qi.at\/qishop\/produkt\/999-magic-deo\/"},"modified":"2025-08-14T14:41:12","modified_gmt":"2025-08-14T12:41:12","slug":"999-magic-deo","status":"publish","type":"product","link":"https:\/\/www.lebens-qi.at\/qishop\/produkt\/999-magic-deo\/","title":{"rendered":"999 Magic Deo"},"content":{"rendered":"<p><b>ANWENDUNG:<\/b> Vorwiegend auf der Haut als nat\u00fcrliches Deo. Versorgt die Haut mit Feuchtigkeit und reguliert den Energiefluss durch die Meridiane. Damit verbessert sich das physische und geistige Wohlbefinden und die Widerstandsf\u00e4higkeit.<\/p>\n<p>Die Anwendung kann auf den ganzen K\u00f6rper inklusive Kopf &amp; Haare bzw. sogar auf die Umgebung ausgedehnt werden. Um Kopf und K\u00f6rper verspr\u00fcht st\u00e4rkt es enorm die Aura und vertreibt M\u00fcdigkeit \u2013 im Auto verspr\u00fcht, f\u00f6rdert es die Wachsamkeit bei langen Autofahrten. Auch bestens als reinigender und energetisierender Raumspray geeignet.<br \/>\n999 MAGIC DEO hat durch das beigef\u00fcgte 999 Feingold eine eine starke Wirkung auf energetisch unterversorgte Bereiche.<\/p>\n<p>Dieses Produkt ist in folgenden Gr\u00f6\u00dfen erh\u00e4ltlich: 100 ml<\/p>\n<p><b>Inhaltsstoffe:<\/b><br \/>\nDamaszener-Rosenwasser,Orangenbl\u00fctenwasser, antimikrobielles Additiv auf pflanzlicher Basis,Lavendel\u00f6l, Kamillenbl\u00fcten\u00f6l, Sandelholz\u00f6l, Damaszener-Rosenbl\u00fcten\u00f6l, Rosenholz\u00f6l, reinstes 999 Gold.<\/p>\n<p><em><b>INCI:<\/b><br \/>\nRosa Damascena (Rose) Flower Water, Citrus Aurantium Amara (Neroli) Flower Water, Pentylene Glycol, Lavandula Angustifolia (Lavender) Oil, Chamomilla Recutita (Matricaria) Flower Oil, Santalum Album (Sandalwood) Oil, Rosa Damascena (Rose) Flower Oil, Aniba Rosaeodora Wood (Rosewood) Oil, CI 77480 (99,99% Gold).<\/em><\/p>\n<p><b>Ingredients:<\/b><br \/>\nDamask Rose Flower Water, Orange Blossom Water, plant-based Antimicrobial Additive,Lavender Oil, Chamomile Flower Oil, Sandalwood Oil, Damask Rose Flower Oil, Rosewood Oil, purest 999 Gold.<\/p>\n<p>F\u00fcr den Text verantwortlich: Yogano G.m.b.H.<\/p>\n","protected":false},"excerpt":{"rendered":"<p>Universeller Energiespender mit Gold<\/p>\n","protected":false},"featured_media":16642,"comment_status":"open","ping_status":"closed","template":"","meta":{"_links_to":"","_links_to_target":""},"pwb-brand":[111],"product_brand":[],"product_cat":[86,2151],"product_tag":[157,800,170,156,91],"class_list":{"0":"post-4741","1":"product","2":"type-product","3":"status-publish","4":"has-post-thumbnail","6":"pwb-brand-yogana","7":"product_cat-yogana","8":"product_cat-koerperpflege","9":"product_tag-auraspray","10":"product_tag-deo","11":"product_tag-gold","12":"product_tag-spray","13":"product_tag-yogana","15":"first","16":"instock","17":"taxable","18":"shipping-taxable","19":"purchasable","20":"product-type-simple"},"blog_post_layout_featured_media_urls":{"thumbnail":["https:\/\/www.lebens-qi.at\/qishop\/wp-content\/uploads\/magic-deo-100-150x150.png",150,150,true],"full":["https:\/\/www.lebens-qi.at\/qishop\/wp-content\/uploads\/magic-deo-100.png",800,800,false]},"categories":["111"],"categories_names":{"111":{"name":"Yogana","link":"https:\/\/www.lebens-qi.at\/qishop\/brand\/yogana\/"}},"comments_number":"0","brands":[{"id":111,"name":"Yogana","slug":"yogana"}],"_links":{"self":[{"href":"https:\/\/www.lebens-qi.at\/qishop\/wp-json\/wp\/v2\/product\/4741","targetHints":{"allow":["GET"]}}],"collection":[{"href":"https:\/\/www.lebens-qi.at\/qishop\/wp-json\/wp\/v2\/product"}],"about":[{"href":"https:\/\/www.lebens-qi.at\/qishop\/wp-json\/wp\/v2\/types\/product"}],"replies":[{"embeddable":true,"href":"https:\/\/www.lebens-qi.at\/qishop\/wp-json\/wp\/v2\/comments?post=4741"}],"wp:featuredmedia":[{"embeddable":true,"href":"https:\/\/www.lebens-qi.at\/qishop\/wp-json\/wp\/v2\/media\/16642"}],"wp:attachment":[{"href":"https:\/\/www.lebens-qi.at\/qishop\/wp-json\/wp\/v2\/media?parent=4741"}],"wp:term":[{"taxonomy":"pwb-brand","embeddable":true,"href":"https:\/\/www.lebens-qi.at\/qishop\/wp-json\/wp\/v2\/pwb-brand?post=4741"},{"taxonomy":"product_brand","embeddable":true,"href":"https:\/\/www.lebens-qi.at\/qishop\/wp-json\/wp\/v2\/product_brand?post=4741"},{"taxonomy":"product_cat","embeddable":true,"href":"https:\/\/www.lebens-qi.at\/qishop\/wp-json\/wp\/v2\/product_cat?post=4741"},{"taxonomy":"product_tag","embeddable":true,"href":"https:\/\/www.lebens-qi.at\/qishop\/wp-json\/wp\/v2\/product_tag?post=4741"}],"curies":[{"name":"wp","href":"https:\/\/api.w.org\/{rel}","templated":true}]}}