{"id":4754,"date":"2024-03-11T18:42:39","date_gmt":"2024-03-11T17:42:39","guid":{"rendered":"https:\/\/www.lebens-qi.at\/qishop\/produkt\/mit-kindern-von-herz-zu-herz-leben\/"},"modified":"2024-03-11T18:42:40","modified_gmt":"2024-03-11T17:42:40","slug":"mit-kindern-von-herz-zu-herz-leben","status":"publish","type":"product","link":"https:\/\/www.lebens-qi.at\/qishop\/produkt\/mit-kindern-von-herz-zu-herz-leben\/","title":{"rendered":"Mit Kindern von Herz zu Herz leben"},"content":{"rendered":"<p><b>Mit Kindern von Herz zu Herz leben<\/b><br \/>Bildung als Chance zu mehr Menschlichkeit<\/p>\n<p>von Marion Elisabeth Hopfgartner<\/p>\n<p>Erziehung und Bildung im Aufbruch. Wir k\u00f6nnen Kindern keine friedvolle Welt erkl\u00e4ren &#8211; wir m\u00fcssen sie vorleben. Kinder liebevoll und bewusst zu begleiten braucht Erwachsene, die ihre Welt reflektiert betrachten. Dieses Buch erz\u00e4hlt von der Wichtigkeit des sozialen Miteinanders und wie wir Kinder schon in jungen Jahren die sozialen Kompetenzen nahebringen k\u00f6nnen. <b>Ein MUSS-Buch f\u00fcr alle bewussten Eltern und p\u00e4dagogischen Fachkr\u00e4fte.<\/b><\/p>\n<p>Seitenanzahl: 111Softcover<\/p>\n","protected":false},"excerpt":{"rendered":"<p>Bildung als Chance zu mehr Menschlichkeit<\/p>\n","protected":false},"featured_media":4753,"comment_status":"open","ping_status":"closed","template":"","meta":{"_links_to":"","_links_to_target":""},"pwb-brand":[],"product_brand":[],"product_cat":[578],"product_tag":[],"class_list":{"0":"post-4754","1":"product","2":"type-product","3":"status-publish","4":"has-post-thumbnail","6":"product_cat-buecher","8":"first","9":"instock","10":"taxable","11":"shipping-taxable","12":"purchasable","13":"product-type-simple"},"blog_post_layout_featured_media_urls":{"thumbnail":["https:\/\/www.lebens-qi.at\/qishop\/wp-content\/uploads\/von-herz-zu-herz-150x150.jpg",150,150,true],"full":["https:\/\/www.lebens-qi.at\/qishop\/wp-content\/uploads\/von-herz-zu-herz.jpg",386,597,false]},"categories":null,"categories_names":null,"comments_number":"0","brands":[],"_links":{"self":[{"href":"https:\/\/www.lebens-qi.at\/qishop\/wp-json\/wp\/v2\/product\/4754","targetHints":{"allow":["GET"]}}],"collection":[{"href":"https:\/\/www.lebens-qi.at\/qishop\/wp-json\/wp\/v2\/product"}],"about":[{"href":"https:\/\/www.lebens-qi.at\/qishop\/wp-json\/wp\/v2\/types\/product"}],"replies":[{"embeddable":true,"href":"https:\/\/www.lebens-qi.at\/qishop\/wp-json\/wp\/v2\/comments?post=4754"}],"wp:featuredmedia":[{"embeddable":true,"href":"https:\/\/www.lebens-qi.at\/qishop\/wp-json\/wp\/v2\/media\/4753"}],"wp:attachment":[{"href":"https:\/\/www.lebens-qi.at\/qishop\/wp-json\/wp\/v2\/media?parent=4754"}],"wp:term":[{"taxonomy":"pwb-brand","embeddable":true,"href":"https:\/\/www.lebens-qi.at\/qishop\/wp-json\/wp\/v2\/pwb-brand?post=4754"},{"taxonomy":"product_brand","embeddable":true,"href":"https:\/\/www.lebens-qi.at\/qishop\/wp-json\/wp\/v2\/product_brand?post=4754"},{"taxonomy":"product_cat","embeddable":true,"href":"https:\/\/www.lebens-qi.at\/qishop\/wp-json\/wp\/v2\/product_cat?post=4754"},{"taxonomy":"product_tag","embeddable":true,"href":"https:\/\/www.lebens-qi.at\/qishop\/wp-json\/wp\/v2\/product_tag?post=4754"}],"curies":[{"name":"wp","href":"https:\/\/api.w.org\/{rel}","templated":true}]}}