{"id":4756,"date":"2024-03-11T18:42:40","date_gmt":"2024-03-11T17:42:40","guid":{"rendered":"https:\/\/www.lebens-qi.at\/qishop\/produkt\/die-strichmaennchen-technik\/"},"modified":"2025-02-21T15:18:40","modified_gmt":"2025-02-21T14:18:40","slug":"die-strichmaennchen-technik","status":"publish","type":"product","link":"https:\/\/www.lebens-qi.at\/qishop\/produkt\/die-strichmaennchen-technik\/","title":{"rendered":"Die Strichm\u00e4nnchen-Technik"},"content":{"rendered":"<p><b>Die Strichm\u00e4nnchen-Technik <\/b><br \/>\nF\u00fcr emotionale Selbstheilung, L\u00f6sung aus Abh\u00e4ngigkeiten und f\u00fcr gute Beziehungen &#8211; nach Jacques Martel<br \/>\n<em>von Lucie Bernier und Robert Lenghan<\/em><\/p>\n<p>H\u00e4ufig belasten uns bestimmte Situationen oder Beziehungen zu anderen Menschen oder sogar Gegenst\u00e4nden. Wir k\u00f6nnen nicht loslassen und beharren auf unseren Standpunkten anstatt uns zu \u00f6ffnen oder die Dinge anzunehmen.<br \/>\n<b>Jacques Martels Strichm\u00e4nnchen-Technik ist eine einfache und hochwirksame Selbstcoaching-Methode zur Pers\u00f6nlichkeitsentwicklung, die hilft, durch Visualisierung Gegebenheiten zu akzeptieren, loszulassen und darauf zu vertrauen, dass das Richtige passieren wird.<\/b><br \/>\nMit einfachen Strichzeichnungen nach einem ganz bestimmten Schema k\u00f6nnen Sie sich von bewussten oder unbewussten Abh\u00e4ngigkeiten, konkreten \u00c4ngsten oder bestimmten Personen l\u00f6sen oder ungute Erinnerungen und Situationen loslassen. Die leicht umsetzbare Methode sorgt schnell und wirkungsvoll f\u00fcr positive Ver\u00e4nderungen in Ihrem Leben:<br \/>\nmehr Freiheit, mehr Wohlbefinden und mehr Liebe.<\/p>\n<p>Die einzelne Anwendung dauert nur zwei, drei Minuten und jeder kann sie umsetzen. Das Geheimnis der Technik: Durch die Problemvisualisierung w\u00e4hrend des Zeichenprozesses adressiert das Tun unser Unterbewusstsein. So entseht Achtsamkeit und Selbstheilung &#8211; wir k\u00f6nnen das Problem loslassen. Das Buch erl\u00e4utert anhand zahlreicher anschaulicher Illustrationen, wie die sieben Zeichen-Schritte richtig ausgef\u00fchrt werden und f\u00fcr welche Belange ich sie einsetzen kann, beispielsweise um meine Beziehung zu meinem Partner zu verbessern, um eine schwierige Job-Situation zu l\u00f6sen oder um mich selbst von einer unguten Eigenschaft zu befreien.<br \/>\n<b>Setzen Sie Ver\u00e4nderungen in Gang: einfach, schnell und effektiv!<\/b><\/p>\n","protected":false},"excerpt":{"rendered":"<p>F\u00fcr emotionale Selbstheilung, L\u00f6sung aus Abh\u00e4ngigkeiten und f\u00fcr gute Beziehungen &#8211; nach Jacques Martel<\/p>\n","protected":false},"featured_media":9741,"comment_status":"open","ping_status":"closed","template":"","meta":{"_links_to":"","_links_to_target":""},"pwb-brand":[2009],"product_brand":[],"product_cat":[811],"product_tag":[580,1406,515,2013,2015,2017,2014,513,1996,2016],"class_list":{"0":"post-4756","1":"product","2":"type-product","3":"status-publish","4":"has-post-thumbnail","6":"pwb-brand-vak","7":"product_cat-gesundheit","8":"product_tag-buch","9":"product_tag-jacques-martel","10":"product_tag-loslassen","11":"product_tag-lucie-bernier","12":"product_tag-persoenlichkeitsentwicklung","13":"product_tag-problemloesung","14":"product_tag-robert-lenghan","15":"product_tag-selbstheilung","16":"product_tag-unabhaengigkeit","17":"product_tag-visualisierung","19":"first","20":"instock","21":"taxable","22":"shipping-taxable","23":"purchasable","24":"product-type-simple"},"blog_post_layout_featured_media_urls":{"thumbnail":["https:\/\/www.lebens-qi.at\/qishop\/wp-content\/uploads\/9783867312028-X-strichmaennchentechnik-150x150.jpg",150,150,true],"full":["https:\/\/www.lebens-qi.at\/qishop\/wp-content\/uploads\/9783867312028-X-strichmaennchentechnik.jpg",648,648,false]},"categories":["2009"],"categories_names":{"2009":{"name":"VAK","link":"https:\/\/www.lebens-qi.at\/qishop\/brand\/vak\/"}},"comments_number":"0","brands":[{"id":2009,"name":"VAK","slug":"vak"}],"_links":{"self":[{"href":"https:\/\/www.lebens-qi.at\/qishop\/wp-json\/wp\/v2\/product\/4756","targetHints":{"allow":["GET"]}}],"collection":[{"href":"https:\/\/www.lebens-qi.at\/qishop\/wp-json\/wp\/v2\/product"}],"about":[{"href":"https:\/\/www.lebens-qi.at\/qishop\/wp-json\/wp\/v2\/types\/product"}],"replies":[{"embeddable":true,"href":"https:\/\/www.lebens-qi.at\/qishop\/wp-json\/wp\/v2\/comments?post=4756"}],"wp:featuredmedia":[{"embeddable":true,"href":"https:\/\/www.lebens-qi.at\/qishop\/wp-json\/wp\/v2\/media\/9741"}],"wp:attachment":[{"href":"https:\/\/www.lebens-qi.at\/qishop\/wp-json\/wp\/v2\/media?parent=4756"}],"wp:term":[{"taxonomy":"pwb-brand","embeddable":true,"href":"https:\/\/www.lebens-qi.at\/qishop\/wp-json\/wp\/v2\/pwb-brand?post=4756"},{"taxonomy":"product_brand","embeddable":true,"href":"https:\/\/www.lebens-qi.at\/qishop\/wp-json\/wp\/v2\/product_brand?post=4756"},{"taxonomy":"product_cat","embeddable":true,"href":"https:\/\/www.lebens-qi.at\/qishop\/wp-json\/wp\/v2\/product_cat?post=4756"},{"taxonomy":"product_tag","embeddable":true,"href":"https:\/\/www.lebens-qi.at\/qishop\/wp-json\/wp\/v2\/product_tag?post=4756"}],"curies":[{"name":"wp","href":"https:\/\/api.w.org\/{rel}","templated":true}]}}