{"id":4764,"date":"2024-03-11T18:42:46","date_gmt":"2024-03-11T17:42:46","guid":{"rendered":"https:\/\/www.lebens-qi.at\/qishop\/produkt\/der-aetherkoerper\/"},"modified":"2025-08-08T18:24:19","modified_gmt":"2025-08-08T16:24:19","slug":"der-aetherkoerper","status":"publish","type":"product","link":"https:\/\/www.lebens-qi.at\/qishop\/produkt\/der-aetherkoerper\/","title":{"rendered":"Der \u00c4therk\u00f6rper"},"content":{"rendered":"<p><b>Der \u00c4therk\u00f6rper<\/b><br \/>\nDas feinstoffliche Energiesystem des Menschen<br \/>\n<em>von Arthur E. Powell<\/em><\/p>\n<p>Es ist allgemein bekannt, dass der Mensch nicht nur aus seinem physischen K\u00f6rper besteht, sondern dar\u00fcber hinaus noch h\u00f6here Aspekte oder Wesensglieder besitzt. Die esoterische Literatur nennt neben der leiblichen H\u00fclle den \u00c4therk\u00f6rper, den Astralk\u00f6rper, den Mentalk\u00f6rper und den Kausalk\u00f6rper, die sich mit der eigentlichen Seele und dem Geist zur Siebenheit erg\u00e4nzen.<\/p>\n<p>Die verschiedenen esoterischen Fachbereiche haben in den letzten Jahrzehnten einiges an Literatur hervorgebracht, die \u00fcber das Wirken der einzelnen Wesensglieder berichtete. So etwa \u00fcber die Bedeutung des \u00c4therk\u00f6rpers f\u00fcr die Gesundheit, \u00fcber die Aussendung des Astralk\u00f6rpers bei so genannten Astralreisen oder auch bei Nah-Tod-Erfahrungen oder \u00fcber die Bedeutung von positivem Denken auf den Mentalk\u00f6rper.<\/p>\n","protected":false},"excerpt":{"rendered":"<p>Das feinstoffliche Energiesystem des Menschen<\/p>\n","protected":false},"featured_media":6924,"comment_status":"open","ping_status":"closed","template":"","meta":{"_links_to":"","_links_to_target":""},"pwb-brand":[810],"product_brand":[],"product_cat":[804],"product_tag":[843,1314,517,580,446,1315,844,1308,1282],"class_list":{"0":"post-4764","1":"product","2":"type-product","3":"status-publish","4":"has-post-thumbnail","6":"pwb-brand-aquamarin-verlag","7":"product_cat-energiearbeit","8":"product_tag-arthur-powell","9":"product_tag-aetherkoerper","10":"product_tag-aura","11":"product_tag-buch","12":"product_tag-chakren","13":"product_tag-energiefeld","14":"product_tag-energiekoerper","15":"product_tag-lebensfelder","16":"product_tag-taschenbuch","18":"first","19":"instock","20":"taxable","21":"shipping-taxable","22":"purchasable","23":"product-type-simple"},"blog_post_layout_featured_media_urls":{"thumbnail":["https:\/\/www.lebens-qi.at\/qishop\/wp-content\/uploads\/aetherkoerper-9783894276430-X-150x150.jpg",150,150,true],"full":["https:\/\/www.lebens-qi.at\/qishop\/wp-content\/uploads\/aetherkoerper-9783894276430-X.jpg",648,648,false]},"categories":["810"],"categories_names":{"810":{"name":"Aquamarin Verlag","link":"https:\/\/www.lebens-qi.at\/qishop\/brand\/aquamarin-verlag\/"}},"comments_number":"0","brands":[{"id":810,"name":"Aquamarin Verlag","slug":"aquamarin-verlag"}],"_links":{"self":[{"href":"https:\/\/www.lebens-qi.at\/qishop\/wp-json\/wp\/v2\/product\/4764","targetHints":{"allow":["GET"]}}],"collection":[{"href":"https:\/\/www.lebens-qi.at\/qishop\/wp-json\/wp\/v2\/product"}],"about":[{"href":"https:\/\/www.lebens-qi.at\/qishop\/wp-json\/wp\/v2\/types\/product"}],"replies":[{"embeddable":true,"href":"https:\/\/www.lebens-qi.at\/qishop\/wp-json\/wp\/v2\/comments?post=4764"}],"wp:featuredmedia":[{"embeddable":true,"href":"https:\/\/www.lebens-qi.at\/qishop\/wp-json\/wp\/v2\/media\/6924"}],"wp:attachment":[{"href":"https:\/\/www.lebens-qi.at\/qishop\/wp-json\/wp\/v2\/media?parent=4764"}],"wp:term":[{"taxonomy":"pwb-brand","embeddable":true,"href":"https:\/\/www.lebens-qi.at\/qishop\/wp-json\/wp\/v2\/pwb-brand?post=4764"},{"taxonomy":"product_brand","embeddable":true,"href":"https:\/\/www.lebens-qi.at\/qishop\/wp-json\/wp\/v2\/product_brand?post=4764"},{"taxonomy":"product_cat","embeddable":true,"href":"https:\/\/www.lebens-qi.at\/qishop\/wp-json\/wp\/v2\/product_cat?post=4764"},{"taxonomy":"product_tag","embeddable":true,"href":"https:\/\/www.lebens-qi.at\/qishop\/wp-json\/wp\/v2\/product_tag?post=4764"}],"curies":[{"name":"wp","href":"https:\/\/api.w.org\/{rel}","templated":true}]}}