{"id":4780,"date":"2024-03-11T18:42:57","date_gmt":"2024-03-11T17:42:57","guid":{"rendered":"https:\/\/www.lebens-qi.at\/qishop\/produkt\/die-geheimlehre\/"},"modified":"2024-12-10T11:17:01","modified_gmt":"2024-12-10T10:17:01","slug":"die-geheimlehre","status":"publish","type":"product","link":"https:\/\/www.lebens-qi.at\/qishop\/produkt\/die-geheimlehre\/","title":{"rendered":"Die Geheimlehre"},"content":{"rendered":"<p><b>Die Geheimlehre<\/b><br \/>\n<em>von Helena Petrovna Blavatsky<\/em><\/p>\n<p>Die \u201eGeheimlehre\u201c steht am Anfang der esoterischen Bewegung der Neuzeit. Generationen von geistigen Suchern haben aus ihr gesch\u00f6pft, und ein Gro\u00dfteil der so genannten \u201eNew-Age-Literatur\u201c baut auf diesem Werk auf, ohne es \u00fcberhaupt zu wissen!<br \/>\nDer gr\u00f6\u00dfte Klassiker der theosophischen Literatur!<br \/>\nEine sorgf\u00e4ltige Neu\u00fcbersetzung und eine Edition, die vor allem durch die \u00e4u\u00dferst hilfreichen Textbeitr\u00e4ge renomierter Autoren lebt.<br \/>\n<b>Ein Meilenstein theosophischer Forschungsarbeit. Das wichtigste Buch der modernen Esoterik!<\/b><\/p>\n","protected":false},"excerpt":{"rendered":"<p>Der gr\u00f6\u00dfte Klassiker der theosophischen Literatur<\/p>\n","protected":false},"featured_media":6942,"comment_status":"open","ping_status":"closed","template":"","meta":{"_links_to":"","_links_to_target":""},"pwb-brand":[810],"product_brand":[],"product_cat":[805],"product_tag":[580,839,840,1027,1351,834,1350],"class_list":{"0":"post-4780","1":"product","2":"type-product","3":"status-publish","4":"has-post-thumbnail","6":"pwb-brand-aquamarin-verlag","7":"product_cat-spiritualitaet","8":"product_tag-buch","9":"product_tag-esoterik","10":"product_tag-helena-blavatsky","11":"product_tag-mystik","12":"product_tag-parapsychologie","13":"product_tag-spiritualitaet","14":"product_tag-theosophie","16":"first","17":"instock","18":"taxable","19":"shipping-taxable","20":"purchasable","21":"product-type-simple"},"blog_post_layout_featured_media_urls":{"thumbnail":["https:\/\/www.lebens-qi.at\/qishop\/wp-content\/uploads\/geheimlehre-9783894271978-X-150x150.jpg",150,150,true],"full":["https:\/\/www.lebens-qi.at\/qishop\/wp-content\/uploads\/geheimlehre-9783894271978-X.jpg",648,648,false]},"categories":["810"],"categories_names":{"810":{"name":"Aquamarin Verlag","link":"https:\/\/www.lebens-qi.at\/qishop\/brand\/aquamarin-verlag\/"}},"comments_number":"0","brands":[{"id":810,"name":"Aquamarin Verlag","slug":"aquamarin-verlag"}],"_links":{"self":[{"href":"https:\/\/www.lebens-qi.at\/qishop\/wp-json\/wp\/v2\/product\/4780","targetHints":{"allow":["GET"]}}],"collection":[{"href":"https:\/\/www.lebens-qi.at\/qishop\/wp-json\/wp\/v2\/product"}],"about":[{"href":"https:\/\/www.lebens-qi.at\/qishop\/wp-json\/wp\/v2\/types\/product"}],"replies":[{"embeddable":true,"href":"https:\/\/www.lebens-qi.at\/qishop\/wp-json\/wp\/v2\/comments?post=4780"}],"wp:featuredmedia":[{"embeddable":true,"href":"https:\/\/www.lebens-qi.at\/qishop\/wp-json\/wp\/v2\/media\/6942"}],"wp:attachment":[{"href":"https:\/\/www.lebens-qi.at\/qishop\/wp-json\/wp\/v2\/media?parent=4780"}],"wp:term":[{"taxonomy":"pwb-brand","embeddable":true,"href":"https:\/\/www.lebens-qi.at\/qishop\/wp-json\/wp\/v2\/pwb-brand?post=4780"},{"taxonomy":"product_brand","embeddable":true,"href":"https:\/\/www.lebens-qi.at\/qishop\/wp-json\/wp\/v2\/product_brand?post=4780"},{"taxonomy":"product_cat","embeddable":true,"href":"https:\/\/www.lebens-qi.at\/qishop\/wp-json\/wp\/v2\/product_cat?post=4780"},{"taxonomy":"product_tag","embeddable":true,"href":"https:\/\/www.lebens-qi.at\/qishop\/wp-json\/wp\/v2\/product_tag?post=4780"}],"curies":[{"name":"wp","href":"https:\/\/api.w.org\/{rel}","templated":true}]}}