{"id":4784,"date":"2024-03-11T18:43:00","date_gmt":"2024-03-11T17:43:00","guid":{"rendered":"https:\/\/www.lebens-qi.at\/qishop\/produkt\/das-hoehere-selbst\/"},"modified":"2024-12-10T11:17:00","modified_gmt":"2024-12-10T10:17:00","slug":"das-hoehere-selbst","status":"publish","type":"product","link":"https:\/\/www.lebens-qi.at\/qishop\/produkt\/das-hoehere-selbst\/","title":{"rendered":"Das h\u00f6here Selbst"},"content":{"rendered":"<p><b>Das h\u00f6here Selbst<\/b><br \/>\n<em>von Charles W. Leadbeater<\/em><\/p>\n<p>Es d\u00fcrfte wenige Abhandlungen geben, die das Mysterium des \u201eh\u00f6heren Selbst\u201c so klar und tief entschl\u00fcsselt haben. Wer dieses Buch auf seinem geistigen Weg nicht aus den H\u00e4nden verliert, wird immer wissen, wohin er bereits gelangt ist und welche H\u00f6hen es noch zu erklimmen gibt. Ein zeitloser Klassiker!<\/p>\n","protected":false},"excerpt":{"rendered":"<p>Entschl\u00fcsselung eines Mysteriums<\/p>\n","protected":false},"featured_media":6945,"comment_status":"open","ping_status":"closed","template":"","meta":{"_links_to":"","_links_to_target":""},"pwb-brand":[810],"product_brand":[],"product_cat":[805],"product_tag":[580,833,178,834],"class_list":{"0":"post-4784","1":"product","2":"type-product","3":"status-publish","4":"has-post-thumbnail","6":"pwb-brand-aquamarin-verlag","7":"product_cat-spiritualitaet","8":"product_tag-buch","9":"product_tag-charles-leadbeater","10":"product_tag-seele","11":"product_tag-spiritualitaet","13":"first","14":"instock","15":"taxable","16":"shipping-taxable","17":"purchasable","18":"product-type-simple"},"blog_post_layout_featured_media_urls":{"thumbnail":["https:\/\/www.lebens-qi.at\/qishop\/wp-content\/uploads\/hoehere-selbst-9783894276645-X-150x150.jpg",150,150,true],"full":["https:\/\/www.lebens-qi.at\/qishop\/wp-content\/uploads\/hoehere-selbst-9783894276645-X.jpg",648,648,false]},"categories":["810"],"categories_names":{"810":{"name":"Aquamarin Verlag","link":"https:\/\/www.lebens-qi.at\/qishop\/brand\/aquamarin-verlag\/"}},"comments_number":"0","brands":[{"id":810,"name":"Aquamarin Verlag","slug":"aquamarin-verlag"}],"_links":{"self":[{"href":"https:\/\/www.lebens-qi.at\/qishop\/wp-json\/wp\/v2\/product\/4784","targetHints":{"allow":["GET"]}}],"collection":[{"href":"https:\/\/www.lebens-qi.at\/qishop\/wp-json\/wp\/v2\/product"}],"about":[{"href":"https:\/\/www.lebens-qi.at\/qishop\/wp-json\/wp\/v2\/types\/product"}],"replies":[{"embeddable":true,"href":"https:\/\/www.lebens-qi.at\/qishop\/wp-json\/wp\/v2\/comments?post=4784"}],"wp:featuredmedia":[{"embeddable":true,"href":"https:\/\/www.lebens-qi.at\/qishop\/wp-json\/wp\/v2\/media\/6945"}],"wp:attachment":[{"href":"https:\/\/www.lebens-qi.at\/qishop\/wp-json\/wp\/v2\/media?parent=4784"}],"wp:term":[{"taxonomy":"pwb-brand","embeddable":true,"href":"https:\/\/www.lebens-qi.at\/qishop\/wp-json\/wp\/v2\/pwb-brand?post=4784"},{"taxonomy":"product_brand","embeddable":true,"href":"https:\/\/www.lebens-qi.at\/qishop\/wp-json\/wp\/v2\/product_brand?post=4784"},{"taxonomy":"product_cat","embeddable":true,"href":"https:\/\/www.lebens-qi.at\/qishop\/wp-json\/wp\/v2\/product_cat?post=4784"},{"taxonomy":"product_tag","embeddable":true,"href":"https:\/\/www.lebens-qi.at\/qishop\/wp-json\/wp\/v2\/product_tag?post=4784"}],"curies":[{"name":"wp","href":"https:\/\/api.w.org\/{rel}","templated":true}]}}