{"id":4788,"date":"2024-03-11T18:43:01","date_gmt":"2024-03-11T17:43:01","guid":{"rendered":"https:\/\/www.lebens-qi.at\/qishop\/produkt\/om-mani-padme-hum\/"},"modified":"2024-12-12T14:23:37","modified_gmt":"2024-12-12T13:23:37","slug":"om-mani-padme-hum","status":"publish","type":"product","link":"https:\/\/www.lebens-qi.at\/qishop\/produkt\/om-mani-padme-hum\/","title":{"rendered":"OM Mani Padme Hum"},"content":{"rendered":"<p><b>Om Mani Padme Hum<\/b><br \/>\nDie blaue Perle im goldenen Lotos<br \/>\n<em>von Master Choa Kok Sui<\/em><\/p>\n<p><b>Das uralte Mantra neu erkl\u00e4rt<\/b><\/p>\n<p>In diesem Buch \u00fcberschreitet Grandmaster Choa Kok Sui die Grenzen von Zeit und Raum, indem er die Wahrheit \u00fcber seinen spirituellen Lehrer der \u00d6ffentlichkeit preisgibt und einige besonders wichtige Lehren dieses unsterblichen Tibetischen Meisters zusammenfasst.<\/p>\n<p>In Zeiten globaler Verwirrung und Unzufriedenheit ist <b>OM MANI PADME HUM<\/b> eine belebende Wiederentdeckung. Die Stille, die diesem uralten, vorzeitlichen, klangvollen, rhythmischen Gesang innewohnt, tr\u00e4gt das Bewusstsein in unerreichte H\u00f6hen. Derjenige, der ernsthaft nach der Wahrheit sucht, wird damit Frieden und Gl\u00fcckseligkeit als feste reale Gr\u00f6\u00dfen in seinem Leben erfahren.<\/p>\n<p>Zwei einfache, doch sehr kraftvolle Meditationen werden hier vorgestellt, die \u2013 basierend auf Transformation und innerer Entwicklung \u2013 die spirituelle Evolution des Menschen enorm voranbringen werden.<\/p>\n<p><b>OM MANI PADME HUM <\/b>schwingt mit der Sch\u00f6nheit und der stillen Verz\u00fcckung eines erleuchteten Bewusstseins, das erstaunt und ber\u00fchrt beobachten darf, wie sich die Bl\u00fctenbl\u00e4tter des goldenen Lotos behutsam \u00f6ffnen und in seinem Innersten ein funkelndes Juwel freigeben.<\/p>\n<p>Master Choa Kok Sui (1952-2007) war nicht nur Autor von 20 B\u00fcchern, sondern auch Wissenschaftler, Chemie-Ingenieur, erfolgreicher Gesch\u00e4ftsmann, Philanthrop und allem voran ein herausragender, weltweit bekannter spiritueller Lehrer.<br \/>\nDieses, noch kurz vor seinem Tod neu \u00fcberarbeitete Werk ist nachhaltig gepr\u00e4gt von seiner mitf\u00fchlenden Hingabe an die Menschheit, die sein beispielhaftes Leben ausmachte.<\/p>\n<p><em>Quellenangabe: Beschreibungstext &#8211; von der R\u00fcckseite des Buches, Grafik von www.innere-studien.de<\/em><\/p>\n","protected":false},"excerpt":{"rendered":"<p>Die blaue Perle im goldenen Lotos<\/p>\n","protected":false},"featured_media":6946,"comment_status":"open","ping_status":"closed","template":"","meta":{"_links_to":"","_links_to_target":""},"pwb-brand":[1292],"product_brand":[],"product_cat":[805],"product_tag":[580,830,829,169,834],"class_list":{"0":"post-4788","1":"product","2":"type-product","3":"status-publish","4":"has-post-thumbnail","6":"pwb-brand-innere-studien-verlag","7":"product_cat-spiritualitaet","8":"product_tag-buch","9":"product_tag-mantra","10":"product_tag-master-choa-kok-sui","11":"product_tag-om","12":"product_tag-spiritualitaet","14":"first","15":"instock","16":"taxable","17":"shipping-taxable","18":"purchasable","19":"product-type-simple"},"blog_post_layout_featured_media_urls":{"thumbnail":["https:\/\/www.lebens-qi.at\/qishop\/wp-content\/uploads\/om-mani-padme-hum-buch-150x150.jpg",150,150,true],"full":["https:\/\/www.lebens-qi.at\/qishop\/wp-content\/uploads\/om-mani-padme-hum-buch.jpg",483,483,false]},"categories":["1292"],"categories_names":{"1292":{"name":"Innere Studien Verlag","link":"https:\/\/www.lebens-qi.at\/qishop\/brand\/innere-studien-verlag\/"}},"comments_number":"0","brands":[{"id":1292,"name":"Innere Studien Verlag","slug":"innere-studien-verlag"}],"_links":{"self":[{"href":"https:\/\/www.lebens-qi.at\/qishop\/wp-json\/wp\/v2\/product\/4788","targetHints":{"allow":["GET"]}}],"collection":[{"href":"https:\/\/www.lebens-qi.at\/qishop\/wp-json\/wp\/v2\/product"}],"about":[{"href":"https:\/\/www.lebens-qi.at\/qishop\/wp-json\/wp\/v2\/types\/product"}],"replies":[{"embeddable":true,"href":"https:\/\/www.lebens-qi.at\/qishop\/wp-json\/wp\/v2\/comments?post=4788"}],"wp:featuredmedia":[{"embeddable":true,"href":"https:\/\/www.lebens-qi.at\/qishop\/wp-json\/wp\/v2\/media\/6946"}],"wp:attachment":[{"href":"https:\/\/www.lebens-qi.at\/qishop\/wp-json\/wp\/v2\/media?parent=4788"}],"wp:term":[{"taxonomy":"pwb-brand","embeddable":true,"href":"https:\/\/www.lebens-qi.at\/qishop\/wp-json\/wp\/v2\/pwb-brand?post=4788"},{"taxonomy":"product_brand","embeddable":true,"href":"https:\/\/www.lebens-qi.at\/qishop\/wp-json\/wp\/v2\/product_brand?post=4788"},{"taxonomy":"product_cat","embeddable":true,"href":"https:\/\/www.lebens-qi.at\/qishop\/wp-json\/wp\/v2\/product_cat?post=4788"},{"taxonomy":"product_tag","embeddable":true,"href":"https:\/\/www.lebens-qi.at\/qishop\/wp-json\/wp\/v2\/product_tag?post=4788"}],"curies":[{"name":"wp","href":"https:\/\/api.w.org\/{rel}","templated":true}]}}