{"id":4798,"date":"2024-03-11T18:43:04","date_gmt":"2024-03-11T17:43:04","guid":{"rendered":"https:\/\/www.lebens-qi.at\/qishop\/produkt\/unsere-unsichtbaren-helfer\/"},"modified":"2024-12-10T11:16:59","modified_gmt":"2024-12-10T10:16:59","slug":"unsere-unsichtbaren-helfer","status":"publish","type":"product","link":"https:\/\/www.lebens-qi.at\/qishop\/produkt\/unsere-unsichtbaren-helfer\/","title":{"rendered":"Unsere unsichtbaren Helfer"},"content":{"rendered":"<p><b>Unsere unsichtbaren Helfer<\/b><br \/>\nWie wir t\u00e4glich geistige Hilfe erfahren<br \/>\n<em>von Charles W. Leadbeater<\/em><\/p>\n<p>Die Gesellschaft des 21. Jahrhunderts hat die Welt der Engel wiederentdeckt und damit einen ersten Schritt zum Verst\u00e4ndnis jener Lichtwesen gemacht, die aus einer h\u00f6heren Wirklichkeit heraus hilf- und segensreich auf die Erdenmenschen einwirken.<\/p>\n<p>Charles W. Leadbeater, einer der bedeutendsten Geistesforscher des 20. Jahrhunderts, macht allerdings in seiner facettenreichen Studie deutlich, dass es sehr viel mehr Wesenheiten gibt, die aus den unterschiedlichen Sph\u00e4ren auf den Menschen Einfluss aus\u00fcben. Wer sich bewusst macht, wer und auf welche Weise helfend eingreifen m\u00f6chte, der versetzt sich in die Lage, diese Hilfe auch wachen Geistes anzunehmen. Was bisher ein eher undeutlich geahnter Schutz war, entwickelt sich so zur gezielten geistigen F\u00fchrung.<br \/>\n<b>Ein aufschlussreicher F\u00fchrer durch die Geistige Welt, der eine ungeahnte neue Wirklichkeit erschlie\u00dft und deutlich macht, dass \u201edie Geisteswelt nicht verschlossen ist\u201c! <\/b><\/p>\n","protected":false},"excerpt":{"rendered":"<p>Wie wir t\u00e4glich geistige Hilfe erfahren<\/p>\n","protected":false},"featured_media":6949,"comment_status":"open","ping_status":"closed","template":"","meta":{"_links_to":"","_links_to_target":""},"pwb-brand":[810],"product_brand":[],"product_cat":[806,952],"product_tag":[580,833,545,1209,1211,1357,1282],"class_list":{"0":"post-4798","1":"product","2":"type-product","3":"status-publish","4":"has-post-thumbnail","6":"pwb-brand-aquamarin-verlag","7":"product_cat-engel-buecher","8":"product_cat-engelbuecher-kartendecks","9":"product_tag-buch","10":"product_tag-charles-leadbeater","11":"product_tag-engel","12":"product_tag-geistfuehrer","13":"product_tag-hilfe","14":"product_tag-lichtwesen","15":"product_tag-taschenbuch","17":"first","18":"instock","19":"taxable","20":"shipping-taxable","21":"purchasable","22":"product-type-simple"},"blog_post_layout_featured_media_urls":{"thumbnail":["https:\/\/www.lebens-qi.at\/qishop\/wp-content\/uploads\/unsichtbaren-helfer-9783894275587-X-150x150.jpg",150,150,true],"full":["https:\/\/www.lebens-qi.at\/qishop\/wp-content\/uploads\/unsichtbaren-helfer-9783894275587-X.jpg",648,648,false]},"categories":["810"],"categories_names":{"810":{"name":"Aquamarin Verlag","link":"https:\/\/www.lebens-qi.at\/qishop\/brand\/aquamarin-verlag\/"}},"comments_number":"0","brands":[{"id":810,"name":"Aquamarin Verlag","slug":"aquamarin-verlag"}],"_links":{"self":[{"href":"https:\/\/www.lebens-qi.at\/qishop\/wp-json\/wp\/v2\/product\/4798","targetHints":{"allow":["GET"]}}],"collection":[{"href":"https:\/\/www.lebens-qi.at\/qishop\/wp-json\/wp\/v2\/product"}],"about":[{"href":"https:\/\/www.lebens-qi.at\/qishop\/wp-json\/wp\/v2\/types\/product"}],"replies":[{"embeddable":true,"href":"https:\/\/www.lebens-qi.at\/qishop\/wp-json\/wp\/v2\/comments?post=4798"}],"wp:featuredmedia":[{"embeddable":true,"href":"https:\/\/www.lebens-qi.at\/qishop\/wp-json\/wp\/v2\/media\/6949"}],"wp:attachment":[{"href":"https:\/\/www.lebens-qi.at\/qishop\/wp-json\/wp\/v2\/media?parent=4798"}],"wp:term":[{"taxonomy":"pwb-brand","embeddable":true,"href":"https:\/\/www.lebens-qi.at\/qishop\/wp-json\/wp\/v2\/pwb-brand?post=4798"},{"taxonomy":"product_brand","embeddable":true,"href":"https:\/\/www.lebens-qi.at\/qishop\/wp-json\/wp\/v2\/product_brand?post=4798"},{"taxonomy":"product_cat","embeddable":true,"href":"https:\/\/www.lebens-qi.at\/qishop\/wp-json\/wp\/v2\/product_cat?post=4798"},{"taxonomy":"product_tag","embeddable":true,"href":"https:\/\/www.lebens-qi.at\/qishop\/wp-json\/wp\/v2\/product_tag?post=4798"}],"curies":[{"name":"wp","href":"https:\/\/api.w.org\/{rel}","templated":true}]}}