{"id":4804,"date":"2024-03-11T18:43:06","date_gmt":"2024-03-11T17:43:06","guid":{"rendered":"https:\/\/www.lebens-qi.at\/qishop\/produkt\/duftender-rauch\/"},"modified":"2024-11-18T20:00:47","modified_gmt":"2024-11-18T19:00:47","slug":"duftender-rauch","status":"publish","type":"product","link":"https:\/\/www.lebens-qi.at\/qishop\/produkt\/duftender-rauch\/","title":{"rendered":"Duftender Rauch!"},"content":{"rendered":"<p><b>Duftender Rauch!<\/b><br \/><em>von Claudia L\u00e4mmermeyer<\/em><\/p>\n<p>\u00dcber die Geschichte und die Geschichten des R\u00e4ucherns gibt es umfangreiche Literatur und jede unserer beschriebenen R\u00e4uchersubstanzen hat eine<b> Vielzahl<\/b> an Bedeutungen. Um Dir die <b>Auswahl zu erleichtern<\/b>, haben wir nur die <b>wichtigsten Wirkungen <\/b>der einzelnen R\u00e4ucherwerke beschrieben. <br \/>Es soll einfach gehen! Ja \u2013 aber wie? <br \/>Du kannst die meisten der R\u00e4uchersubstanzen f\u00fcr sich r\u00e4uchern aber mehr Spa\u00df macht eine individuelle Mischung. Wie das funktioniert, das verr\u00e4t das B\u00fcchlein Duftender Rauch&#8220; von Claudia L\u00e4mmermeyer<\/p>\n<p>Einzelne R\u00e4uchersubstanzen werden in kurzen und pr\u00e4gnanten Worten erkl\u00e4rt und selbst Menschen, die schon (fast) ALLE R\u00e4ucherb\u00fccher haben, nehmen es gerne noch einmal mit.<\/p>\n<p>Das sagen unsere LeserInnen:<\/p>\n<p><em>&#8222;Ich habe fast alles an Literatur \u00fcbers R\u00e4uchern &#8211; aber das B\u00fcchlein ist meine R\u00e4ucherbibel&#8220;<\/p>\n<p> &#8222;Was &#8211; nur 3,90? Das kommt zus\u00e4tzlich mit&#8220;<\/p>\n<p>&#8222;Das nehme ich \u00fcberall hin mit, weil es so ein tolles Format zum Einstecken ist&#8220;<\/em>&#8222;<\/p>\n","protected":false},"excerpt":{"rendered":"<p>Die wichtigesten Wirkungen der R\u00e4ucherwerke<\/p>\n","protected":false},"featured_media":4803,"comment_status":"open","ping_status":"closed","template":"","meta":{"_links_to":"","_links_to_target":""},"pwb-brand":[166],"product_brand":[],"product_cat":[1654,807],"product_tag":[580,906,907,306,466,905],"class_list":{"0":"post-4804","1":"product","2":"type-product","3":"status-publish","4":"has-post-thumbnail","6":"pwb-brand-engelalm","7":"product_cat-raeucherbuecher","8":"product_cat-raeuchern","9":"product_tag-buch","10":"product_tag-harze","11":"product_tag-hoelzer","12":"product_tag-kraeuter","13":"product_tag-raeuchern","14":"product_tag-wirkung","16":"first","17":"instock","18":"taxable","19":"shipping-taxable","20":"purchasable","21":"product-type-simple"},"blog_post_layout_featured_media_urls":{"thumbnail":["https:\/\/www.lebens-qi.at\/qishop\/wp-content\/uploads\/duftener-rauch-buch-150x150.jpg",150,150,true],"full":["https:\/\/www.lebens-qi.at\/qishop\/wp-content\/uploads\/duftener-rauch-buch.jpg",300,304,false]},"categories":["166"],"categories_names":{"166":{"name":"Engelalm","link":"https:\/\/www.lebens-qi.at\/qishop\/brand\/engelalm\/"}},"comments_number":"0","brands":[{"id":166,"name":"Engelalm","slug":"engelalm"}],"_links":{"self":[{"href":"https:\/\/www.lebens-qi.at\/qishop\/wp-json\/wp\/v2\/product\/4804","targetHints":{"allow":["GET"]}}],"collection":[{"href":"https:\/\/www.lebens-qi.at\/qishop\/wp-json\/wp\/v2\/product"}],"about":[{"href":"https:\/\/www.lebens-qi.at\/qishop\/wp-json\/wp\/v2\/types\/product"}],"replies":[{"embeddable":true,"href":"https:\/\/www.lebens-qi.at\/qishop\/wp-json\/wp\/v2\/comments?post=4804"}],"wp:featuredmedia":[{"embeddable":true,"href":"https:\/\/www.lebens-qi.at\/qishop\/wp-json\/wp\/v2\/media\/4803"}],"wp:attachment":[{"href":"https:\/\/www.lebens-qi.at\/qishop\/wp-json\/wp\/v2\/media?parent=4804"}],"wp:term":[{"taxonomy":"pwb-brand","embeddable":true,"href":"https:\/\/www.lebens-qi.at\/qishop\/wp-json\/wp\/v2\/pwb-brand?post=4804"},{"taxonomy":"product_brand","embeddable":true,"href":"https:\/\/www.lebens-qi.at\/qishop\/wp-json\/wp\/v2\/product_brand?post=4804"},{"taxonomy":"product_cat","embeddable":true,"href":"https:\/\/www.lebens-qi.at\/qishop\/wp-json\/wp\/v2\/product_cat?post=4804"},{"taxonomy":"product_tag","embeddable":true,"href":"https:\/\/www.lebens-qi.at\/qishop\/wp-json\/wp\/v2\/product_tag?post=4804"}],"curies":[{"name":"wp","href":"https:\/\/api.w.org\/{rel}","templated":true}]}}