{"id":4808,"date":"2024-03-11T18:43:08","date_gmt":"2024-03-11T17:43:08","guid":{"rendered":"https:\/\/www.lebens-qi.at\/qishop\/produkt\/heilsames-raeuchern\/"},"modified":"2024-12-12T12:48:14","modified_gmt":"2024-12-12T11:48:14","slug":"heilsames-raeuchern","status":"publish","type":"product","link":"https:\/\/www.lebens-qi.at\/qishop\/produkt\/heilsames-raeuchern\/","title":{"rendered":"Heilsames R\u00e4uchern"},"content":{"rendered":"<p><b>Heilsames R\u00e4uchern<\/b><br \/>\nBalsam f\u00fcr die Seele &#8211; Mit heimischen Kr\u00e4utern, Harzen und H\u00f6lzern<br \/>\n<em>von Katja Peters<\/em><\/p>\n<p><b>Das R\u00e4uchern mit verschiedenen Kr\u00e4utern. H\u00f6lzern und Harzen ist eine alte Kulturtradition, die sich heute wieder gro\u00dfer Beliebtheit erfreut. <\/b>Sei es wegen der reinigenden, magischen und geheimnisvollen Wirkung der D\u00fcfte, sei es als Begleitung zur meditativen Entschleunigung, als erdender Gegenpol zum hektischen Alltag, zur Harmonisierung der Seele, zur Inspiration oder einfach aus Begeisterung f\u00fcr die Heilkr\u00e4fte der Natur oder als R\u00fcckbesinnung auf Zeremonien und die Rituale alter V\u00f6lker.<\/p>\n<p>Katja Peters widmet sich seit mehr als 20 Jahren dem Bewahren alten Wissens rund um unsere heimische Pflanzenwelt und den Anwendungen und Wirkungen von R\u00e4ucherritualen. Die anerkannte Expertin f\u00fchrt Sie in die wundervolle Welt des R\u00e4ucherns ein. In <b>35 Portr\u00e4ts stellt sie heimische Pflanzen, Kr\u00e4uter, Harze und H\u00f6lzer vor <\/b>mit einer Anleitung zu welchem Zweck, wann und wie sie richtig gesammelt, verarbeitet und aufbewahrt werden. Viele wundersch\u00f6ne Fotos machen dieses R\u00e4ucherhandbuch zu einem inspirierenden Buch, das man immer wieder gerne in die Hand nimmt. Lassen Sie etwas Magie in Ihren Alltag.<\/p>\n<p>R\u00e4uchern ist eine nat\u00fcrliche Kraftquelle f\u00fcr Menschen, Tiere und R\u00e4ume und bringt &#8211; je nach Mischung und Ritual &#8211; Klarheit, Leichtigkeit, Harmonie, Erkenntnis, Mut, Entspannung oder Schutz. R\u00e4uchern ber\u00fchrt unsere Sinne und ist Balsam f\u00fcr die Seele. Das Buch ist f\u00fcr R\u00e4ucher-Anf\u00e4nger*innen geeignet, weil es einen guten \u00dcberblick gibt, aber auch ein R\u00e4ucher-Profi wird hier viel Neues erfahren. Heilsames R\u00e4uchern&#8220; ist das perfekte Geschenk f\u00fcr alle, die ihr Leben um eine wohltuende, bereichernde und positive Dimension erweitern m\u00f6chten!&#8220;<\/p>\n","protected":false},"excerpt":{"rendered":"<p>Balsam f\u00fcr die Seele &#8211; Mit heimischen Kr\u00e4utern, Harzen und H\u00f6lzern<\/p>\n","protected":false},"featured_media":7692,"comment_status":"open","ping_status":"closed","template":"","meta":{"_links_to":"","_links_to_target":""},"pwb-brand":[1541],"product_brand":[],"product_cat":[1654,807],"product_tag":[580,906,907,1542,306,466,178,905],"class_list":{"0":"post-4808","1":"product","2":"type-product","3":"status-publish","4":"has-post-thumbnail","6":"pwb-brand-heel-verlag","7":"product_cat-raeucherbuecher","8":"product_cat-raeuchern","9":"product_tag-buch","10":"product_tag-harze","11":"product_tag-hoelzer","12":"product_tag-katja-peters","13":"product_tag-kraeuter","14":"product_tag-raeuchern","15":"product_tag-seele","16":"product_tag-wirkung","18":"first","19":"instock","20":"taxable","21":"shipping-taxable","22":"purchasable","23":"product-type-simple"},"blog_post_layout_featured_media_urls":{"thumbnail":["https:\/\/www.lebens-qi.at\/qishop\/wp-content\/uploads\/heilsames-raeuchern-9783966643740-X-150x150.jpg",150,150,true],"full":["https:\/\/www.lebens-qi.at\/qishop\/wp-content\/uploads\/heilsames-raeuchern-9783966643740-X.jpg",611,611,false]},"categories":["1541"],"categories_names":{"1541":{"name":"Heel Verlag","link":"https:\/\/www.lebens-qi.at\/qishop\/brand\/heel-verlag\/"}},"comments_number":"0","brands":[{"id":1541,"name":"Heel Verlag","slug":"heel-verlag"}],"_links":{"self":[{"href":"https:\/\/www.lebens-qi.at\/qishop\/wp-json\/wp\/v2\/product\/4808","targetHints":{"allow":["GET"]}}],"collection":[{"href":"https:\/\/www.lebens-qi.at\/qishop\/wp-json\/wp\/v2\/product"}],"about":[{"href":"https:\/\/www.lebens-qi.at\/qishop\/wp-json\/wp\/v2\/types\/product"}],"replies":[{"embeddable":true,"href":"https:\/\/www.lebens-qi.at\/qishop\/wp-json\/wp\/v2\/comments?post=4808"}],"wp:featuredmedia":[{"embeddable":true,"href":"https:\/\/www.lebens-qi.at\/qishop\/wp-json\/wp\/v2\/media\/7692"}],"wp:attachment":[{"href":"https:\/\/www.lebens-qi.at\/qishop\/wp-json\/wp\/v2\/media?parent=4808"}],"wp:term":[{"taxonomy":"pwb-brand","embeddable":true,"href":"https:\/\/www.lebens-qi.at\/qishop\/wp-json\/wp\/v2\/pwb-brand?post=4808"},{"taxonomy":"product_brand","embeddable":true,"href":"https:\/\/www.lebens-qi.at\/qishop\/wp-json\/wp\/v2\/product_brand?post=4808"},{"taxonomy":"product_cat","embeddable":true,"href":"https:\/\/www.lebens-qi.at\/qishop\/wp-json\/wp\/v2\/product_cat?post=4808"},{"taxonomy":"product_tag","embeddable":true,"href":"https:\/\/www.lebens-qi.at\/qishop\/wp-json\/wp\/v2\/product_tag?post=4808"}],"curies":[{"name":"wp","href":"https:\/\/api.w.org\/{rel}","templated":true}]}}